{"id":3071,"date":"2023-11-24T21:31:44","date_gmt":"2023-11-25T03:31:44","guid":{"rendered":"https:\/\/at2e-usa.com\/carrito\/"},"modified":"2024-03-01T06:54:42","modified_gmt":"2024-03-01T12:54:42","slug":"carrito","status":"publish","type":"page","link":"https:\/\/at2e-usa.com\/es\/carrito\/","title":{"rendered":"Carrito"},"content":{"rendered":"\n<div data-block-name=\"woocommerce\/cart\" class=\"wp-block-woocommerce-cart alignwide is-loading\">\n<div data-block-name=\"woocommerce\/filled-cart-block\" class=\"wp-block-woocommerce-filled-cart-block\">\n<div data-block-name=\"woocommerce\/cart-items-block\" class=\"wp-block-woocommerce-cart-items-block\">\n<div data-block-name=\"woocommerce\/cart-line-items-block\" class=\"wp-block-woocommerce-cart-line-items-block\"><\/div>\n\n\n\n<div data-block-name=\"woocommerce\/cart-cross-sells-block\" class=\"wp-block-woocommerce-cart-cross-sells-block\">\n<h2 class=\"wp-block-heading has-large-font-size\">You may be interested in\u2026<\/h2>\n\n\n\n<div data-block-name=\"woocommerce\/cart-cross-sells-products-block\" class=\"wp-block-woocommerce-cart-cross-sells-products-block\"><\/div>\n<\/div>\n<\/div>\n\n\n\n<div data-block-name=\"woocommerce\/cart-totals-block\" class=\"wp-block-woocommerce-cart-totals-block\">\n<div data-block-name=\"woocommerce\/cart-order-summary-block\" class=\"wp-block-woocommerce-cart-order-summary-block\">\n<div data-block-name=\"woocommerce\/cart-order-summary-heading-block\" class=\"wp-block-woocommerce-cart-order-summary-heading-block\"><\/div><div data-block-name=\"woocommerce\/cart-order-summary-coupon-form-block\" class=\"wp-block-woocommerce-cart-order-summary-coupon-form-block\"><\/div><div data-block-name=\"woocommerce\/cart-order-summary-totals-block\" class=\"wp-block-woocommerce-cart-order-summary-totals-block\">\n<div data-block-name=\"woocommerce\/cart-order-summary-subtotal-block\" class=\"wp-block-woocommerce-cart-order-summary-subtotal-block\"><\/div>\n<div data-block-name=\"woocommerce\/cart-order-summary-discount-block\" class=\"wp-block-woocommerce-cart-order-summary-discount-block\"><\/div>\n<div data-block-name=\"woocommerce\/cart-order-summary-fee-block\" class=\"wp-block-woocommerce-cart-order-summary-fee-block\"><\/div>\n<div data-block-name=\"woocommerce\/cart-order-summary-shipping-block\" class=\"wp-block-woocommerce-cart-order-summary-shipping-block\"><\/div>\n<div data-block-name=\"woocommerce\/cart-order-summary-taxes-block\" class=\"wp-block-woocommerce-cart-order-summary-taxes-block\"><\/div><\/div>\n<\/div>\n\n\n\n<div data-block-name=\"woocommerce\/cart-express-payment-block\" class=\"wp-block-woocommerce-cart-express-payment-block\"><\/div>\n\n\n\n<div data-block-name=\"woocommerce\/proceed-to-checkout-block\" class=\"wp-block-woocommerce-proceed-to-checkout-block\"><\/div>\n\n\n\n<div data-block-name=\"woocommerce\/cart-accepted-payment-methods-block\" class=\"wp-block-woocommerce-cart-accepted-payment-methods-block\"><\/div>\n<\/div>\n<\/div>\n\n\n\n<div data-block-name=\"woocommerce\/empty-cart-block\" class=\"wp-block-woocommerce-empty-cart-block\">\n<h2 class=\"wp-block-heading has-text-align-center with-empty-cart-icon wc-block-cart__empty-cart__title\">Your cart is currently empty!<\/h2>\n\n\n\n<hr class=\"wp-block-separator has-alpha-channel-opacity is-style-dots\"\/>\n\n\n\n<h2 class=\"wp-block-heading has-text-align-center\">New in store<\/h2>\n\n\n<div data-block-name=\"woocommerce\/product-new\" data-columns=\"4\" data-rows=\"1\" class=\"wc-block-grid wp-block-product-new wp-block-woocommerce-product-new wc-block-product-new has-4-columns\"><ul class=\"wc-block-grid__products\"><li class=\"wc-block-grid__product\">\n\t\t\t\t<a href=\"https:\/\/at2e-usa.com\/es\/producto\/replacement-wires-for-section-cutter-sidel-bottle-cutter\/\" class=\"wc-block-grid__product-link\">\n\t\t\t\t\t\n\t\t\t\t\t<div class=\"wc-block-grid__product-image\"><img fetchpriority=\"high\" decoding=\"async\" width=\"600\" height=\"600\" src=\"https:\/\/at2e-usa.com\/wp-content\/uploads\/2025\/11\/1-600x600.jpg\" class=\"attachment-woocommerce_thumbnail size-woocommerce_thumbnail\" alt=\"Replacement Wires for Section Cutter \/ Sidel Bottle Cutter\" srcset=\"https:\/\/at2e-usa.com\/wp-content\/uploads\/2025\/11\/1-600x600.jpg 600w, https:\/\/at2e-usa.com\/wp-content\/uploads\/2025\/11\/1-300x300.jpg 300w, https:\/\/at2e-usa.com\/wp-content\/uploads\/2025\/11\/1-1024x1024.jpg 1024w, https:\/\/at2e-usa.com\/wp-content\/uploads\/2025\/11\/1-150x150.jpg 150w, https:\/\/at2e-usa.com\/wp-content\/uploads\/2025\/11\/1-768x768.jpg 768w, https:\/\/at2e-usa.com\/wp-content\/uploads\/2025\/11\/1-100x100.jpg 100w, https:\/\/at2e-usa.com\/wp-content\/uploads\/2025\/11\/1.jpg 1536w\" sizes=\"(max-width: 600px) 100vw, 600px\" title=\"\"><\/div>\n\t\t\t\t\t<div class=\"wc-block-grid__product-title\">Replacement Wires for Section Cutter \/ Sidel Bottle Cutter<\/div>\n\t\t\t\t<\/a>\n\t\t\t\t<div class=\"wc-block-grid__product-price price\"><\/div>\n\t\t\t\t\n\t\t\t\t<div class=\"wp-block-button wc-block-grid__product-add-to-cart\"><a href=\"https:\/\/at2e-usa.com\/es\/producto\/replacement-wires-for-section-cutter-sidel-bottle-cutter\/\" aria-label=\"Lee m\u00e1s sobre &ldquo;Replacement Wires for Section Cutter \/ Sidel Bottle Cutter&rdquo;\" data-quantity=\"1\" data-product_id=\"10748\" data-product_sku=\"\" data-price=\"0\" rel=\"nofollow\" class=\"wp-block-button__link  add_to_cart_button\">Leer m\u00e1s<\/a><\/div>\n\t\t\t<\/li><li class=\"wc-block-grid__product\">\n\t\t\t\t<a href=\"https:\/\/at2e-usa.com\/es\/producto\/ad-2-desgasificador-automatico-modelo-ultrasonico\/\" class=\"wc-block-grid__product-link\">\n\t\t\t\t\t\n\t\t\t\t\t<div class=\"wc-block-grid__product-image\"><img decoding=\"async\" width=\"600\" height=\"600\" src=\"https:\/\/at2e-usa.com\/wp-content\/uploads\/2024\/12\/AD-2_2-600x600.jpg\" class=\"attachment-woocommerce_thumbnail size-woocommerce_thumbnail\" alt=\"AD-2 Desgasificador Autom\u00e1tico (Modelo Ultras\u00f3nico)\" srcset=\"https:\/\/at2e-usa.com\/wp-content\/uploads\/2024\/12\/AD-2_2-600x600.jpg 600w, https:\/\/at2e-usa.com\/wp-content\/uploads\/2024\/12\/AD-2_2-150x150.jpg 150w, https:\/\/at2e-usa.com\/wp-content\/uploads\/2024\/12\/AD-2_2-100x100.jpg 100w\" sizes=\"(max-width: 600px) 100vw, 600px\" title=\"\"><\/div>\n\t\t\t\t\t<div class=\"wc-block-grid__product-title\">AD-2 Desgasificador Autom\u00e1tico (Modelo Ultras\u00f3nico)<\/div>\n\t\t\t\t<\/a>\n\t\t\t\t<div class=\"wc-block-grid__product-price price\"><\/div>\n\t\t\t\t\n\t\t\t\t<div class=\"wp-block-button wc-block-grid__product-add-to-cart\"><a href=\"https:\/\/at2e-usa.com\/es\/producto\/ad-2-desgasificador-automatico-modelo-ultrasonico\/\" aria-label=\"Lee m\u00e1s sobre &ldquo;AD-2 Desgasificador Autom\u00e1tico (Modelo Ultras\u00f3nico)&rdquo;\" data-quantity=\"1\" data-product_id=\"10561\" data-product_sku=\"CO2EASY-D-011-1-1-1\" data-price=\"0\" rel=\"nofollow\" class=\"wp-block-button__link  add_to_cart_button\">Leer m\u00e1s<\/a><\/div>\n\t\t\t<\/li><li class=\"wc-block-grid__product\">\n\t\t\t\t<a href=\"https:\/\/at2e-usa.com\/es\/producto\/https-at2e-usa-com-es-ad-1-automatic-degasser-previewtrue\/\" class=\"wc-block-grid__product-link\">\n\t\t\t\t\t\n\t\t\t\t\t<div class=\"wc-block-grid__product-image\"><img decoding=\"async\" width=\"600\" height=\"600\" src=\"https:\/\/at2e-usa.com\/wp-content\/uploads\/2024\/12\/AD-1-20221115-600x600.jpg\" class=\"attachment-woocommerce_thumbnail size-woocommerce_thumbnail\" alt=\"AD-1 Desgasificador Autom\u00e1tico (Modelo con Agitador)\" srcset=\"https:\/\/at2e-usa.com\/wp-content\/uploads\/2024\/12\/AD-1-20221115-600x600.jpg 600w, https:\/\/at2e-usa.com\/wp-content\/uploads\/2024\/12\/AD-1-20221115-150x150.jpg 150w, https:\/\/at2e-usa.com\/wp-content\/uploads\/2024\/12\/AD-1-20221115-100x100.jpg 100w\" sizes=\"(max-width: 600px) 100vw, 600px\" title=\"\"><\/div>\n\t\t\t\t\t<div class=\"wc-block-grid__product-title\">AD-1 Desgasificador Autom\u00e1tico (Modelo con Agitador)<\/div>\n\t\t\t\t<\/a>\n\t\t\t\t<div class=\"wc-block-grid__product-price price\"><\/div>\n\t\t\t\t\n\t\t\t\t<div class=\"wp-block-button wc-block-grid__product-add-to-cart\"><a href=\"https:\/\/at2e-usa.com\/es\/producto\/https-at2e-usa-com-es-ad-1-automatic-degasser-previewtrue\/\" aria-label=\"Lee m\u00e1s sobre &ldquo;AD-1 Desgasificador Autom\u00e1tico (Modelo con Agitador)&rdquo;\" data-quantity=\"1\" data-product_id=\"10549\" data-product_sku=\"CO2EASY-D-011-1-1\" data-price=\"0\" rel=\"nofollow\" class=\"wp-block-button__link  add_to_cart_button\">Leer m\u00e1s<\/a><\/div>\n\t\t\t<\/li><li class=\"wc-block-grid__product\">\n\t\t\t\t<a href=\"https:\/\/at2e-usa.com\/es\/producto\/mcg-1-medidor-de-holgura-de-boca-de-botellas\/\" class=\"wc-block-grid__product-link\">\n\t\t\t\t\t\n\t\t\t\t\t<div class=\"wc-block-grid__product-image\"><img loading=\"lazy\" decoding=\"async\" width=\"600\" height=\"600\" src=\"https:\/\/at2e-usa.com\/wp-content\/uploads\/2024\/09\/MCG-main-600x600.jpg\" class=\"attachment-woocommerce_thumbnail size-woocommerce_thumbnail\" alt=\"MCG-1 Medidor de Holgura De Boca de Botellas\" srcset=\"https:\/\/at2e-usa.com\/wp-content\/uploads\/2024\/09\/MCG-main-600x600.jpg 600w, https:\/\/at2e-usa.com\/wp-content\/uploads\/2024\/09\/MCG-main-150x150.jpg 150w, https:\/\/at2e-usa.com\/wp-content\/uploads\/2024\/09\/MCG-main-100x100.jpg 100w\" sizes=\"(max-width: 600px) 100vw, 600px\" title=\"\"><\/div>\n\t\t\t\t\t<div class=\"wc-block-grid__product-title\">MCG-1 Medidor de Holgura De Boca de Botellas<\/div>\n\t\t\t\t<\/a>\n\t\t\t\t<div class=\"wc-block-grid__product-price price\"><\/div>\n\t\t\t\t\n\t\t\t\t<div class=\"wp-block-button wc-block-grid__product-add-to-cart\"><a href=\"https:\/\/at2e-usa.com\/es\/producto\/mcg-1-medidor-de-holgura-de-boca-de-botellas\/\" aria-label=\"Lee m\u00e1s sobre &ldquo;MCG-1 Medidor de Holgura De Boca de Botellas&rdquo;\" data-quantity=\"1\" data-product_id=\"10004\" data-product_sku=\"UBPT-1-1S-UNIVERSAL-BOTTLE-TESTER-1\" data-price=\"0\" rel=\"nofollow\" class=\"wp-block-button__link  add_to_cart_button\">Leer m\u00e1s<\/a><\/div>\n\t\t\t<\/li><\/ul><\/div><\/div>\n<\/div>\n","protected":false},"excerpt":{"rendered":"","protected":false},"author":1,"featured_media":0,"parent":0,"menu_order":0,"comment_status":"closed","ping_status":"closed","template":"","meta":{"footnotes":""},"class_list":["post-3071","page","type-page","status-publish","hentry"],"_links":{"self":[{"href":"https:\/\/at2e-usa.com\/es\/wp-json\/wp\/v2\/pages\/3071","targetHints":{"allow":["GET"]}}],"collection":[{"href":"https:\/\/at2e-usa.com\/es\/wp-json\/wp\/v2\/pages"}],"about":[{"href":"https:\/\/at2e-usa.com\/es\/wp-json\/wp\/v2\/types\/page"}],"author":[{"embeddable":true,"href":"https:\/\/at2e-usa.com\/es\/wp-json\/wp\/v2\/users\/1"}],"replies":[{"embeddable":true,"href":"https:\/\/at2e-usa.com\/es\/wp-json\/wp\/v2\/comments?post=3071"}],"version-history":[{"count":0,"href":"https:\/\/at2e-usa.com\/es\/wp-json\/wp\/v2\/pages\/3071\/revisions"}],"wp:attachment":[{"href":"https:\/\/at2e-usa.com\/es\/wp-json\/wp\/v2\/media?parent=3071"}],"curies":[{"name":"wp","href":"https:\/\/api.w.org\/{rel}","templated":true}]}}