{"id":5222,"date":"2024-03-15T07:42:40","date_gmt":"2024-03-15T12:42:40","guid":{"rendered":"https:\/\/at2e-usa.com\/?page_id=5222"},"modified":"2024-05-16T09:28:15","modified_gmt":"2024-05-16T14:28:15","slug":"nuestros-clientes","status":"publish","type":"page","link":"https:\/\/at2e-usa.com\/es\/nuestros-clientes\/","title":{"rendered":"Nuestros clientes"},"content":{"rendered":"\t\t<div data-elementor-type=\"wp-page\" data-elementor-id=\"5222\" class=\"elementor elementor-5222 elementor-4357\" data-elementor-post-type=\"page\">\n\t\t\t\t<div class=\"elementor-element elementor-element-c407e52 e-flex e-con-boxed e-con e-parent\" data-id=\"c407e52\" data-element_type=\"container\">\n\t\t\t\t\t<div class=\"e-con-inner\">\n\t\t\t\t<div class=\"elementor-element elementor-element-651326f elementor-widget elementor-widget-text-editor\" data-id=\"651326f\" data-element_type=\"widget\" data-widget_type=\"text-editor.default\">\n\t\t\t\t\t\t\t\t\tBienvenido a AT2E-USA, donde nos enorgullecemos de potenciar las industrias a trav\u00e9s de precisi\u00f3n y confiabilidad. Nuestro viaje ha estado marcado por asociaciones con empresas visionarias de los sectores farmac\u00e9utico, cosm\u00e9tico, qu\u00edmico, alimentario y de embalaje. A continuaci\u00f3n, mostramos a los estimados clientes que han confiado en nosotros para mejorar sus procesos de control de calidad, lo que refleja nuestro compromiso inquebrantable con la excelencia y la innovaci\u00f3n.\t\t\t\t\t\t\t\t<\/div>\n\t\t\t\t<div class=\"elementor-element elementor-element-f9fcdaa elementor-widget elementor-widget-heading\" data-id=\"f9fcdaa\" data-element_type=\"widget\" data-widget_type=\"heading.default\">\n\t\t\t\t\t<h1 class=\"elementor-heading-title elementor-size-default\">Confiado por l\u00edderes de la industria<\/h1>\t\t\t\t<\/div>\n\t\t\t\t<div class=\"elementor-element elementor-element-002c399 elementor-widget elementor-widget-text-editor\" data-id=\"002c399\" data-element_type=\"widget\" data-widget_type=\"text-editor.default\">\n\t\t\t\t\t\t\t\t\tNuestra clientela incluye empresas l\u00edderes en la industria que han establecido est\u00e1ndares en sus respectivos campos. Desde gigantes farmac\u00e9uticos globales hasta marcas de cosm\u00e9ticos de renombre, nuestras soluciones de control de calidad son fundamentales para su \u00e9xito operativo. AT2E-USA es m\u00e1s que un proveedor; Somos un socio estrat\u00e9gico para garantizar la integridad del producto y la seguridad del consumidor.\t\t\t\t\t\t\t\t<\/div>\n\t\t\t\t<div class=\"elementor-element elementor-element-8d02963 elementor-widget elementor-widget-image-gallery\" data-id=\"8d02963\" data-element_type=\"widget\" data-widget_type=\"image-gallery.default\">\n\t\t\t\t\t\t\t<div class=\"elementor-image-gallery\">\n\t\t\t<div id='gallery-1' class='gallery galleryid-5222 gallery-columns-4 gallery-size-thumbnail'><figure class='gallery-item'>\n\t\t\t<div class='gallery-icon landscape'>\n\t\t\t\t<img decoding=\"async\" width=\"150\" height=\"150\" src=\"https:\/\/at2e-usa.com\/wp-content\/uploads\/2023\/12\/client-google-logo-150x150.webp\" class=\"attachment-thumbnail size-thumbnail\" alt=\"client google logo\" aria-describedby=\"gallery-1-2494\" srcset=\"https:\/\/at2e-usa.com\/wp-content\/uploads\/2023\/12\/client-google-logo-150x150.webp 150w, https:\/\/at2e-usa.com\/wp-content\/uploads\/2023\/12\/client-google-logo-100x100.webp 100w, https:\/\/at2e-usa.com\/wp-content\/uploads\/2023\/12\/client-google-logo-12x12.webp 12w, https:\/\/at2e-usa.com\/wp-content\/uploads\/2023\/12\/client-google-logo.webp 300w\" sizes=\"(max-width: 150px) 100vw, 150px\" title=\"\">\n\t\t\t<\/div>\n\t\t\t\t<figcaption class='wp-caption-text gallery-caption' id='gallery-1-2494'>\n\t\t\t\tclient google logo\n\t\t\t\t<\/figcaption><\/figure><figure class='gallery-item'>\n\t\t\t<div class='gallery-icon landscape'>\n\t\t\t\t<img decoding=\"async\" width=\"150\" height=\"150\" src=\"https:\/\/at2e-usa.com\/wp-content\/uploads\/2023\/12\/client__0000_Pfizer-Logo-150x150.webp\" class=\"attachment-thumbnail size-thumbnail\" alt=\"client 0000 Pfizer Logo\" aria-describedby=\"gallery-1-2493\" srcset=\"https:\/\/at2e-usa.com\/wp-content\/uploads\/2023\/12\/client__0000_Pfizer-Logo-150x150.webp 150w, https:\/\/at2e-usa.com\/wp-content\/uploads\/2023\/12\/client__0000_Pfizer-Logo-100x100.webp 100w, https:\/\/at2e-usa.com\/wp-content\/uploads\/2023\/12\/client__0000_Pfizer-Logo-12x12.webp 12w, https:\/\/at2e-usa.com\/wp-content\/uploads\/2023\/12\/client__0000_Pfizer-Logo.webp 300w\" sizes=\"(max-width: 150px) 100vw, 150px\" title=\"\">\n\t\t\t<\/div>\n\t\t\t\t<figcaption class='wp-caption-text gallery-caption' id='gallery-1-2493'>\n\t\t\t\tclient 0000 Pfizer Logo\n\t\t\t\t<\/figcaption><\/figure><figure class='gallery-item'>\n\t\t\t<div class='gallery-icon landscape'>\n\t\t\t\t<img decoding=\"async\" width=\"150\" height=\"150\" src=\"https:\/\/at2e-usa.com\/wp-content\/uploads\/2023\/12\/client__0001_LOreal-Logo-150x150.webp\" class=\"attachment-thumbnail size-thumbnail\" alt=\"client 0001 LOreal Logo\" aria-describedby=\"gallery-1-2492\" srcset=\"https:\/\/at2e-usa.com\/wp-content\/uploads\/2023\/12\/client__0001_LOreal-Logo-150x150.webp 150w, https:\/\/at2e-usa.com\/wp-content\/uploads\/2023\/12\/client__0001_LOreal-Logo-100x100.webp 100w, https:\/\/at2e-usa.com\/wp-content\/uploads\/2023\/12\/client__0001_LOreal-Logo-12x12.webp 12w, https:\/\/at2e-usa.com\/wp-content\/uploads\/2023\/12\/client__0001_LOreal-Logo.webp 300w\" sizes=\"(max-width: 150px) 100vw, 150px\" title=\"\">\n\t\t\t<\/div>\n\t\t\t\t<figcaption class='wp-caption-text gallery-caption' id='gallery-1-2492'>\n\t\t\t\tclient 0001 LOreal Logo\n\t\t\t\t<\/figcaption><\/figure><figure class='gallery-item'>\n\t\t\t<div class='gallery-icon landscape'>\n\t\t\t\t<img loading=\"lazy\" decoding=\"async\" width=\"150\" height=\"150\" src=\"https:\/\/at2e-usa.com\/wp-content\/uploads\/2023\/12\/client__0004_pngwing.com_-150x150.webp\" class=\"attachment-thumbnail size-thumbnail\" alt=\"Coca Cola Logo\" aria-describedby=\"gallery-1-2490\" srcset=\"https:\/\/at2e-usa.com\/wp-content\/uploads\/2023\/12\/client__0004_pngwing.com_-150x150.webp 150w, https:\/\/at2e-usa.com\/wp-content\/uploads\/2023\/12\/client__0004_pngwing.com_-100x100.webp 100w, https:\/\/at2e-usa.com\/wp-content\/uploads\/2023\/12\/client__0004_pngwing.com_-12x12.webp 12w, https:\/\/at2e-usa.com\/wp-content\/uploads\/2023\/12\/client__0004_pngwing.com_.webp 300w\" sizes=\"(max-width: 150px) 100vw, 150px\" title=\"\">\n\t\t\t<\/div>\n\t\t\t\t<figcaption class='wp-caption-text gallery-caption' id='gallery-1-2490'>\n\t\t\t\tclient 0004 pngwing.com\n\t\t\t\t<\/figcaption><\/figure><figure class='gallery-item'>\n\t\t\t<div class='gallery-icon landscape'>\n\t\t\t\t<img loading=\"lazy\" decoding=\"async\" width=\"150\" height=\"150\" src=\"https:\/\/at2e-usa.com\/wp-content\/uploads\/2023\/12\/client__0005_Nestle-Logo-150x150.webp\" class=\"attachment-thumbnail size-thumbnail\" alt=\"client 0005 Nestle Logo\" aria-describedby=\"gallery-1-2489\" srcset=\"https:\/\/at2e-usa.com\/wp-content\/uploads\/2023\/12\/client__0005_Nestle-Logo-150x150.webp 150w, https:\/\/at2e-usa.com\/wp-content\/uploads\/2023\/12\/client__0005_Nestle-Logo-100x100.webp 100w, https:\/\/at2e-usa.com\/wp-content\/uploads\/2023\/12\/client__0005_Nestle-Logo-12x12.webp 12w, https:\/\/at2e-usa.com\/wp-content\/uploads\/2023\/12\/client__0005_Nestle-Logo.webp 300w\" sizes=\"(max-width: 150px) 100vw, 150px\" title=\"\">\n\t\t\t<\/div>\n\t\t\t\t<figcaption class='wp-caption-text gallery-caption' id='gallery-1-2489'>\n\t\t\t\tclient 0005 Nestle Logo\n\t\t\t\t<\/figcaption><\/figure><figure class='gallery-item'>\n\t\t\t<div class='gallery-icon landscape'>\n\t\t\t\t<img loading=\"lazy\" decoding=\"async\" width=\"150\" height=\"150\" src=\"https:\/\/at2e-usa.com\/wp-content\/uploads\/2024\/03\/ambev-150x150.jpg\" class=\"attachment-thumbnail size-thumbnail\" alt=\"\" srcset=\"https:\/\/at2e-usa.com\/wp-content\/uploads\/2024\/03\/ambev-150x150.jpg 150w, https:\/\/at2e-usa.com\/wp-content\/uploads\/2024\/03\/ambev-100x100.jpg 100w, https:\/\/at2e-usa.com\/wp-content\/uploads\/2024\/03\/ambev.jpg 300w\" sizes=\"(max-width: 150px) 100vw, 150px\" title=\"\">\n\t\t\t<\/div><\/figure><figure class='gallery-item'>\n\t\t\t<div class='gallery-icon landscape'>\n\t\t\t\t<img loading=\"lazy\" decoding=\"async\" width=\"150\" height=\"150\" src=\"https:\/\/at2e-usa.com\/wp-content\/uploads\/2024\/03\/cargil-150x150.jpg\" class=\"attachment-thumbnail size-thumbnail\" alt=\"\" srcset=\"https:\/\/at2e-usa.com\/wp-content\/uploads\/2024\/03\/cargil-150x150.jpg 150w, https:\/\/at2e-usa.com\/wp-content\/uploads\/2024\/03\/cargil-100x100.jpg 100w, https:\/\/at2e-usa.com\/wp-content\/uploads\/2024\/03\/cargil.jpg 300w\" sizes=\"(max-width: 150px) 100vw, 150px\" title=\"\">\n\t\t\t<\/div><\/figure><figure class='gallery-item'>\n\t\t\t<div class='gallery-icon landscape'>\n\t\t\t\t<img loading=\"lazy\" decoding=\"async\" width=\"150\" height=\"150\" src=\"https:\/\/at2e-usa.com\/wp-content\/uploads\/2024\/03\/kellogs-150x150.jpg\" class=\"attachment-thumbnail size-thumbnail\" alt=\"\" srcset=\"https:\/\/at2e-usa.com\/wp-content\/uploads\/2024\/03\/kellogs-150x150.jpg 150w, https:\/\/at2e-usa.com\/wp-content\/uploads\/2024\/03\/kellogs-100x100.jpg 100w, https:\/\/at2e-usa.com\/wp-content\/uploads\/2024\/03\/kellogs.jpg 300w\" sizes=\"(max-width: 150px) 100vw, 150px\" title=\"\">\n\t\t\t<\/div><\/figure><figure class='gallery-item'>\n\t\t\t<div class='gallery-icon landscape'>\n\t\t\t\t<img loading=\"lazy\" decoding=\"async\" width=\"150\" height=\"150\" src=\"https:\/\/at2e-usa.com\/wp-content\/uploads\/2024\/03\/minalba-150x150.jpg\" class=\"attachment-thumbnail size-thumbnail\" alt=\"\" srcset=\"https:\/\/at2e-usa.com\/wp-content\/uploads\/2024\/03\/minalba-150x150.jpg 150w, https:\/\/at2e-usa.com\/wp-content\/uploads\/2024\/03\/minalba-100x100.jpg 100w, https:\/\/at2e-usa.com\/wp-content\/uploads\/2024\/03\/minalba.jpg 300w\" sizes=\"(max-width: 150px) 100vw, 150px\" title=\"\">\n\t\t\t<\/div><\/figure><figure class='gallery-item'>\n\t\t\t<div class='gallery-icon landscape'>\n\t\t\t\t<img loading=\"lazy\" decoding=\"async\" width=\"150\" height=\"150\" src=\"https:\/\/at2e-usa.com\/wp-content\/uploads\/2024\/03\/Senai-150x150.jpg\" class=\"attachment-thumbnail size-thumbnail\" alt=\"\" srcset=\"https:\/\/at2e-usa.com\/wp-content\/uploads\/2024\/03\/Senai-150x150.jpg 150w, https:\/\/at2e-usa.com\/wp-content\/uploads\/2024\/03\/Senai-100x100.jpg 100w, https:\/\/at2e-usa.com\/wp-content\/uploads\/2024\/03\/Senai.jpg 300w\" sizes=\"(max-width: 150px) 100vw, 150px\" title=\"\">\n\t\t\t<\/div><\/figure><figure class='gallery-item'>\n\t\t\t<div class='gallery-icon landscape'>\n\t\t\t\t<img loading=\"lazy\" decoding=\"async\" width=\"150\" height=\"150\" src=\"https:\/\/at2e-usa.com\/wp-content\/uploads\/2024\/03\/gallo-150x150.png\" class=\"attachment-thumbnail size-thumbnail\" alt=\"\" srcset=\"https:\/\/at2e-usa.com\/wp-content\/uploads\/2024\/03\/gallo-150x150.png 150w, https:\/\/at2e-usa.com\/wp-content\/uploads\/2024\/03\/gallo-100x100.png 100w, https:\/\/at2e-usa.com\/wp-content\/uploads\/2024\/03\/gallo.png 300w\" sizes=\"(max-width: 150px) 100vw, 150px\" title=\"\">\n\t\t\t<\/div><\/figure><figure class='gallery-item'>\n\t\t\t<div class='gallery-icon landscape'>\n\t\t\t\t<img loading=\"lazy\" decoding=\"async\" width=\"150\" height=\"150\" src=\"https:\/\/at2e-usa.com\/wp-content\/uploads\/2024\/03\/tuv-sud-150x150.jpg\" class=\"attachment-thumbnail size-thumbnail\" alt=\"\" srcset=\"https:\/\/at2e-usa.com\/wp-content\/uploads\/2024\/03\/tuv-sud-150x150.jpg 150w, https:\/\/at2e-usa.com\/wp-content\/uploads\/2024\/03\/tuv-sud-100x100.jpg 100w, https:\/\/at2e-usa.com\/wp-content\/uploads\/2024\/03\/tuv-sud.jpg 300w\" sizes=\"(max-width: 150px) 100vw, 150px\" title=\"\">\n\t\t\t<\/div><\/figure>\n\t\t<\/div>\n\t\t<\/div>\n\t\t\t\t\t\t<\/div>\n\t\t\t\t<div class=\"elementor-element elementor-element-7d5b568 elementor-widget elementor-widget-heading\" data-id=\"7d5b568\" data-element_type=\"widget\" data-widget_type=\"heading.default\">\n\t\t\t\t\t<h2 class=\"elementor-heading-title elementor-size-default\">Compromiso con la Calidad y la Innovaci\u00f3n<\/h2>\t\t\t\t<\/div>\n\t\t\t\t<div class=\"elementor-element elementor-element-bbd92b4 elementor-widget elementor-widget-text-editor\" data-id=\"bbd92b4\" data-element_type=\"widget\" data-widget_type=\"text-editor.default\">\n\t\t\t\t\t\t\t\t\t<p>En AT2E-USA, creemos en el poder de la innovaci\u00f3n para impulsar la calidad. Nuestro equipo est\u00e1 dise\u00f1ado para cumplir y superar los est\u00e1ndares de prueba internacionales, garantizando que los productos de nuestros clientes no solo cumplan sino que tambi\u00e9n establezcan un punto de referencia en la industria. Nuestra inversi\u00f3n continua en investigaci\u00f3n y desarrollo refleja nuestro compromiso de ampliar los l\u00edmites de lo que es posible en el control de calidad.<\/p>\t\t\t\t\t\t\t\t<\/div>\n\t\t\t\t<div class=\"elementor-element elementor-element-160a527 elementor-widget elementor-widget-heading\" data-id=\"160a527\" data-element_type=\"widget\" data-widget_type=\"heading.default\">\n\t\t\t\t\t<h2 class=\"elementor-heading-title elementor-size-default\">\u00danase a nuestra creciente lista de clientes satisfechos<\/h2>\t\t\t\t<\/div>\n\t\t\t\t\t<\/div>\n\t\t\t\t<\/div>\n\t\t<div class=\"elementor-element elementor-element-0304827 e-flex e-con-boxed e-con e-parent\" data-id=\"0304827\" data-element_type=\"container\" data-settings=\"{&quot;background_background&quot;:&quot;classic&quot;}\">\n\t\t\t\t\t<div class=\"e-con-inner\">\n\t\t\t\t<div class=\"elementor-element elementor-element-7ffb2fc elementor-widget elementor-widget-spacer\" data-id=\"7ffb2fc\" data-element_type=\"widget\" data-widget_type=\"spacer.default\">\n\t\t\t\t\t\t\t<div class=\"elementor-spacer\">\n\t\t\t<div class=\"elementor-spacer-inner\"><\/div>\n\t\t<\/div>\n\t\t\t\t\t\t<\/div>\n\t\t\t\t<div class=\"elementor-element elementor-element-7cef620 elementor-widget elementor-widget-heading\" data-id=\"7cef620\" data-element_type=\"widget\" data-widget_type=\"heading.default\">\n\t\t\t\t\t<h2 class=\"elementor-heading-title elementor-size-small\">\u00bfBusca un producto para necesidades espec\u00edficas? Cont\u00e1ctanos ahora<\/h2>\t\t\t\t<\/div>\n\t\t\t\t<div class=\"elementor-element elementor-element-17a2ba2 elementor-widget elementor-widget-heading\" data-id=\"17a2ba2\" data-element_type=\"widget\" data-widget_type=\"heading.default\">\n\t\t\t\t\t<h2 class=\"elementor-heading-title elementor-size-default\">Tambi\u00e9n podemos dise\u00f1ar y construir m\u00e1quinas de control de calidad personalizadas para adaptarse a su muestra \u00fanica.<\/h2>\t\t\t\t<\/div>\n\t\t\t\t\t<\/div>\n\t\t\t\t<\/div>\n\t\t<div class=\"elementor-element elementor-element-271ee74 e-flex e-con-boxed e-con e-parent\" data-id=\"271ee74\" data-element_type=\"container\" data-settings=\"{&quot;background_background&quot;:&quot;classic&quot;}\">\n\t\t\t\t\t<div class=\"e-con-inner\">\n\t\t<div class=\"elementor-element elementor-element-d2a494c e-con-full e-flex e-con e-child\" data-id=\"d2a494c\" data-element_type=\"container\">\n\t\t\t\t<\/div>\n\t\t<div class=\"elementor-element elementor-element-32be358 e-con-full e-flex e-con e-child\" data-id=\"32be358\" data-element_type=\"container\">\n\t\t\t\t<div class=\"elementor-element elementor-element-06140dc elementor-button-align-stretch elementor-widget elementor-widget-form\" data-id=\"06140dc\" data-element_type=\"widget\" data-settings=\"{&quot;step_next_label&quot;:&quot;Next&quot;,&quot;step_previous_label&quot;:&quot;Previous&quot;,&quot;button_width&quot;:&quot;100&quot;,&quot;step_type&quot;:&quot;number_text&quot;,&quot;step_icon_shape&quot;:&quot;circle&quot;}\" data-widget_type=\"form.default\">\n\t\t\t\t\t\t\t<form class=\"elementor-form\" method=\"post\" name=\"Form Clients Page\" aria-label=\"Form Clients Page\">\n\t\t\t<input type=\"hidden\" name=\"post_id\" value=\"5222\"\/>\n\t\t\t<input type=\"hidden\" name=\"form_id\" value=\"06140dc\"\/>\n\t\t\t<input type=\"hidden\" name=\"referer_title\" value=\"Nuestros clientes - AT2E - USA\" \/>\n\n\t\t\t\t\t\t\t<input type=\"hidden\" name=\"queried_id\" value=\"5222\"\/>\n\t\t\t\n\t\t\t<div class=\"elementor-form-fields-wrapper elementor-labels-above\">\n\t\t\t\t\t\t\t\t<div class=\"elementor-field-type-text elementor-field-group elementor-column elementor-field-group-name elementor-col-100\">\n\t\t\t\t\t\t\t\t\t\t\t\t<label for=\"form-field-name\" class=\"elementor-field-label\">\n\t\t\t\t\t\t\t\tNombre\t\t\t\t\t\t\t<\/label>\n\t\t\t\t\t\t\t\t\t\t\t\t\t\t<input size=\"1\" type=\"text\" name=\"form_fields[name]\" id=\"form-field-name\" class=\"elementor-field elementor-size-sm  elementor-field-textual\" placeholder=\"Nombre\">\n\t\t\t\t\t\t\t\t\t\t\t<\/div>\n\t\t\t\t\t\t\t\t<div class=\"elementor-field-type-tel elementor-field-group elementor-column elementor-field-group-field_366c10e elementor-col-100\">\n\t\t\t\t\t\t\t\t\t\t\t\t<label for=\"form-field-field_366c10e\" class=\"elementor-field-label\">\n\t\t\t\t\t\t\t\tTel\u00e9fono\t\t\t\t\t\t\t<\/label>\n\t\t\t\t\t\t\t\t<input size=\"1\" type=\"tel\" name=\"form_fields[field_366c10e]\" id=\"form-field-field_366c10e\" class=\"elementor-field elementor-size-sm  elementor-field-textual\" pattern=\"[0-9()#&amp;+*-=.]+\" title=\"Solo se aceptan n\u00fameros y caracteres de tel\u00e9fono (#,-,*,etc).\">\n\n\t\t\t\t\t\t<\/div>\n\t\t\t\t\t\t\t\t<div class=\"elementor-field-type-email elementor-field-group elementor-column elementor-field-group-email elementor-col-100 elementor-field-required\">\n\t\t\t\t\t\t\t\t\t\t\t\t<label for=\"form-field-email\" class=\"elementor-field-label\">\n\t\t\t\t\t\t\t\tEmail\t\t\t\t\t\t\t<\/label>\n\t\t\t\t\t\t\t\t\t\t\t\t\t\t<input size=\"1\" type=\"email\" name=\"form_fields[email]\" id=\"form-field-email\" class=\"elementor-field elementor-size-sm  elementor-field-textual\" placeholder=\"Email\" required=\"required\">\n\t\t\t\t\t\t\t\t\t\t\t<\/div>\n\t\t\t\t\t\t\t\t<div class=\"elementor-field-type-textarea elementor-field-group elementor-column elementor-field-group-message elementor-col-100\">\n\t\t\t\t\t\t\t\t\t\t\t\t<label for=\"form-field-message\" class=\"elementor-field-label\">\n\t\t\t\t\t\t\t\tMensaje\t\t\t\t\t\t\t<\/label>\n\t\t\t\t\t\t<textarea class=\"elementor-field-textual elementor-field  elementor-size-sm\" name=\"form_fields[message]\" id=\"form-field-message\" rows=\"4\" placeholder=\"Mensaje\"><\/textarea>\t\t\t\t<\/div>\n\t\t\t\t\t\t\t\t<div class=\"elementor-field-type-recaptcha_v3 elementor-field-group elementor-column elementor-field-group-field_213df6f elementor-col-100 recaptcha_v3-bottomleft\">\n\t\t\t\t\t<div class=\"elementor-field\" id=\"form-field-field_213df6f\"><div class=\"elementor-g-recaptcha\" data-sitekey=\"6LezvCopAAAAAFB-nktiQKJMJNTOT-gWz5-iWWAi\" data-type=\"v3\" data-action=\"Form\" data-badge=\"bottomleft\" data-size=\"invisible\"><\/div><\/div>\t\t\t\t<\/div>\n\t\t\t\t\t\t\t\t<div class=\"elementor-field-group elementor-column elementor-field-type-submit elementor-col-100 e-form__buttons\">\n\t\t\t\t\t<button class=\"elementor-button elementor-size-sm\" type=\"submit\">\n\t\t\t\t\t\t<span class=\"elementor-button-content-wrapper\">\n\t\t\t\t\t\t\t\t\t\t\t\t\t\t\t\t\t\t\t\t\t\t<span class=\"elementor-button-text\">Enviar<\/span>\n\t\t\t\t\t\t\t\t\t\t\t\t\t<\/span>\n\t\t\t\t\t<\/button>\n\t\t\t\t<\/div>\n\t\t\t<\/div>\n\t\t<\/form>\n\t\t\t\t\t\t<\/div>\n\t\t\t\t<div class=\"elementor-element elementor-element-0737466 elementor-widget elementor-widget-html\" data-id=\"0737466\" data-element_type=\"widget\" data-widget_type=\"html.default\">\n\t\t\t\t\t<link rel=\"stylesheet\" href=\"https:\/\/cdnjs.cloudflare.com\/ajax\/libs\/intl-tel-input\/17.0.8\/css\/intlTelInput.css\"\/>\r\n\r\n<script src=\"https:\/\/ajax.googleapis.com\/ajax\/libs\/jquery\/3.4.1\/jquery.min.js\"><\/script>\r\n<script src=\"https:\/\/cdnjs.cloudflare.com\/ajax\/libs\/intl-tel-input\/17.0.8\/js\/intlTelInput.min.js\"><\/script>\r\n<script src=\"https:\/\/cdnjs.cloudflare.com\/ajax\/libs\/intl-tel-input\/17.0.8\/js\/utils.js\"><\/script>\r\n\r\n<script>\r\nvar $ = jQuery.noConflict();\r\n\r\nfunction initializeIntlTelInput() {\r\n    const phoneInputField = document.querySelectorAll('input[type=\"tel\"]');\r\n    let telefones = [];\r\n\r\n    for (let i = 0; i < phoneInputField.length; i++) {\r\n        var phone_number = window.intlTelInput(phoneInputField[i], {\r\n            separateDialCode: true,\r\n            preferredCountries: [\"us\", \"ca\"],\r\n            hiddenInput: \"full\",\r\n            utilsScript: \"\/\/cdnjs.cloudflare.com\/ajax\/libs\/intl-tel-input\/17.0.8\/js\/utils.js\"\r\n        });\r\n\r\n        telefones[i] = phone_number;\r\n\r\n        \/\/ Atualiza o valor do input quando houver uma mudan\u00e7a\r\n        phoneInputField[i].addEventListener('change', function() {\r\n            var full_number = telefones[i].getNumber(intlTelInputUtils.numberFormat.E164);\r\n            phoneInputField[i].value = full_number;\r\n        });\r\n\r\n        \/\/ Ajuste para lidar com a largura din\u00e2mica do input\r\n        var larguraInput = phoneInputField[i].getBoundingClientRect().width;\r\n        $(\".iti__country-list\").css({width: larguraInput});\r\n    }\r\n\r\n    \/\/ Atualiza o valor do input no envio do formul\u00e1rio\r\n    $(\"form\").submit(function() {\r\n        for (let i = 0; i < phoneInputField.length; i++) {\r\n            var full_number = telefones[i].getNumber(intlTelInputUtils.numberFormat.E164);\r\n            $(phoneInputField[i]).val(full_number);\r\n        }\r\n    });\r\n}\r\n\r\njQuery(window).on('load', function() {\r\n    initializeIntlTelInput(); \/\/ Inicializa ap\u00f3s o carregamento completo da p\u00e1gina\r\n});\r\n\r\n\/\/ Re-inicializa quando um popup do Elementor \u00e9 aberto\r\njQuery(document).on('elementor\/popup\/show', function() {\r\n    initializeIntlTelInput();\r\n});\r\n<\/script>\r\n\t\t\t\t<\/div>\n\t\t\t\t<div class=\"elementor-element elementor-element-e93cd5d elementor-widget elementor-widget-heading\" data-id=\"e93cd5d\" data-element_type=\"widget\" data-widget_type=\"heading.default\">\n\t\t\t\t\t<h2 class=\"elementor-heading-title elementor-size-default\">tiempo medio de respuesta inferior a 30 minutos\n<\/h2>\t\t\t\t<\/div>\n\t\t\t\t<div class=\"elementor-element elementor-element-ad21668 elementor-widget elementor-widget-spacer\" data-id=\"ad21668\" data-element_type=\"widget\" data-widget_type=\"spacer.default\">\n\t\t\t\t\t\t\t<div class=\"elementor-spacer\">\n\t\t\t<div class=\"elementor-spacer-inner\"><\/div>\n\t\t<\/div>\n\t\t\t\t\t\t<\/div>\n\t\t\t\t<\/div>\n\t\t<div class=\"elementor-element elementor-element-9a187db e-con-full e-flex e-con e-child\" data-id=\"9a187db\" data-element_type=\"container\">\n\t\t\t\t<\/div>\n\t\t\t\t\t<\/div>\n\t\t\t\t<\/div>\n\t\t<div class=\"elementor-element elementor-element-f838d0c e-flex e-con-boxed e-con e-child\" data-id=\"f838d0c\" data-element_type=\"container\">\n\t\t\t\t\t<div class=\"e-con-inner\">\n\t\t<div class=\"elementor-element elementor-element-b65f5a9 e-con-full e-flex e-con e-child\" data-id=\"b65f5a9\" data-element_type=\"container\">\n\t\t\t\t<div class=\"elementor-element elementor-element-f800db6 elementor-widget elementor-widget-heading\" data-id=\"f800db6\" data-element_type=\"widget\" data-widget_type=\"heading.default\">\n\t\t\t\t\t<h2 class=\"elementor-heading-title elementor-size-default\">Sobre nosotros<\/h2>\t\t\t\t<\/div>\n\t\t\t\t<div class=\"elementor-element elementor-element-603e065 elementor-widget elementor-widget-text-editor\" data-id=\"603e065\" data-element_type=\"widget\" data-widget_type=\"text-editor.default\">\n\t\t\t\t\t\t\t\t\t<p>Hemos desarrollado m\u00e1s de cincuenta m\u00e1quinas de prueba de embalaje diferentes desde nuestra fundaci\u00f3n en 1989.<\/p><p>Nuestro equipo interno de ingenieros cuidadosamente dise\u00f1a y fabrica cada equipo para resolver un problema espec\u00edfico de control de calidad.<\/p><p><a href=\"https:\/\/at2e-usa.com\/es\/contact-spanish\/\"><strong>Si no encuentra una soluci\u00f3n que se adapte a sus necesidades, cont\u00e1ctenos.<\/strong><\/a><\/p><p>We can also design and build custom QA machines to fit your unique requirements.<\/p>\t\t\t\t\t\t\t\t<\/div>\n\t\t\t\t<\/div>\n\t\t<div class=\"elementor-element elementor-element-c0750ab e-con-full e-flex e-con e-child\" data-id=\"c0750ab\" data-element_type=\"container\">\n\t\t\t\t<div class=\"elementor-element elementor-element-d09af8e elementor-widget elementor-widget-heading\" data-id=\"d09af8e\" data-element_type=\"widget\" data-widget_type=\"heading.default\">\n\t\t\t\t\t<h2 class=\"elementor-heading-title elementor-size-default\">Nuestros productos<\/h2>\t\t\t\t<\/div>\n\t\t\t\t<div class=\"elementor-element elementor-element-05b7de2 elementor-widget-mobile__width-initial elementor-widget elementor-widget-text-editor\" data-id=\"05b7de2\" data-element_type=\"widget\" data-widget_type=\"text-editor.default\">\n\t\t\t\t\t\t\t\t\t<p>Desarrollamos y vendemos una amplia gama de m\u00e1quinas de prueba de envasado para diversas industrias.<\/p><ul><li>M\u00e1quinas de prueba de torque<\/li><li>Aparatos de prueba de hermeticidad (punto de burbuja)<\/li><li>Medidores de fuerza \/ compresi\u00f3n \/ dinam\u00f3metro<\/li><li>CO2 \/ presi\u00f3n \/ vac\u00edo calibradores<\/li><li>Analizadores de estr\u00e9s<\/li><li>Medidores dimensionales (altura, longitud, espesor, perpendicularidad, circunferencia, di\u00e1metro)<\/li><li>Medidores para tapas corona<\/li><li>Prueba de la resistencia a la presi\u00f3n interna de los envases de vidrio y pl\u00e1stico<\/li><li>Cortador de botellas con hilo caliente para an\u00e1lisis en secciones de botellas PET<\/li><li>Prueba interna de integridad del esmalte<\/li><li>Prueba de cerca la costura de la lata de aluminio<\/li><\/ul>\t\t\t\t\t\t\t\t<\/div>\n\t\t\t\t<\/div>\n\t\t\t\t\t<\/div>\n\t\t\t\t<\/div>\n\t\t\t\t<\/div>\n\t\t","protected":false},"excerpt":{"rendered":"<p>Bienvenido a AT2E-USA, donde nos enorgullecemos de potenciar las industrias a trav\u00e9s de precisi\u00f3n y confiabilidad. Nuestro viaje ha estado marcado por asociaciones con empresas visionarias de los sectores farmac\u00e9utico, cosm\u00e9tico, qu\u00edmico, alimentario y de embalaje. A continuaci\u00f3n, mostramos a los estimados clientes que han confiado en nosotros para mejorar sus procesos de control de [&hellip;]<\/p>\n","protected":false},"author":1,"featured_media":0,"parent":0,"menu_order":0,"comment_status":"closed","ping_status":"closed","template":"","meta":{"footnotes":""},"class_list":["post-5222","page","type-page","status-publish","hentry"],"_links":{"self":[{"href":"https:\/\/at2e-usa.com\/es\/wp-json\/wp\/v2\/pages\/5222","targetHints":{"allow":["GET"]}}],"collection":[{"href":"https:\/\/at2e-usa.com\/es\/wp-json\/wp\/v2\/pages"}],"about":[{"href":"https:\/\/at2e-usa.com\/es\/wp-json\/wp\/v2\/types\/page"}],"author":[{"embeddable":true,"href":"https:\/\/at2e-usa.com\/es\/wp-json\/wp\/v2\/users\/1"}],"replies":[{"embeddable":true,"href":"https:\/\/at2e-usa.com\/es\/wp-json\/wp\/v2\/comments?post=5222"}],"version-history":[{"count":0,"href":"https:\/\/at2e-usa.com\/es\/wp-json\/wp\/v2\/pages\/5222\/revisions"}],"wp:attachment":[{"href":"https:\/\/at2e-usa.com\/es\/wp-json\/wp\/v2\/media?parent=5222"}],"curies":[{"name":"wp","href":"https:\/\/api.w.org\/{rel}","templated":true}]}}