{"id":10004,"date":"2024-09-24T15:34:23","date_gmt":"2024-09-24T20:34:23","guid":{"rendered":"https:\/\/at2e-usa.com\/?post_type=product&#038;p=10004"},"modified":"2024-09-24T16:08:42","modified_gmt":"2024-09-24T21:08:42","slug":"mcg-1-medidor-de-holgura-de-boca-de-botellas","status":"publish","type":"product","link":"https:\/\/at2e-usa.com\/es\/producto\/mcg-1-medidor-de-holgura-de-boca-de-botellas\/","title":{"rendered":"MCG-1 Medidor de Holgura De Boca de Botellas"},"content":{"rendered":"<div class=\"elementor-element elementor-element-31c8c130 elementor-widget__width-initial elementor-widget-tablet__width-inherit elementor-widget elementor-widget-woocommerce-product-content\" data-id=\"31c8c130\" data-element_type=\"widget\" data-widget_type=\"woocommerce-product-content.default\">\n<div class=\"elementor-widget-container\">\n<div class=\"paragraph\">\n<p>El <strong>MCG-1 Medidor de Holgura de Boca de Botellas<\/strong> de AT2E fue dise\u00f1ado para medir la holgura de la boca de varios tipos, tama\u00f1os y formatos de botellas y contenedores.<\/p>\n<p>Cuando est\u00e1 equipado con una calculadora autom\u00e1tica, los datos se pueden almacenar y leer f\u00e1cilmente. Los valores MAX, MIN y SAD (suma de la diferencia absoluta entre \u201cMAX\u201d y \u201cMIN\u201d) se mostrar\u00e1n en el medidor, lo que resulta conveniente para el operador.<br \/>\nCon el software opcional QUALIGAUGE, los datos se pueden exportar a una computadora para que los usuarios puedan revisarlos y procesarlos m\u00e1s a fondo, y los resultados se pueden analizar mediante gr\u00e1ficos e informes.<\/p>\n<\/div>\n<p><strong><u>Especificaciones t\u00e9cnicas<\/u><\/strong><\/p>\n<ul>\n<li>Rango de muestra:\n<ul>\n<li>Di\u00e1metro hasta 250 mm (mayor por pedido).<\/li>\n<li>Altura hasta 390 mm (mayor por pedido).<\/li>\n<\/ul>\n<\/li>\n<li>Rango de medici\u00f3n: 0-10mm.<\/li>\n<li>Repetibilidad de perpendicularidad: 0.1mm<\/li>\n<li>Resoluci\u00f3n: 0.01 mm<\/li>\n<li>Precisi\u00f3n del indicador digital: \u00b10.01 mm<\/li>\n<li>Repetibilidad: \u00b10.05 mm<\/li>\n<li>Dimensiones (L x W x H): 350 x 400 x 630 mm.<\/li>\n<li>Peso neto: 22 kg.<\/li>\n<\/ul>\n<p><span style=\"text-decoration: underline;\"><strong>Caracter\u00edsticas de la calculadora autom\u00e1tica:<\/strong><\/span><\/p>\n<ul>\n<li>Pantalla t\u00e1ctil a color<\/li>\n<li>Muestra los siguientes datos de medici\u00f3n:\n<ul>\n<li>REAL (valor actual)<\/li>\n<li>MAX (valor m\u00e1ximo)<\/li>\n<li>MIN (valor m\u00e1ximo)<\/li>\n<li>SAD (diferencia entre los valores MAX y MIN)<\/li>\n<\/ul>\n<\/li>\n<li>Puede exportar datos para nuestro software QUALIGAUGE de cualquier aplicaci\u00f3n SPC<\/li>\n<\/ul>\n<\/div>\n<\/div>\n<p><span style=\"text-decoration: underline;\"><strong>Elementos opcionales:<\/strong><\/span><\/p>\n<ul>\n<li>Columna de verificaci\u00f3n<\/li>\n<li>Software QUALIGAUGE<\/li>\n<li>Calculadora autom\u00e1tica<\/li>\n<\/ul>\n","protected":false},"excerpt":{"rendered":"<div class=\"paragraph\">El <strong>MCG-1 Medidor de Holgura de Boca de Botellas<\/strong> de AT2E fue dise\u00f1ado para medir la holgura de la boca de varios tipos, tama\u00f1os y formatos de botellas y contenedores.<\/div>\n","protected":false},"featured_media":10006,"comment_status":"closed","ping_status":"closed","template":"","meta":[],"product_brand":[],"product_cat":[69,71,66],"product_tag":[],"class_list":{"0":"post-10004","1":"product","2":"type-product","3":"status-publish","4":"has-post-thumbnail","6":"product_cat-botella-de-vidrio","7":"product_cat-botellas-de-plastico-pet","8":"product_cat-dimensional-es","10":"first","11":"instock","12":"shipping-taxable","13":"product-type-simple"},"_links":{"self":[{"href":"https:\/\/at2e-usa.com\/es\/wp-json\/wp\/v2\/product\/10004","targetHints":{"allow":["GET"]}}],"collection":[{"href":"https:\/\/at2e-usa.com\/es\/wp-json\/wp\/v2\/product"}],"about":[{"href":"https:\/\/at2e-usa.com\/es\/wp-json\/wp\/v2\/types\/product"}],"replies":[{"embeddable":true,"href":"https:\/\/at2e-usa.com\/es\/wp-json\/wp\/v2\/comments?post=10004"}],"version-history":[{"count":1,"href":"https:\/\/at2e-usa.com\/es\/wp-json\/wp\/v2\/product\/10004\/revisions"}],"predecessor-version":[{"id":10028,"href":"https:\/\/at2e-usa.com\/es\/wp-json\/wp\/v2\/product\/10004\/revisions\/10028"}],"wp:featuredmedia":[{"embeddable":true,"href":"https:\/\/at2e-usa.com\/es\/wp-json\/wp\/v2\/media\/10006"}],"wp:attachment":[{"href":"https:\/\/at2e-usa.com\/es\/wp-json\/wp\/v2\/media?parent=10004"}],"wp:term":[{"taxonomy":"product_brand","embeddable":true,"href":"https:\/\/at2e-usa.com\/es\/wp-json\/wp\/v2\/product_brand?post=10004"},{"taxonomy":"product_cat","embeddable":true,"href":"https:\/\/at2e-usa.com\/es\/wp-json\/wp\/v2\/product_cat?post=10004"},{"taxonomy":"product_tag","embeddable":true,"href":"https:\/\/at2e-usa.com\/es\/wp-json\/wp\/v2\/product_tag?post=10004"}],"curies":[{"name":"wp","href":"https:\/\/api.w.org\/{rel}","templated":true}]}}