{"id":10549,"date":"2024-12-02T13:48:05","date_gmt":"2024-12-02T19:48:05","guid":{"rendered":"https:\/\/at2e-usa.com\/?post_type=product&#038;p=10549"},"modified":"2024-12-02T14:33:31","modified_gmt":"2024-12-02T20:33:31","slug":"https-at2e-usa-com-es-ad-1-automatic-degasser-previewtrue","status":"publish","type":"product","link":"https:\/\/at2e-usa.com\/es\/producto\/https-at2e-usa-com-es-ad-1-automatic-degasser-previewtrue\/","title":{"rendered":"AD-1 Desgasificador Autom\u00e1tico (Modelo con Agitador)"},"content":{"rendered":"<p>El desgasificador autom\u00e1tico AD-1 es un instrumento desarrollado por AT2E para la desgasificaci\u00f3n r\u00e1pida del gas CO2 disuelto en bebidas carbonatadas para analizar las muestras desgasificadas en consecuencia.<\/p>\n<p>El instrumento consta de una unidad de desgasificaci\u00f3n y una bomba de vac\u00edo. El tiempo de agitaci\u00f3n de la unidad de desgasificaci\u00f3n se puede configurar de acuerdo con las caracter\u00edsticas.<\/p>\n<p><strong><u>Especificaciones t\u00e9cnicas (Desgasificador):<\/u><\/strong><\/p>\n<ul>\n<li>Especificaciones de la muestra:\n<ul>\n<li>Temperatura: 41\u00baF a 104\u00baF \/ 5\u00baC a 40\u00baC<\/li>\n<li>Volumen: 13,5 a 40,5 oz \/ 400 a 1200 ml<\/li>\n<li>Tiempo de agitaci\u00f3n: hasta 9999 segundos<\/li>\n<\/ul>\n<\/li>\n<li>Dimensiones: 8,7&#8243; x 9,8&#8243; x 19,3&#8243; \/ 220 x 250 x 490 mm<\/li>\n<li>Peso: 28,5 lbs \/ 13 kg<\/li>\n<li>Alimentaci\u00f3n: 110 V o 220 V \/ 1000 W<\/li>\n<\/ul>\n<p><strong>Especificaciones t\u00e9cnicas (bomba de vac\u00edo):<\/strong><\/p>\n<ul>\n<li>Velocidad de la bomba: 1 CFM \/ 30 L\/min<\/li>\n<li>Dimensiones: 12,4&#8243; x 5,3&#8243; x 8,3&#8243; \/ 315 x 135 x 210 mm<\/li>\n<li>Peso: 22 lbs \/ 10 kg<\/li>\n<li>Alimentaci\u00f3n: 110 V o 220 V \/ 180 W<\/li>\n<\/ul>\n<p>&nbsp;<\/p>\n","protected":false},"excerpt":{"rendered":"<p><strong>Desgasificador autom\u00e1tico AD-1 (modelo con agitador) para la desgasificaci\u00f3n r\u00e1pida de bebidas carbonatadas<\/strong><\/p>\n<p>Maximice el sabor y la calidad de las bebidas carbonatadas como cerveza, refrescos y agua con gas con el AD-1 de AT2E para realizar pruebas r\u00e1pidas de muestras desgasificadas.<\/p>\n","protected":false},"featured_media":10551,"comment_status":"closed","ping_status":"closed","template":"","meta":[],"product_brand":[],"product_cat":[69,71],"product_tag":[],"class_list":{"0":"post-10549","1":"product","2":"type-product","3":"status-publish","4":"has-post-thumbnail","6":"product_cat-botella-de-vidrio","7":"product_cat-botellas-de-plastico-pet","9":"first","10":"instock","11":"shipping-taxable","12":"product-type-simple"},"_links":{"self":[{"href":"https:\/\/at2e-usa.com\/es\/wp-json\/wp\/v2\/product\/10549","targetHints":{"allow":["GET"]}}],"collection":[{"href":"https:\/\/at2e-usa.com\/es\/wp-json\/wp\/v2\/product"}],"about":[{"href":"https:\/\/at2e-usa.com\/es\/wp-json\/wp\/v2\/types\/product"}],"replies":[{"embeddable":true,"href":"https:\/\/at2e-usa.com\/es\/wp-json\/wp\/v2\/comments?post=10549"}],"version-history":[{"count":1,"href":"https:\/\/at2e-usa.com\/es\/wp-json\/wp\/v2\/product\/10549\/revisions"}],"predecessor-version":[{"id":10559,"href":"https:\/\/at2e-usa.com\/es\/wp-json\/wp\/v2\/product\/10549\/revisions\/10559"}],"wp:featuredmedia":[{"embeddable":true,"href":"https:\/\/at2e-usa.com\/es\/wp-json\/wp\/v2\/media\/10551"}],"wp:attachment":[{"href":"https:\/\/at2e-usa.com\/es\/wp-json\/wp\/v2\/media?parent=10549"}],"wp:term":[{"taxonomy":"product_brand","embeddable":true,"href":"https:\/\/at2e-usa.com\/es\/wp-json\/wp\/v2\/product_brand?post=10549"},{"taxonomy":"product_cat","embeddable":true,"href":"https:\/\/at2e-usa.com\/es\/wp-json\/wp\/v2\/product_cat?post=10549"},{"taxonomy":"product_tag","embeddable":true,"href":"https:\/\/at2e-usa.com\/es\/wp-json\/wp\/v2\/product_tag?post=10549"}],"curies":[{"name":"wp","href":"https:\/\/api.w.org\/{rel}","templated":true}]}}