{"id":3176,"date":"2024-01-29T17:00:41","date_gmt":"2024-01-29T23:00:41","guid":{"rendered":"https:\/\/at2e-usa.com\/product\/btg-a-medidor-de-espesor-de-pared-de-botella-de-vidrio-analogico\/"},"modified":"2024-09-24T09:20:34","modified_gmt":"2024-09-24T14:20:34","slug":"btg-a-medidor-de-espesor-de-pared-de-botella-de-vidrio-analogico","status":"publish","type":"product","link":"https:\/\/at2e-usa.com\/es\/producto\/btg-a-medidor-de-espesor-de-pared-de-botella-de-vidrio-analogico\/","title":{"rendered":"BTG-A &#8211; Medidor de espesor de pared de botella de vidrio anal\u00f3gico"},"content":{"rendered":"<p>El <strong>medidor anal\u00f3gico de espesor de pared de botellas de vidrio BTG-A<\/strong> de AT2E es un medidor hecho a medida y operado manualmente que se utiliza para medir con precisi\u00f3n el espesor de pared de botellas de vidrio y recipientes de formas similares.<\/p>\n<p>Ofrece una soluci\u00f3n r\u00e1pida y conveniente para obtener la medici\u00f3n del espesor para ayudar en la producci\u00f3n de botellas de vidrio y en las pruebas de laboratorio de control de calidad. Se fabrica a medida seg\u00fan los dibujos del cliente.<\/p>\n<p>&nbsp;<\/p>\n<p><strong><u>Especificaciones t\u00e9cnicas:<\/u><\/strong><\/p>\n<ul>\n<li>Rango de medici\u00f3n: 0-10 mm (0-30 mm opcional)<\/li>\n<li>Resoluci\u00f3n: 0,01 mm<\/li>\n<\/ul>\n<p>&nbsp;<\/p>\n","protected":false},"excerpt":{"rendered":"<p><strong>Dispositivo hecho a medida para medir el espesor de botellas de vidrio<\/strong><\/p>\n","protected":false},"featured_media":3038,"comment_status":"open","ping_status":"closed","template":"","meta":[],"product_brand":[],"product_cat":[69,66],"product_tag":[],"class_list":{"0":"post-3176","1":"product","2":"type-product","3":"status-publish","4":"has-post-thumbnail","6":"product_cat-botella-de-vidrio","7":"product_cat-dimensional-es","9":"first","10":"instock","11":"shipping-taxable","12":"product-type-simple"},"_links":{"self":[{"href":"https:\/\/at2e-usa.com\/es\/wp-json\/wp\/v2\/product\/3176","targetHints":{"allow":["GET"]}}],"collection":[{"href":"https:\/\/at2e-usa.com\/es\/wp-json\/wp\/v2\/product"}],"about":[{"href":"https:\/\/at2e-usa.com\/es\/wp-json\/wp\/v2\/types\/product"}],"replies":[{"embeddable":true,"href":"https:\/\/at2e-usa.com\/es\/wp-json\/wp\/v2\/comments?post=3176"}],"version-history":[{"count":1,"href":"https:\/\/at2e-usa.com\/es\/wp-json\/wp\/v2\/product\/3176\/revisions"}],"predecessor-version":[{"id":9992,"href":"https:\/\/at2e-usa.com\/es\/wp-json\/wp\/v2\/product\/3176\/revisions\/9992"}],"wp:featuredmedia":[{"embeddable":true,"href":"https:\/\/at2e-usa.com\/es\/wp-json\/wp\/v2\/media\/3038"}],"wp:attachment":[{"href":"https:\/\/at2e-usa.com\/es\/wp-json\/wp\/v2\/media?parent=3176"}],"wp:term":[{"taxonomy":"product_brand","embeddable":true,"href":"https:\/\/at2e-usa.com\/es\/wp-json\/wp\/v2\/product_brand?post=3176"},{"taxonomy":"product_cat","embeddable":true,"href":"https:\/\/at2e-usa.com\/es\/wp-json\/wp\/v2\/product_cat?post=3176"},{"taxonomy":"product_tag","embeddable":true,"href":"https:\/\/at2e-usa.com\/es\/wp-json\/wp\/v2\/product_tag?post=3176"}],"curies":[{"name":"wp","href":"https:\/\/api.w.org\/{rel}","templated":true}]}}