{"id":3185,"date":"2024-01-11T12:40:06","date_gmt":"2024-01-11T18:40:06","guid":{"rendered":"https:\/\/at2e-usa.com\/?post_type=product&#038;p=3185"},"modified":"2024-06-03T06:26:10","modified_gmt":"2024-06-03T11:26:10","slug":"manometro-vacuometro-digital-pvg-ds-botellas-pet-tapa-deportiva","status":"publish","type":"product","link":"https:\/\/at2e-usa.com\/es\/producto\/manometro-vacuometro-digital-pvg-ds-botellas-pet-tapa-deportiva\/","title":{"rendered":"PVG-DS \u2013 Man\u00f3metro y Vacu\u00f3metro para Botellas PET con Tapa Deportiva (Digital)"},"content":{"rendered":"<p>El <strong> man\u00f3metro digital de presi\u00f3n y vac\u00edo PVG-DS de AT2E para botellas de PET con tapa deportiva\u00a0<\/strong> se utiliza para medir la presi\u00f3n y\/o el vac\u00edo de botellas con tapa deportiva. Simplemente coloque la muestra en el soporte especial frente al man\u00f3metro de la unidad y baje la palanca. Agite el marco y luego lea el valor.<\/p>\n<p>Man\u00f3metro y Vacu\u00f3metro Digital PVG-DS para Botellas PET<\/p>\n<p>El man\u00f3metro y vacu\u00f3metro digital PVG-DS de AT2E est\u00e1 dise\u00f1ado para medir con precisi\u00f3n la presi\u00f3n y el vac\u00edo en botellas PET con tapa deportiva. Este dispositivo es f\u00e1cil de operar y ofrece resultados precisos gracias a su aguja de punci\u00f3n de alto rendimiento. Su dise\u00f1o compacto lo hace adecuado para todo tipo de muestras.<\/p>\n<p>Caracter\u00edsticas Principales<br \/>\n&#8211; Alta Precisi\u00f3n y Facilidad de Uso<br \/>\nEl PVG-DS permite medir tanto el vac\u00edo como la presi\u00f3n con alta precisi\u00f3n. La interfaz es sencilla y f\u00e1cil de usar.<\/p>\n<p>Adaptabilidad y Versatilidad<br \/>\nEste dispositivo se adapta a diferentes tipos de botellas y es capaz de medir en varias unidades, incluyendo psi, bar, y kpa.<\/p>\n<p>Especificaciones T\u00e9cnicas<br \/>\nEl PVG-DS tiene un rango de medida de -15 a 85 psi y una precisi\u00f3n del 0,1% F.S. Con un peso de solo 3 kg, es port\u00e1til y conveniente para diversos entornos de trabajo.<\/p>\n<p><strong><u>Ventajas de PVG-DS<\/u><\/strong><strong>:<\/strong><\/p>\n<ul>\n<li>F\u00e1cil de operar.<\/li>\n<li>Mida tanto el vac\u00edo como la presi\u00f3n<\/li>\n<li>Alta precisi\u00f3n<\/li>\n<li>Se adapta a todo tipo de muestras<\/li>\n<\/ul>\n<p><strong><u>Especificaciones de PVG-DS:<\/u><\/strong><\/p>\n<ul>\n<li>Rango de medida: -15 a 85 psi (-1 a 6 bar)<\/li>\n<li>Unidades: kgf.cm<sup>2<\/sup>, Mpa, Kpa, Bar, psi<\/li>\n<li>Resoluci\u00f3n: 0,01 psi (0,001 bar)<\/li>\n<li>Precisi\u00f3n: 0,1% F.S.<\/li>\n<li>Peso: 6,5 libras (3 kg)<\/li>\n<\/ul>\n<p><strong><u>Opci\u00f3n PVG-DS:<\/u><\/strong>\u00a0<strong>\u00a0<\/strong><\/p>\n<ul>\n<li>Certificado de calibraci\u00f3n<\/li>\n<\/ul>\n","protected":false},"excerpt":{"rendered":"<p><strong>Probador de presi\u00f3n o vac\u00edo simple montado sobre soporte, con aguja de punci\u00f3n de alto rendimiento<\/strong><br \/>\nMan\u00f3metro y vacu\u00f3metro digital para botellas PET con tapa deportiva. F\u00e1cil de usar, alta precisi\u00f3n, adaptabilidad a diferentes muestras.<\/p>\n<p>El <strong>PVG<\/strong> Probador de presi\u00f3n o vac\u00edo simple montado sobre soporte, con aguja de punci\u00f3n de alto rendimiento<\/p>\n","protected":false},"featured_media":9129,"comment_status":"open","ping_status":"closed","template":"","meta":[],"product_brand":[],"product_cat":[64],"product_tag":[],"class_list":{"0":"post-3185","1":"product","2":"type-product","3":"status-publish","4":"has-post-thumbnail","6":"product_cat-probadores-de-co2-presion-vacio","8":"first","9":"instock","10":"shipping-taxable","11":"product-type-simple"},"_links":{"self":[{"href":"https:\/\/at2e-usa.com\/es\/wp-json\/wp\/v2\/product\/3185","targetHints":{"allow":["GET"]}}],"collection":[{"href":"https:\/\/at2e-usa.com\/es\/wp-json\/wp\/v2\/product"}],"about":[{"href":"https:\/\/at2e-usa.com\/es\/wp-json\/wp\/v2\/types\/product"}],"replies":[{"embeddable":true,"href":"https:\/\/at2e-usa.com\/es\/wp-json\/wp\/v2\/comments?post=3185"}],"version-history":[{"count":0,"href":"https:\/\/at2e-usa.com\/es\/wp-json\/wp\/v2\/product\/3185\/revisions"}],"wp:featuredmedia":[{"embeddable":true,"href":"https:\/\/at2e-usa.com\/es\/wp-json\/wp\/v2\/media\/9129"}],"wp:attachment":[{"href":"https:\/\/at2e-usa.com\/es\/wp-json\/wp\/v2\/media?parent=3185"}],"wp:term":[{"taxonomy":"product_brand","embeddable":true,"href":"https:\/\/at2e-usa.com\/es\/wp-json\/wp\/v2\/product_brand?post=3185"},{"taxonomy":"product_cat","embeddable":true,"href":"https:\/\/at2e-usa.com\/es\/wp-json\/wp\/v2\/product_cat?post=3185"},{"taxonomy":"product_tag","embeddable":true,"href":"https:\/\/at2e-usa.com\/es\/wp-json\/wp\/v2\/product_tag?post=3185"}],"curies":[{"name":"wp","href":"https:\/\/api.w.org\/{rel}","templated":true}]}}