{"id":3190,"date":"2024-01-11T12:23:18","date_gmt":"2024-01-11T18:23:18","guid":{"rendered":"https:\/\/at2e-usa.com\/product\/manometro-de-presion-o-vacio-pvg-sa-version-de-bolsillo-pequeno-analogico\/"},"modified":"2024-09-24T09:20:46","modified_gmt":"2024-09-24T14:20:46","slug":"manometro-de-presion-o-vacio-pvg-sa-version-de-bolsillo-pequeno-analogico","status":"publish","type":"product","link":"https:\/\/at2e-usa.com\/es\/producto\/manometro-de-presion-o-vacio-pvg-sa-version-de-bolsillo-pequeno-analogico\/","title":{"rendered":"Man\u00f3metro de presi\u00f3n o vac\u00edo PVG-SA (versi\u00f3n de bolsillo, peque\u00f1o, anal\u00f3gico)"},"content":{"rendered":"<p>El <strong>medidor de bolsillo anal\u00f3gico PVG-SA<\/strong> de AT2E es nuestro modelo m\u00e1s peque\u00f1o y port\u00e1til para medir la presi\u00f3n y\/o el vac\u00edo en una botella. Simplemente presione firmemente el PVG-S sobre la tapa y verifique la medici\u00f3n de presi\u00f3n o vac\u00edo.<\/p>\n<p style=\"padding-left: 40px;\"><span style=\"text-decoration: underline;\"><strong>Nota:<\/strong><\/span><strong>\u00a0 <\/strong><strong>PVG -El medidor de bolsillo anal\u00f3gico SA<\/strong> mide <strong><em><u>solo<\/u><\/em><\/strong> la presi\u00f3n <strong><em><u>o<\/u>&lt;\/em <\/em><\/strong> aspiradora: especifique en el pedido<\/p>\n<p><strong><u>Ventajas:<\/u><\/strong><\/p>\n<ul>\n<li>F\u00e1cil de usar<\/li>\n<li>Pantalla digital o anal\u00f3gica<\/li>\n<li>Tama\u00f1o compacto<\/li>\n<\/ul>\n<p><strong><u>Especificaciones <\/u><\/strong><em><u>(seleccione Presi\u00f3n o Vac\u00edo)<\/u><\/em><strong><u>:<\/u>&lt;\/strong &gt;<\/strong><\/p>\n<ul>\n<li>Rango de vac\u00edo: -15 a 0 psi (-1 a 0 bar)<\/li>\n<li>Rango de presi\u00f3n: 0 a 85 psi (0 a 6 bar)<\/li>\n<li>Unidades: PSI \/ Bar<\/li>\n<li>Precisi\u00f3n: 5% FS<\/li>\n<\/ul>\n<p><strong><u>Opci\u00f3n:<\/u><\/strong><\/p>\n<ul>\n<li>Certificado de calibraci\u00f3n<\/li>\n<\/ul>\n","protected":false},"excerpt":{"rendered":"<p><strong>Probador simple de presi\u00f3n o vac\u00edo<\/strong><\/p>\n","protected":false},"featured_media":9785,"comment_status":"closed","ping_status":"closed","template":"","meta":[],"product_brand":[],"product_cat":[64],"product_tag":[],"class_list":{"0":"post-3190","1":"product","2":"type-product","3":"status-publish","4":"has-post-thumbnail","6":"product_cat-probadores-de-co2-presion-vacio","8":"first","9":"instock","10":"shipping-taxable","11":"product-type-simple"},"_links":{"self":[{"href":"https:\/\/at2e-usa.com\/es\/wp-json\/wp\/v2\/product\/3190","targetHints":{"allow":["GET"]}}],"collection":[{"href":"https:\/\/at2e-usa.com\/es\/wp-json\/wp\/v2\/product"}],"about":[{"href":"https:\/\/at2e-usa.com\/es\/wp-json\/wp\/v2\/types\/product"}],"replies":[{"embeddable":true,"href":"https:\/\/at2e-usa.com\/es\/wp-json\/wp\/v2\/comments?post=3190"}],"version-history":[{"count":1,"href":"https:\/\/at2e-usa.com\/es\/wp-json\/wp\/v2\/product\/3190\/revisions"}],"predecessor-version":[{"id":9993,"href":"https:\/\/at2e-usa.com\/es\/wp-json\/wp\/v2\/product\/3190\/revisions\/9993"}],"wp:featuredmedia":[{"embeddable":true,"href":"https:\/\/at2e-usa.com\/es\/wp-json\/wp\/v2\/media\/9785"}],"wp:attachment":[{"href":"https:\/\/at2e-usa.com\/es\/wp-json\/wp\/v2\/media?parent=3190"}],"wp:term":[{"taxonomy":"product_brand","embeddable":true,"href":"https:\/\/at2e-usa.com\/es\/wp-json\/wp\/v2\/product_brand?post=3190"},{"taxonomy":"product_cat","embeddable":true,"href":"https:\/\/at2e-usa.com\/es\/wp-json\/wp\/v2\/product_cat?post=3190"},{"taxonomy":"product_tag","embeddable":true,"href":"https:\/\/at2e-usa.com\/es\/wp-json\/wp\/v2\/product_tag?post=3190"}],"curies":[{"name":"wp","href":"https:\/\/api.w.org\/{rel}","templated":true}]}}