{"id":3193,"date":"2024-01-11T06:50:54","date_gmt":"2024-01-11T12:50:54","guid":{"rendered":"https:\/\/at2e-usa.com\/product\/pvg-a-manometro-o-vacuometro-analogico\/"},"modified":"2024-09-24T09:20:56","modified_gmt":"2024-09-24T14:20:56","slug":"pvg-a-manometro-o-vacuometro-analogico","status":"publish","type":"product","link":"https:\/\/at2e-usa.com\/es\/producto\/pvg-a-manometro-o-vacuometro-analogico\/","title":{"rendered":"PVG-A \u2013 Man\u00f3metro o Vacu\u00f3metro (Anal\u00f3gico)"},"content":{"rendered":"<p>El <strong>medidor de presi\u00f3n y vac\u00edo digital PVG-D<\/strong> de AT2E se utiliza para medir la presi\u00f3n y el vac\u00edo de latas o botellas. Simplemente coloque la muestra debajo del man\u00f3metro y baje la palanca, luego lea el valor.<\/p>\n<p><strong><u>Ventajas<\/u><\/strong><strong>:<\/strong><\/p>\n<ul>\n<li>F\u00e1cil de usar<\/li>\n<li>Mida tanto el vac\u00edo como la presi\u00f3n<\/li>\n<li>Alta precisi\u00f3n<\/li>\n<li>Se adapta a todo tipo de muestras<\/li>\n<\/ul>\n<p><strong><u>Especificaciones:<\/u><\/strong><\/p>\n<ul>\n<li>Rango de medida: -15 a 85 psi (-1 a 6 bar)<\/li>\n<li>Unidades: kgf.cm<sup>2<\/sup>, Mpa, Kpa, Bar, psi<\/li>\n<li>Resoluci\u00f3n: 0,01 psi (0,001 bar)<\/li>\n<li>Precisi\u00f3n: 0,1% F.S.<\/li>\n<li>Peso: 6,5 libras (3 kg)<\/li>\n<\/ul>\n<p><strong><u>Opciones:<\/u><\/strong> <strong>\u00a0<\/strong><\/p>\n<ul>\n<li>Soporte de cuello para botellas de PET<\/li>\n<li>Calibrar certificado<\/li>\n<\/ul>\n","protected":false},"excerpt":{"rendered":"<p><strong>Probador de presi\u00f3n o vac\u00edo simple montado sobre soporte, con aguja de punci\u00f3n de alto rendimiento<\/strong><\/p>\n<p>El <strong>PVG<\/strong>\u00a0Probador de presi\u00f3n o vac\u00edo simple montado sobre soporte, con aguja de punci\u00f3n de alto rendimiento<\/p>\n","protected":false},"featured_media":9131,"comment_status":"closed","ping_status":"closed","template":"","meta":[],"product_brand":[],"product_cat":[64],"product_tag":[],"class_list":{"0":"post-3193","1":"product","2":"type-product","3":"status-publish","4":"has-post-thumbnail","6":"product_cat-probadores-de-co2-presion-vacio","8":"first","9":"instock","10":"shipping-taxable","11":"product-type-simple"},"_links":{"self":[{"href":"https:\/\/at2e-usa.com\/es\/wp-json\/wp\/v2\/product\/3193","targetHints":{"allow":["GET"]}}],"collection":[{"href":"https:\/\/at2e-usa.com\/es\/wp-json\/wp\/v2\/product"}],"about":[{"href":"https:\/\/at2e-usa.com\/es\/wp-json\/wp\/v2\/types\/product"}],"replies":[{"embeddable":true,"href":"https:\/\/at2e-usa.com\/es\/wp-json\/wp\/v2\/comments?post=3193"}],"version-history":[{"count":1,"href":"https:\/\/at2e-usa.com\/es\/wp-json\/wp\/v2\/product\/3193\/revisions"}],"predecessor-version":[{"id":9994,"href":"https:\/\/at2e-usa.com\/es\/wp-json\/wp\/v2\/product\/3193\/revisions\/9994"}],"wp:featuredmedia":[{"embeddable":true,"href":"https:\/\/at2e-usa.com\/es\/wp-json\/wp\/v2\/media\/9131"}],"wp:attachment":[{"href":"https:\/\/at2e-usa.com\/es\/wp-json\/wp\/v2\/media?parent=3193"}],"wp:term":[{"taxonomy":"product_brand","embeddable":true,"href":"https:\/\/at2e-usa.com\/es\/wp-json\/wp\/v2\/product_brand?post=3193"},{"taxonomy":"product_cat","embeddable":true,"href":"https:\/\/at2e-usa.com\/es\/wp-json\/wp\/v2\/product_cat?post=3193"},{"taxonomy":"product_tag","embeddable":true,"href":"https:\/\/at2e-usa.com\/es\/wp-json\/wp\/v2\/product_tag?post=3193"}],"curies":[{"name":"wp","href":"https:\/\/api.w.org\/{rel}","templated":true}]}}