{"id":3194,"date":"2024-01-10T14:22:48","date_gmt":"2024-01-10T20:22:48","guid":{"rendered":"https:\/\/at2e-usa.com\/product\/dispositivo-de-medicion-de-co2-co2easy-d-digital\/"},"modified":"2024-09-24T09:21:08","modified_gmt":"2024-09-24T14:21:08","slug":"dispositivo-de-medicion-de-co2-co2easy-d-digital","status":"publish","type":"product","link":"https:\/\/at2e-usa.com\/es\/producto\/dispositivo-de-medicion-de-co2-co2easy-d-digital\/","title":{"rendered":"Dispositivo de medici\u00f3n de CO2 CO2EASY-D (Digital)"},"content":{"rendered":"<p>Para lograr una calidad y un sabor constantes en todo tipo de bebidas carbonatadas, uno de los par\u00e1metros cr\u00edticos es el contenido de CO<sub>2<\/sub> (di\u00f3xido de carbono) en el l\u00edquido.<\/p>\n<p>Nuestro sistema de medici\u00f3n de CO<sub>2<\/sub> es un dispositivo de laboratorio est\u00e1ndar ampliamente utilizado en cervecer\u00edas, as\u00ed como en la industria de bebidas no alcoh\u00f3licas, para medir frecuentemente el contenido de CO<sub>2<\/sub> durante y despu\u00e9s. producci\u00f3n. Permite una determinaci\u00f3n r\u00e1pida y precisa del contenido de CO<sub>2<\/sub> en cerveza y bebidas carbonatadas tras perforar el tap\u00f3n.<\/p>\n<p><strong>CO<sub>2<\/sub>EASY-D<\/strong> tiene dos tama\u00f1os (est\u00e1ndar y grande) para satisfacer mejor las necesidades de los clientes que necesitan probar muestras de dimensiones m\u00e1s grandes.<\/p>\n<p>&nbsp;<\/p>\n<p><strong><u>Especificaciones de medici\u00f3n:<\/u><\/strong><\/p>\n<ul>\n<li>Tipos de muestras: botellas de vidrio con tap\u00f3n de corona o de pl\u00e1stico, botellas de PET, latas de aluminio, latas de alimentos<\/li>\n<li>Unidades de presi\u00f3n: Bar \/ psi \/ KPa<\/li>\n<li>Rango de medici\u00f3n: 0-6 bar \/ 0-90 psi<\/li>\n<li>Resoluci\u00f3n: 01 bar\/0,15 psi<\/li>\n<li>Unidades de temperatura: \u00b0C o \u00baF<\/li>\n<li>Rango de temperatura: 0 &#8211; 50\u00b0C \/ 32-120\u00baF<\/li>\n<li>Resoluci\u00f3n: 1\u00b0C \/ 0,1\u00b0F<\/li>\n<\/ul>\n<p>&nbsp;<\/p>\n<p><strong><u>Especificaciones t\u00e9cnicas \u2013 tama\u00f1o est\u00e1ndar:<\/u><\/strong><\/p>\n<ul>\n<li>Altura de la muestra: 50 a 330 mm \/ 2\u201d a 13&#8243;<\/li>\n<li>Di\u00e1metro de la muestra: 105 mm \/ 4,1&#8243; m\u00e1x.<\/li>\n<li>Dimensiones: 140 x 200 x 430 mm \/ 5,5\u201d x 8\u201d x 17\u201d<\/li>\n<li>Peso neto: 2 kg \/ 4,5 libras<\/li>\n<\/ul>\n<p>&nbsp;<\/p>\n<p><strong><u>Especificaciones t\u00e9cnicas \u2013 tama\u00f1o grande:<\/u><\/strong><\/p>\n<ul>\n<li>Altura de la muestra: 50 a 450 mm \/ 2\u201d a 17,7&#8243;<\/li>\n<li>Di\u00e1metro de la muestra: 150 mm \/ 5,9&#8243; m\u00e1x.<\/li>\n<li>Dimensiones: 140 x 200 x 530 mm \/ 5,5\u201d x 8\u201d x 21\u201d<\/li>\n<li>Peso neto: 3 kg \/ 7 lbs<\/li>\n<\/ul>\n<p>&nbsp;<\/p>\n<p><strong><u>Art\u00edculo opcional:<\/u><\/strong><\/p>\n<ul>\n<li>Certificado de calibraci\u00f3n<\/li>\n<\/ul>\n","protected":false},"excerpt":{"rendered":"<p><strong>Medidor simple de CO2 para botellas y latas<\/strong><\/p>\n<p>Para una calidad y sabor constante en todo tipo de bebidas carbonatas, el par\u00e1metro cr\u00edtico es el contenido de CO2 (di\u00f3xido de carbono) en el l\u00edquido.<\/p>\n<p class=\" translation-block\">Nuestro\u00a0<strong>CO2EASY<\/strong>\u00a0medidor es ampliamente utilizado en la industria cervecera y de bebidas sin alcohol para medir con frecuencia el contenido de CO2 durante la producci\u00f3n. El\u00a0<strong>CO2EASY DIGITAL-T<\/strong>\u00a0dispositivo incluye un term\u00f3metro digital.<\/p>\n","protected":false},"featured_media":9133,"comment_status":"closed","ping_status":"closed","template":"","meta":[],"product_brand":[],"product_cat":[69,71],"product_tag":[],"class_list":{"0":"post-3194","1":"product","2":"type-product","3":"status-publish","4":"has-post-thumbnail","6":"product_cat-botella-de-vidrio","7":"product_cat-botellas-de-plastico-pet","9":"first","10":"instock","11":"shipping-taxable","12":"product-type-simple"},"_links":{"self":[{"href":"https:\/\/at2e-usa.com\/es\/wp-json\/wp\/v2\/product\/3194","targetHints":{"allow":["GET"]}}],"collection":[{"href":"https:\/\/at2e-usa.com\/es\/wp-json\/wp\/v2\/product"}],"about":[{"href":"https:\/\/at2e-usa.com\/es\/wp-json\/wp\/v2\/types\/product"}],"replies":[{"embeddable":true,"href":"https:\/\/at2e-usa.com\/es\/wp-json\/wp\/v2\/comments?post=3194"}],"version-history":[{"count":1,"href":"https:\/\/at2e-usa.com\/es\/wp-json\/wp\/v2\/product\/3194\/revisions"}],"predecessor-version":[{"id":9995,"href":"https:\/\/at2e-usa.com\/es\/wp-json\/wp\/v2\/product\/3194\/revisions\/9995"}],"wp:featuredmedia":[{"embeddable":true,"href":"https:\/\/at2e-usa.com\/es\/wp-json\/wp\/v2\/media\/9133"}],"wp:attachment":[{"href":"https:\/\/at2e-usa.com\/es\/wp-json\/wp\/v2\/media?parent=3194"}],"wp:term":[{"taxonomy":"product_brand","embeddable":true,"href":"https:\/\/at2e-usa.com\/es\/wp-json\/wp\/v2\/product_brand?post=3194"},{"taxonomy":"product_cat","embeddable":true,"href":"https:\/\/at2e-usa.com\/es\/wp-json\/wp\/v2\/product_cat?post=3194"},{"taxonomy":"product_tag","embeddable":true,"href":"https:\/\/at2e-usa.com\/es\/wp-json\/wp\/v2\/product_tag?post=3194"}],"curies":[{"name":"wp","href":"https:\/\/api.w.org\/{rel}","templated":true}]}}