{"id":3195,"date":"2023-12-07T15:42:11","date_gmt":"2023-12-07T21:42:11","guid":{"rendered":"https:\/\/at2e-usa.com\/product\/ctc-cortador-de-tubos-cosmeticos\/"},"modified":"2024-09-24T09:21:19","modified_gmt":"2024-09-24T14:21:19","slug":"ctc-cortador-de-tubos-cosmeticos","status":"publish","type":"product","link":"https:\/\/at2e-usa.com\/es\/producto\/ctc-cortador-de-tubos-cosmeticos\/","title":{"rendered":"CTC &#8211; Cortador de tubos cosm\u00e9ticos"},"content":{"rendered":"<p><strong>Caracter\u00edsticas:<\/strong><br \/>\n&#8211; Cortador exclusivo para diferentes tipos de muestras, asegura la precisi\u00f3n de corte de las secciones<br \/>\n&#8211; Sistema operativo cambiable y f\u00e1cil de cambiar de un di\u00e1metro a otro<br \/>\n&#8211; Carcasa met\u00e1lica de la m\u00e1quina.<br \/>\n&#8211; C\u00e1mara de corte cerrada con puerta de plexigl\u00e1s transparente<br \/>\n&#8211; Dise\u00f1o de bisagra protectora para evitar que los operadores accedan a la cortadora desde el exterior<br \/>\n&#8211; Puerta el\u00e9ctrica<\/p>\n<p><strong>Especificaciones t\u00e9cnicas:<\/strong><br \/>\n\u2022 Muestra: Tubo pl\u00e1stico o met\u00e1lico<br \/>\n\u2022 Di\u00e1metro de muestra: 25 &#8211; 50 mm (otro di\u00e1metro bajo pedido)<br \/>\n\u2022 Suministro de aire: 4 &#8211; 8 bar<br \/>\n\u2022 Dimensiones: 275 x 210 x 375 (Ancho x Fondo x Alto)<br \/>\n\u2022 Peso: 12 kg<\/p>\n<p><strong>Piezas opcionales:<\/strong><br \/>\n\u2022 Juegos de corte para diferentes di\u00e1metros de muestra<\/p>\n","protected":false},"excerpt":{"rendered":"<p>CTC Cosmetic Tube Cutter es un instrumento de preparaci\u00f3n para cortar tubos pl\u00e1sticos o met\u00e1licos para controles de calidad. Corte<br \/>\nCon el CTC, los tubos se pueden cortar de manera f\u00e1cil y precisa en diferentes secciones con valores predeterminados.<\/p>\n","protected":false},"featured_media":9165,"comment_status":"closed","ping_status":"closed","template":"","meta":[],"product_brand":[],"product_cat":[71,77],"product_tag":[],"class_list":{"0":"post-3195","1":"product","2":"type-product","3":"status-publish","4":"has-post-thumbnail","6":"product_cat-botellas-de-plastico-pet","7":"product_cat-corte-de-envases","9":"first","10":"instock","11":"shipping-taxable","12":"product-type-simple"},"_links":{"self":[{"href":"https:\/\/at2e-usa.com\/es\/wp-json\/wp\/v2\/product\/3195","targetHints":{"allow":["GET"]}}],"collection":[{"href":"https:\/\/at2e-usa.com\/es\/wp-json\/wp\/v2\/product"}],"about":[{"href":"https:\/\/at2e-usa.com\/es\/wp-json\/wp\/v2\/types\/product"}],"replies":[{"embeddable":true,"href":"https:\/\/at2e-usa.com\/es\/wp-json\/wp\/v2\/comments?post=3195"}],"version-history":[{"count":1,"href":"https:\/\/at2e-usa.com\/es\/wp-json\/wp\/v2\/product\/3195\/revisions"}],"predecessor-version":[{"id":9996,"href":"https:\/\/at2e-usa.com\/es\/wp-json\/wp\/v2\/product\/3195\/revisions\/9996"}],"wp:featuredmedia":[{"embeddable":true,"href":"https:\/\/at2e-usa.com\/es\/wp-json\/wp\/v2\/media\/9165"}],"wp:attachment":[{"href":"https:\/\/at2e-usa.com\/es\/wp-json\/wp\/v2\/media?parent=3195"}],"wp:term":[{"taxonomy":"product_brand","embeddable":true,"href":"https:\/\/at2e-usa.com\/es\/wp-json\/wp\/v2\/product_brand?post=3195"},{"taxonomy":"product_cat","embeddable":true,"href":"https:\/\/at2e-usa.com\/es\/wp-json\/wp\/v2\/product_cat?post=3195"},{"taxonomy":"product_tag","embeddable":true,"href":"https:\/\/at2e-usa.com\/es\/wp-json\/wp\/v2\/product_tag?post=3195"}],"curies":[{"name":"wp","href":"https:\/\/api.w.org\/{rel}","templated":true}]}}