{"id":3196,"date":"2023-12-07T15:36:00","date_gmt":"2023-12-07T21:36:00","guid":{"rendered":"https:\/\/at2e-usa.com\/product\/ssa-auto-l-analizador-de-sellos-seguro-en-linea\/"},"modified":"2024-09-24T09:21:30","modified_gmt":"2024-09-24T14:21:30","slug":"ssa-auto-l-analizador-de-sellos-seguro-en-linea","status":"publish","type":"product","link":"https:\/\/at2e-usa.com\/es\/producto\/ssa-auto-l-analizador-de-sellos-seguro-en-linea\/","title":{"rendered":"SSA-AUTO-L Analizador de sellos seguro en l\u00ednea"},"content":{"rendered":"<p>El SSA-AUTO-L utiliza un m\u00e9todo de detecci\u00f3n de fugas dual con prueba general de rendimiento del sello seguro + detecci\u00f3n de microfugas que puede determinar el resultado de la prueba autom\u00e1ticamente y garantiza la precisi\u00f3n del resultado. El m\u00e9todo general de prueba de rendimiento del sello seguro puede detectar el estado de fuga obvio (con burbujas continuas) entre la tapa y el acabado, mientras que la microfuga (grado \u03bc) podr\u00eda pasar desapercibida. La detecci\u00f3n de microfugas compensa eficazmente las deficiencias del m\u00e9todo general de prueba de rendimiento del sello seguro, es capaz de detectar las fluctuaciones de presi\u00f3n causadas por las microfugas y reduce en gran medida la posibilidad de errores de juicio, logrando en realidad una detecci\u00f3n autom\u00e1tica y una determinaci\u00f3n precisa. . La prueba general de rendimiento del sello seguro + m\u00e9todo de detecci\u00f3n de microfugas que introdujo AT2E por primera vez proporciona una garant\u00eda efectiva para el control de calidad automatizado del rendimiento del sello seguro de los productos.<\/p>\n<p class=\" translation-block\"><strong>Especificaciones t\u00e9cnicas:<\/strong><br \/>\n\u2022 Control en l\u00ednea desatendido, no es necesario que los operadores supervisen el proceso despu\u00e9s de que comienza el ciclo<br \/>\n\u2022 Dispositivo asegurado de acero inoxidable, seguro y duradero<br \/>\n\u2022 Sistema de pulverizaci\u00f3n de limpieza autom\u00e1tica de la c\u00e1mara de prueba<br \/>\n\u2022 Operaci\u00f3n con pantalla t\u00e1ctil, visual y f\u00e1cil de usar<br \/>\n\u2022 Rango de medici\u00f3n: 0 a 16,00 bar<br \/>\n\u2022 Precisi\u00f3n de la presi\u00f3n de prueba: \u00b10,5% F.S.<br \/>\n\u2022 Rango de medici\u00f3n de presi\u00f3n interior: 0 a 16,00 bar (opcional)<br \/>\n\u2022 Precisi\u00f3n de la presi\u00f3n interna: \u00b10,5% F.S.<br \/>\n\u2022 Unidades: bar y psi<br \/>\n\u2022 Resoluci\u00f3n: 0,01 bar<br \/>\n\u2022 M\u00e9todo dual de detecci\u00f3n de fugas con prueba general de rendimiento del sello seguro + detecci\u00f3n de microfugas<br \/>\n\u2022 Sensibilidad de detecci\u00f3n de fugas ajustable<br \/>\n\u2022 Par\u00e1metros del modo de prueba personalizables, cumple con los diferentes requisitos de prueba de diferentes productos<br \/>\n\u2022 Hasta 12 etapas de presi\u00f3n, tasa de presurizaci\u00f3n y configuraci\u00f3n de tiempo de retenci\u00f3n<br \/>\n\u2022 Selecci\u00f3n r\u00e1pida de modos de prueba predefinidos<br \/>\n\u2022 Unidad de perforaci\u00f3n patentada AT2E<br \/>\n\u2022 Dise\u00f1o compatible para diferentes tipos de productos<br \/>\n\u2022 Revisi\u00f3n de la curva de prueba<br \/>\n\u2022 Memorizaci\u00f3n de 30 productos<br \/>\n\u2022 Memorizaci\u00f3n de 10 operadores<br \/>\n\u2022 Configuraci\u00f3n mediante contrase\u00f1as de administraci\u00f3n<br \/>\n\u2022 Visualizaci\u00f3n din\u00e1mica: presi\u00f3n en tiempo real\/nivel de vac\u00edo\/tiempo de mantenimiento de presi\u00f3n\/fecha\/hora<br \/>\n\u2022 Visualizaci\u00f3n: nombre del producto \/ operador \/ N\u00b0 de lote \/ N\u00b0 de muestra<br \/>\n\u2022 Ajuste de protecci\u00f3n de sobrecarga de presi\u00f3n m\u00e1xima<br \/>\n\u2022 Fuente de presi\u00f3n de prueba: 0-16 bar<br \/>\n\u2022 Salida RS232 (para conectar software)<br \/>\n\u2022 Tama\u00f1o total: 1250 (L) x 800 (W) x 1385 (H) mm<br \/>\n\u2022 Peso neto: 220 kg<\/p>\n<p><strong>Accesorios opcionales:<\/strong><br \/>\n\u2022 \u201cQUALIPRESS\u201d software<br \/>\n\u2022 Abrazadera hecha a medida<br \/>\n\u2022 Mod integrado de medici\u00f3n de presi\u00f3n interna<\/p>\n","protected":false},"excerpt":{"rendered":"<p><strong>(Modelo completamente autom\u00e1tico y sin agua)<\/strong><\/p>\n<p>El analizador de sello seguro en l\u00ednea SSA-AUTO-L es un sistema de control de calidad completamente autom\u00e1tico dise\u00f1ado y desarrollado por AT2E para conectarse a las l\u00edneas de productos para realizar an\u00e1lisis autom\u00e1ticos de sello seguro y proporcionar datos de medici\u00f3n para una inspecci\u00f3n instant\u00e1nea. Todo el proceso de prueba est\u00e1 libre de la intervenci\u00f3n de los operadores, lo que elimina todos los factores de influencia humana y hace que los resultados sean m\u00e1s precisos, confiables y reproducibles. Dise\u00f1o innovador sin agua, mejor adaptabilidad al entorno de trabajo, m\u00e1s c\u00f3modo de usar y mantener. Con sistema de pulverizaci\u00f3n de limpieza autom\u00e1tica de la c\u00e1mara de prueba, una tecla para limpiar la c\u00e1mara de prueba autom\u00e1ticamente<\/p>\n","protected":false},"featured_media":2819,"comment_status":"closed","ping_status":"closed","template":"","meta":[],"product_brand":[],"product_cat":[69,71],"product_tag":[],"class_list":{"0":"post-3196","1":"product","2":"type-product","3":"status-publish","4":"has-post-thumbnail","6":"product_cat-botella-de-vidrio","7":"product_cat-botellas-de-plastico-pet","9":"first","10":"instock","11":"shipping-taxable","12":"product-type-simple"},"_links":{"self":[{"href":"https:\/\/at2e-usa.com\/es\/wp-json\/wp\/v2\/product\/3196","targetHints":{"allow":["GET"]}}],"collection":[{"href":"https:\/\/at2e-usa.com\/es\/wp-json\/wp\/v2\/product"}],"about":[{"href":"https:\/\/at2e-usa.com\/es\/wp-json\/wp\/v2\/types\/product"}],"replies":[{"embeddable":true,"href":"https:\/\/at2e-usa.com\/es\/wp-json\/wp\/v2\/comments?post=3196"}],"version-history":[{"count":1,"href":"https:\/\/at2e-usa.com\/es\/wp-json\/wp\/v2\/product\/3196\/revisions"}],"predecessor-version":[{"id":9997,"href":"https:\/\/at2e-usa.com\/es\/wp-json\/wp\/v2\/product\/3196\/revisions\/9997"}],"wp:featuredmedia":[{"embeddable":true,"href":"https:\/\/at2e-usa.com\/es\/wp-json\/wp\/v2\/media\/2819"}],"wp:attachment":[{"href":"https:\/\/at2e-usa.com\/es\/wp-json\/wp\/v2\/media?parent=3196"}],"wp:term":[{"taxonomy":"product_brand","embeddable":true,"href":"https:\/\/at2e-usa.com\/es\/wp-json\/wp\/v2\/product_brand?post=3196"},{"taxonomy":"product_cat","embeddable":true,"href":"https:\/\/at2e-usa.com\/es\/wp-json\/wp\/v2\/product_cat?post=3196"},{"taxonomy":"product_tag","embeddable":true,"href":"https:\/\/at2e-usa.com\/es\/wp-json\/wp\/v2\/product_tag?post=3196"}],"curies":[{"name":"wp","href":"https:\/\/api.w.org\/{rel}","templated":true}]}}