{"id":3197,"date":"2023-12-07T15:22:05","date_gmt":"2023-12-07T21:22:05","guid":{"rendered":"https:\/\/at2e-usa.com\/product\/tmv-eco-torqimetro-mecanico\/"},"modified":"2024-09-24T09:21:42","modified_gmt":"2024-09-24T14:21:42","slug":"tmv-eco-torqimetro-mecanico","status":"publish","type":"product","link":"https:\/\/at2e-usa.com\/es\/producto\/tmv-eco-torqimetro-mecanico\/","title":{"rendered":"TMV-ECO Torq\u00edmetro Mec\u00e1nico"},"content":{"rendered":"<p><strong>Especificaciones t\u00e9cnicas:<\/strong><br \/>\n\u2022 Mide las direcciones de apertura y cierre.<br \/>\n\u2022 Rango de medici\u00f3n: 0 a 25 pulgadas.lbs<br \/>\n\u2022 Unidades: pulgadas.lbs \/ N.m<br \/>\n\u2022 Precisi\u00f3n: \u00b1 2% de la escala completa<br \/>\n\u2022 Se entrega con certificado de calibraci\u00f3n COFRAC<\/p>\n<p><strong>Especificaciones mec\u00e1nicas:<\/strong><br \/>\n\u2022 Estructura de acero inoxidable<br \/>\n\u2022 Elecci\u00f3n de la mesa de medici\u00f3n:<\/p>\n<p>Agro (rango de muestra 20 &#8211; 155 mm, otro rango bajo pedido)<br \/>\nCosm\u00e9tico (rango de muestra 10 &#8211; 100 mm, otro rango bajo pedido)<\/p>\n<p>\u2022 Dimensiones: 330 x 230 x 175 mm<br \/>\n\u2022 Peso: 7 kg<\/p>\n<p><strong>Piezas opcionales:<\/strong><br \/>\n\u2022 Bloque de apertura f\u00e1cil \/ segura<br \/>\n\u2022 Paquete de calibraci\u00f3n<br \/>\n\u2022 Estuche port\u00e1til<\/p>\n","protected":false},"excerpt":{"rendered":"<p>El modelo TMV-ECO es de mecanismo totalmente mec\u00e1nico y libre de electricidad, lo que lo hace m\u00e1s compatible y adaptable a diferentes entornos de trabajo<\/p>\n","protected":false},"featured_media":9079,"comment_status":"closed","ping_status":"closed","template":"","meta":[],"product_brand":[],"product_cat":[74],"product_tag":[],"class_list":{"0":"post-3197","1":"product","2":"type-product","3":"status-publish","4":"has-post-thumbnail","6":"product_cat-torque-es","8":"first","9":"instock","10":"shipping-taxable","11":"product-type-simple"},"_links":{"self":[{"href":"https:\/\/at2e-usa.com\/es\/wp-json\/wp\/v2\/product\/3197","targetHints":{"allow":["GET"]}}],"collection":[{"href":"https:\/\/at2e-usa.com\/es\/wp-json\/wp\/v2\/product"}],"about":[{"href":"https:\/\/at2e-usa.com\/es\/wp-json\/wp\/v2\/types\/product"}],"replies":[{"embeddable":true,"href":"https:\/\/at2e-usa.com\/es\/wp-json\/wp\/v2\/comments?post=3197"}],"version-history":[{"count":1,"href":"https:\/\/at2e-usa.com\/es\/wp-json\/wp\/v2\/product\/3197\/revisions"}],"predecessor-version":[{"id":9998,"href":"https:\/\/at2e-usa.com\/es\/wp-json\/wp\/v2\/product\/3197\/revisions\/9998"}],"wp:featuredmedia":[{"embeddable":true,"href":"https:\/\/at2e-usa.com\/es\/wp-json\/wp\/v2\/media\/9079"}],"wp:attachment":[{"href":"https:\/\/at2e-usa.com\/es\/wp-json\/wp\/v2\/media?parent=3197"}],"wp:term":[{"taxonomy":"product_brand","embeddable":true,"href":"https:\/\/at2e-usa.com\/es\/wp-json\/wp\/v2\/product_brand?post=3197"},{"taxonomy":"product_cat","embeddable":true,"href":"https:\/\/at2e-usa.com\/es\/wp-json\/wp\/v2\/product_cat?post=3197"},{"taxonomy":"product_tag","embeddable":true,"href":"https:\/\/at2e-usa.com\/es\/wp-json\/wp\/v2\/product_tag?post=3197"}],"curies":[{"name":"wp","href":"https:\/\/api.w.org\/{rel}","templated":true}]}}