{"id":3198,"date":"2023-12-05T22:50:35","date_gmt":"2023-12-06T04:50:35","guid":{"rendered":"https:\/\/at2e-usa.com\/product\/vlt-st-camara-para-hermiticidadvacio-y-presion-con-aire-o-agua\/"},"modified":"2024-09-24T09:21:54","modified_gmt":"2024-09-24T14:21:54","slug":"camara-hermeticidad-vacio-presion-vlt-st","status":"publish","type":"product","link":"https:\/\/at2e-usa.com\/es\/producto\/camara-hermeticidad-vacio-presion-vlt-st\/","title":{"rendered":"VLT-ST &#8211; C\u00e1mara para Hermeticidad por Vac\u00edo y Presi\u00f3n con Aire o Agua"},"content":{"rendered":"<p><strong>C\u00e1mara para Hermeticidad VLT-ST<\/strong><br \/>\nLa c\u00e1mara para hermeticidad VLT-ST es un equipo avanzado para pruebas de vac\u00edo y presi\u00f3n con aire o agua. Dise\u00f1ada para probar la hermeticidad de diferentes muestras, esta c\u00e1mara proporciona resultados precisos y confiables.<\/p>\n<p><strong>Caracter\u00edsticas Principales<\/strong><\/p>\n<p>Versatilidad en Pruebas: Ideal para embalajes flexibles y r\u00edgidos, botellas, frascos, latas y otros contenedores de vidrio, pl\u00e1stico y aluminio.<br \/>\nOperaci\u00f3n Simple: Equipada con una pantalla t\u00e1ctil intuitiva para ajustar niveles de vac\u00edo y tiempos de prueba, facilitando su uso.<br \/>\nAlta Precisi\u00f3n: Fabricada con PMMA transparente y pulido de alta resistencia, garantiza una precisi\u00f3n de 0.5% en las mediciones.<br \/>\nBeneficios del VLT-ST<\/p>\n<p>La c\u00e1mara VLT-ST permite asegurar la calidad de los embalajes al simular variaciones de presi\u00f3n atmosf\u00e9rica y realizar pruebas opcionales de presi\u00f3n. Su dise\u00f1o robusto y materiales duraderos la hacen ideal para entornos industriales exigentes.<\/p>\n<p><strong>Especificaciones Adicionales<\/strong><\/p>\n<p>Cumple con la norma ASTM 3078 y ofrece opciones personalizadas para diferentes necesidades de pruebas. Su f\u00e1cil verificaci\u00f3n y calibraci\u00f3n, junto con una serie de accesorios opcionales, la convierten en una soluci\u00f3n completa para pruebas de hermeticidad.<\/p>\n<p><strong><u>Aplicaciones:<\/u><\/strong><\/p>\n<ul>\n<li>Embalaje flexible o r\u00edgido<\/li>\n<li>Botellas o frascos de vidrio o pl\u00e1stico<\/li>\n<li>Latas de vidrio, pl\u00e1stico y aluminio<\/li>\n<li>Preformas de PET<\/li>\n<li>Bolsas<\/li>\n<li>Ampollas, pastillas y varios otros medicamentos<\/li>\n<li>Envasado al vac\u00edo<\/li>\n<li>Todo tipo de tubos<\/li>\n<li>Cualquier prueba de embalaje<\/li>\n<li>Desecador<\/li>\n<\/ul>\n<p><strong><u>Especificaciones T\u00e9cnicas:<\/u><\/strong><\/p>\n<ul>\n<li class=\" translation-block\">Cumple con la norma ASTM 3078<\/li>\n<li>Vac\u00edo ajustable hasta -999 mbar<\/li>\n<li>Dimensiones seg\u00fan requerimiento.<\/li>\n<li>Hecho de PMMA (polimetilmetacrilato) transparente y pulido de alta resistencia.<\/li>\n<li>Uso sencillo y seguro.<\/li>\n<li>Precisi\u00f3n: 0,5 % de la medici\u00f3n.<\/li>\n<li class=\" translation-block\">Entregado con sistema Venturi o bomba de vac\u00edo (opcional).<\/li>\n<li>Funciona con red de aire comprimido de 6 bar (versi\u00f3n con generador de vac\u00edo)<\/li>\n<li>Verificaci\u00f3n y calibraci\u00f3n sencilla y r\u00e1pida.<\/li>\n<li>Prueba de presi\u00f3n opcional<\/li>\n<li>Pantalla t\u00e1ctil.<\/li>\n<li class=\" translation-block\">2 etapas de vac\u00edo y tiempo de espera. (Opcional 3 etapas bajo pedido)<\/li>\n<li>Temporizaci\u00f3n ajustable para mantener el vac\u00edo o presi\u00f3n.<\/li>\n<li>Salida RS 232 C<\/li>\n<li>Verificaci\u00f3n y calibraci\u00f3n sencilla y r\u00e1pida.<\/li>\n<\/ul>\n<p><strong><u>Accesorios opciones:<\/u><\/strong><\/p>\n<ul>\n<li>Sistema de inmersi\u00f3n.<\/li>\n<li>Estantes internos<\/li>\n<li>Formas y\/o tama\u00f1os personalizados (bajo pedido)<\/li>\n<li>Bomba de vac\u00edo de alta eficiencia (vac\u00edo de -999 Mb)<\/li>\n<li>Prueba de presi\u00f3n hasta 0,8 bar<\/li>\n<li>Caja en Acero Inoxidable.<\/li>\n<li>Minimpresora.<\/li>\n<li>Software QualiPress<\/li>\n<\/ul>\n","protected":false},"excerpt":{"rendered":"<p>Deteccion de fuga visual por puesta al vacio<br \/>\n<strong>La c\u00e1mara VLT-ST realiza pruebas de hermeticidad por vac\u00edo y presi\u00f3n con aire o agua, ideal para embalajes de vidrio, pl\u00e1stico y otros materiales.<\/strong><\/p>\n","protected":false},"featured_media":3891,"comment_status":"closed","ping_status":"closed","template":"","meta":[],"product_brand":[],"product_cat":[69,70],"product_tag":[],"class_list":{"0":"post-3198","1":"product","2":"type-product","3":"status-publish","4":"has-post-thumbnail","6":"product_cat-botella-de-vidrio","7":"product_cat-prueba-de-fugas-vacio-presion","9":"first","10":"instock","11":"shipping-taxable","12":"product-type-simple"},"_links":{"self":[{"href":"https:\/\/at2e-usa.com\/es\/wp-json\/wp\/v2\/product\/3198","targetHints":{"allow":["GET"]}}],"collection":[{"href":"https:\/\/at2e-usa.com\/es\/wp-json\/wp\/v2\/product"}],"about":[{"href":"https:\/\/at2e-usa.com\/es\/wp-json\/wp\/v2\/types\/product"}],"replies":[{"embeddable":true,"href":"https:\/\/at2e-usa.com\/es\/wp-json\/wp\/v2\/comments?post=3198"}],"version-history":[{"count":1,"href":"https:\/\/at2e-usa.com\/es\/wp-json\/wp\/v2\/product\/3198\/revisions"}],"predecessor-version":[{"id":9999,"href":"https:\/\/at2e-usa.com\/es\/wp-json\/wp\/v2\/product\/3198\/revisions\/9999"}],"wp:featuredmedia":[{"embeddable":true,"href":"https:\/\/at2e-usa.com\/es\/wp-json\/wp\/v2\/media\/3891"}],"wp:attachment":[{"href":"https:\/\/at2e-usa.com\/es\/wp-json\/wp\/v2\/media?parent=3198"}],"wp:term":[{"taxonomy":"product_brand","embeddable":true,"href":"https:\/\/at2e-usa.com\/es\/wp-json\/wp\/v2\/product_brand?post=3198"},{"taxonomy":"product_cat","embeddable":true,"href":"https:\/\/at2e-usa.com\/es\/wp-json\/wp\/v2\/product_cat?post=3198"},{"taxonomy":"product_tag","embeddable":true,"href":"https:\/\/at2e-usa.com\/es\/wp-json\/wp\/v2\/product_tag?post=3198"}],"curies":[{"name":"wp","href":"https:\/\/api.w.org\/{rel}","templated":true}]}}