{"id":3199,"date":"2023-12-05T22:49:18","date_gmt":"2023-12-06T04:49:18","guid":{"rendered":"https:\/\/at2e-usa.com\/product\/vlt-plc-probador-de-fugas-de-vacio-modelo-plc\/"},"modified":"2024-09-24T09:22:05","modified_gmt":"2024-09-24T14:22:05","slug":"vlt-plc-probador-de-fugas-de-vacio-modelo-plc","status":"publish","type":"product","link":"https:\/\/at2e-usa.com\/es\/producto\/vlt-plc-probador-de-fugas-de-vacio-modelo-plc\/","title":{"rendered":"VLT-PLC Probador de fugas de vac\u00edo (modelo PLC)"},"content":{"rendered":"<p><strong><u>Especificaciones:<\/u><\/strong><\/p>\n<ul>\n<li>Vac\u00edo regulable hasta &#8211; 999 mb (-0,985 atm)<\/li>\n<li>Dimensiones construidas seg\u00fan las especificaciones del cliente<\/li>\n<li>Caja fabricada en PMMA transparente pulido (acr\u00edlico muy resistente)<\/li>\n<li>F\u00e1cil y seguro de usar<\/li>\n<li>Panel de control PLC con pantalla t\u00e1ctil<\/li>\n<li>Visualizaci\u00f3n din\u00e1mica: Estado de la prueba\/Fecha y hora<\/li>\n<li>Pantalla: Nombre del producto\/Operador\/N.\u00ba de lote\/N.\u00ba de muestra<\/li>\n<li>Ciclo de prueba definido por el usuario (hasta 16 modos). Predefina hasta 4 pasos de cada prueba. Nivel de vac\u00edo y tiempo de mantenimiento ajustables para cada paso.<\/li>\n<li>Satisface varios requisitos de prueba diferentes<\/li>\n<li>F\u00e1cil operaci\u00f3n: simplemente seleccione el modo predefinido para iniciar una prueba. No es necesario restablecer los par\u00e1metros cada vez.<\/li>\n<li>Hasta 10 operadores y 30 productos almacenados en memoria<\/li>\n<li>N\u00fameros de lote y muestra editables<\/li>\n<li>Revisar la curva de prueba<\/li>\n<li>Salida RS 232 C<\/li>\n<li>Precisi\u00f3n: 0,5% de la medida<\/li>\n<li>Se entrega con bomba de vac\u00edo de alto rendimiento<\/li>\n<li>Funciona con red de 6 bar de presi\u00f3n<\/li>\n<li>Verificaci\u00f3n y calibraci\u00f3n r\u00e1pida y sencilla<\/li>\n<\/ul>\n<p>\u200b<br \/>\n<strong><u>Piezas opcionales:<\/u><\/strong><\/p>\n<ul>\n<li>Placa de inmersi\u00f3n<\/li>\n<li>Miniimpresora<\/li>\n<li>Opci\u00f3n de presi\u00f3n para probar hasta 1 bar (.985 atm)<\/li>\n<\/ul>\n","protected":false},"excerpt":{"rendered":"<p><strong>Detecci\u00f3n de fugas mediante prueba de vac\u00edo<\/strong><\/p>\n<p><strong>Realiza pruebas en:<\/strong><br \/>\n<strong>\u00a0 Botellas:\u00a0<\/strong>Vidrio o PET y Preformas<br \/>\n<strong>\u00a0 Tapas:\u00a0<\/strong>Aluminio, otros metales, pl\u00e1stico<br \/>\n<strong>\u00a0 Latas:\u00a0<\/strong>Aluminio, otro<br \/>\n<strong>\u00a0 Botes:\u00a0<\/strong>tapas, film, blisters, etc.<\/p>\n","protected":false},"featured_media":8246,"comment_status":"open","ping_status":"closed","template":"","meta":[],"product_brand":[],"product_cat":[69,70],"product_tag":[],"class_list":{"0":"post-3199","1":"product","2":"type-product","3":"status-publish","4":"has-post-thumbnail","6":"product_cat-botella-de-vidrio","7":"product_cat-prueba-de-fugas-vacio-presion","9":"first","10":"instock","11":"shipping-taxable","12":"product-type-simple"},"_links":{"self":[{"href":"https:\/\/at2e-usa.com\/es\/wp-json\/wp\/v2\/product\/3199","targetHints":{"allow":["GET"]}}],"collection":[{"href":"https:\/\/at2e-usa.com\/es\/wp-json\/wp\/v2\/product"}],"about":[{"href":"https:\/\/at2e-usa.com\/es\/wp-json\/wp\/v2\/types\/product"}],"replies":[{"embeddable":true,"href":"https:\/\/at2e-usa.com\/es\/wp-json\/wp\/v2\/comments?post=3199"}],"version-history":[{"count":1,"href":"https:\/\/at2e-usa.com\/es\/wp-json\/wp\/v2\/product\/3199\/revisions"}],"predecessor-version":[{"id":10000,"href":"https:\/\/at2e-usa.com\/es\/wp-json\/wp\/v2\/product\/3199\/revisions\/10000"}],"wp:featuredmedia":[{"embeddable":true,"href":"https:\/\/at2e-usa.com\/es\/wp-json\/wp\/v2\/media\/8246"}],"wp:attachment":[{"href":"https:\/\/at2e-usa.com\/es\/wp-json\/wp\/v2\/media?parent=3199"}],"wp:term":[{"taxonomy":"product_brand","embeddable":true,"href":"https:\/\/at2e-usa.com\/es\/wp-json\/wp\/v2\/product_brand?post=3199"},{"taxonomy":"product_cat","embeddable":true,"href":"https:\/\/at2e-usa.com\/es\/wp-json\/wp\/v2\/product_cat?post=3199"},{"taxonomy":"product_tag","embeddable":true,"href":"https:\/\/at2e-usa.com\/es\/wp-json\/wp\/v2\/product_tag?post=3199"}],"curies":[{"name":"wp","href":"https:\/\/api.w.org\/{rel}","templated":true}]}}