{"id":3204,"date":"2023-12-05T22:45:56","date_gmt":"2023-12-06T04:45:56","guid":{"rendered":"https:\/\/at2e-usa.com\/product\/ubpt-1-1s-medidor-universal-de-perpendicularidad-picture\/"},"modified":"2024-09-24T09:18:21","modified_gmt":"2024-09-24T14:18:21","slug":"ubpt-1-1s-medidor-universal-de-perpendicularidad-picture","status":"publish","type":"product","link":"https:\/\/at2e-usa.com\/es\/producto\/ubpt-1-1s-medidor-universal-de-perpendicularidad-picture\/","title":{"rendered":"UBPT-1\/1S &#8211; Medidor Universal De Perpendicularidad Picture"},"content":{"rendered":"<div class=\"elementor-element elementor-element-31c8c130 elementor-widget__width-initial elementor-widget-tablet__width-inherit elementor-widget elementor-widget-woocommerce-product-content\" data-id=\"31c8c130\" data-element_type=\"widget\" data-widget_type=\"woocommerce-product-content.default\">\n<div class=\"elementor-widget-container\">\n<div class=\"paragraph\">\n<p class=\" translation-block\">El\u00a0<strong>UBPT probador universal de perpendicularidad \u00a0<\/strong>es usado para medir la desviaci\u00f3n de las botellas y es un equipo est\u00e1ndar en las industrias de bebidas. Sirve para diferentes tama\u00f1os de botella por su dise\u00f1o especial de sujeci\u00f3n y rotaci\u00f3n. Cuenta con procesamiento electr\u00f3nico de datos que facilita la lectura y procesamiento de valores de m\u00e1ximo y m\u00ednimo<\/p>\n<p><u><strong>Accesorios opcionales:<\/strong><\/u>\u00a0Con la calculadora autom\u00e1tica (se vende por separado en ciertos modelos o incorporada en otros), los datos se pueden enviar a la calculadora y leerlos f\u00e1cilmente. Los valores MAX, MIN y SAD (suma de la diferencia absoluta entre MAX y MIN) se mostrar\u00e1n en la calculadora, de manera conveniente para el operador.<\/p>\n<\/div>\n<div><\/div>\n<div>\n<p><strong><u>Especificaciones te\u0301cnicas:<\/u><\/strong><\/p>\n<ul>\n<li>Rango de botellas: Di\u00e1metro 50 &#8211; 120 mm (mayor por pedido)<\/li>\n<\/ul>\n<p>Di\u00e1metro 110 \u2013 350 mm (mayor por pedido)<\/p>\n<ul>\n<li>Rango de medici\u00f3n: 0-10mm<\/li>\n<li>Precisi\u00f3n: 0 ,01 mm<\/li>\n<li>Dimensiones: L355 x l 250 x H 515<\/li>\n<li>Peso neto: 20 kg<\/li>\n<\/ul>\n<\/div>\n<\/div>\n<\/div>\n<div class=\"elementor-element elementor-element-745fc57e elementor-widget elementor-widget-woocommerce-product-price\" data-id=\"745fc57e\" data-element_type=\"widget\" data-widget_type=\"woocommerce-product-price.default\"><\/div>\n","protected":false},"excerpt":{"rendered":"<div class=\"paragraph\"><strong>para probar eficientemente la desviaci\u00f3n de perpendicularidad de contenedores sim\u00e9tricos<\/strong><\/div>\n<div>\n<div class=\"wsite-image wsite-image-border-none\">\n<div>UBPT-1 measuring glass bottle, with automatic calculator<\/div>\n<div>UBPT-1 measuring PET bottle, with automatic calculator<\/div>\n<\/div>\n<\/div>\n","protected":false},"featured_media":10599,"comment_status":"closed","ping_status":"closed","template":"","meta":[],"product_brand":[],"product_cat":[69,71,66],"product_tag":[],"class_list":{"0":"post-3204","1":"product","2":"type-product","3":"status-publish","4":"has-post-thumbnail","6":"product_cat-botella-de-vidrio","7":"product_cat-botellas-de-plastico-pet","8":"product_cat-dimensional-es","10":"first","11":"instock","12":"shipping-taxable","13":"product-type-simple"},"_links":{"self":[{"href":"https:\/\/at2e-usa.com\/es\/wp-json\/wp\/v2\/product\/3204","targetHints":{"allow":["GET"]}}],"collection":[{"href":"https:\/\/at2e-usa.com\/es\/wp-json\/wp\/v2\/product"}],"about":[{"href":"https:\/\/at2e-usa.com\/es\/wp-json\/wp\/v2\/types\/product"}],"replies":[{"embeddable":true,"href":"https:\/\/at2e-usa.com\/es\/wp-json\/wp\/v2\/comments?post=3204"}],"version-history":[{"count":1,"href":"https:\/\/at2e-usa.com\/es\/wp-json\/wp\/v2\/product\/3204\/revisions"}],"predecessor-version":[{"id":9986,"href":"https:\/\/at2e-usa.com\/es\/wp-json\/wp\/v2\/product\/3204\/revisions\/9986"}],"wp:featuredmedia":[{"embeddable":true,"href":"https:\/\/at2e-usa.com\/es\/wp-json\/wp\/v2\/media\/10599"}],"wp:attachment":[{"href":"https:\/\/at2e-usa.com\/es\/wp-json\/wp\/v2\/media?parent=3204"}],"wp:term":[{"taxonomy":"product_brand","embeddable":true,"href":"https:\/\/at2e-usa.com\/es\/wp-json\/wp\/v2\/product_brand?post=3204"},{"taxonomy":"product_cat","embeddable":true,"href":"https:\/\/at2e-usa.com\/es\/wp-json\/wp\/v2\/product_cat?post=3204"},{"taxonomy":"product_tag","embeddable":true,"href":"https:\/\/at2e-usa.com\/es\/wp-json\/wp\/v2\/product_tag?post=3204"}],"curies":[{"name":"wp","href":"https:\/\/api.w.org\/{rel}","templated":true}]}}