{"id":3205,"date":"2023-12-05T22:44:52","date_gmt":"2023-12-06T04:44:52","guid":{"rendered":"https:\/\/at2e-usa.com\/product\/twb-1-bano-termostatico\/"},"modified":"2024-09-24T09:18:11","modified_gmt":"2024-09-24T14:18:11","slug":"twb-1-bano-termostatico","status":"publish","type":"product","link":"https:\/\/at2e-usa.com\/es\/producto\/twb-1-bano-termostatico\/","title":{"rendered":"TWB-1 &#8211; Ba\u00f1o Termost\u00e1tico"},"content":{"rendered":"<p><strong><u>Especificaciones te\u0301cnicas:<\/u><\/strong><\/p>\n<ul>\n<li>Pantalla tactil muestra en tiempo real temperatura, opcion para detener calentamiento o tiempo despues de alcanzada la temperatura<\/li>\n<li>Rango de temperatura: Temperatura ambiente \u2013 70\u00b0C<\/li>\n<li>Resoluci\u00f3n: 0.1\u00b0C<\/li>\n<li>Linea de aire: 5 \u2013 8 Bar<\/li>\n<li>Resistencia: 1.5 Kw * 2<\/li>\n<li>Dimensiones: 700 x 495 x 780 mm<\/li>\n<li>Peso neto: 50 Kg<\/li>\n<li>Alimentaci\u00f3n: 220V AC \/ 50Hz<\/li>\n<li>Potencia: 3.2 Kw<\/li>\n<\/ul>\n","protected":false},"excerpt":{"rendered":"<div class=\"paragraph\"><strong>para realizar pruebas de temperatura en el empaque<\/strong><\/div>\n<div>\n<div class=\"wsite-multicol\">\n<div class=\"wsite-multicol-table-wrap translation-block\">El<strong>\u00a0TWB-1 ba\u00f1o termost\u00e1tico<\/strong>\u00a0es un equipo de \u201cba\u00f1o Mar\u00eda desarrollado por AT2E. Es usado para realizar pruebas termost\u00e1ticas en varios campos, ya que provee informaci\u00f3n confiable para estimar la calidad de los productos.<\/div>\n<\/div>\n<\/div>\n","protected":false},"featured_media":4182,"comment_status":"closed","ping_status":"closed","template":"","meta":[],"product_brand":[],"product_cat":[78],"product_tag":[],"class_list":{"0":"post-3205","1":"product","2":"type-product","3":"status-publish","4":"has-post-thumbnail","6":"product_cat-bano-termostatico","8":"first","9":"instock","10":"shipping-taxable","11":"product-type-simple"},"_links":{"self":[{"href":"https:\/\/at2e-usa.com\/es\/wp-json\/wp\/v2\/product\/3205","targetHints":{"allow":["GET"]}}],"collection":[{"href":"https:\/\/at2e-usa.com\/es\/wp-json\/wp\/v2\/product"}],"about":[{"href":"https:\/\/at2e-usa.com\/es\/wp-json\/wp\/v2\/types\/product"}],"replies":[{"embeddable":true,"href":"https:\/\/at2e-usa.com\/es\/wp-json\/wp\/v2\/comments?post=3205"}],"version-history":[{"count":1,"href":"https:\/\/at2e-usa.com\/es\/wp-json\/wp\/v2\/product\/3205\/revisions"}],"predecessor-version":[{"id":9985,"href":"https:\/\/at2e-usa.com\/es\/wp-json\/wp\/v2\/product\/3205\/revisions\/9985"}],"wp:featuredmedia":[{"embeddable":true,"href":"https:\/\/at2e-usa.com\/es\/wp-json\/wp\/v2\/media\/4182"}],"wp:attachment":[{"href":"https:\/\/at2e-usa.com\/es\/wp-json\/wp\/v2\/media?parent=3205"}],"wp:term":[{"taxonomy":"product_brand","embeddable":true,"href":"https:\/\/at2e-usa.com\/es\/wp-json\/wp\/v2\/product_brand?post=3205"},{"taxonomy":"product_cat","embeddable":true,"href":"https:\/\/at2e-usa.com\/es\/wp-json\/wp\/v2\/product_cat?post=3205"},{"taxonomy":"product_tag","embeddable":true,"href":"https:\/\/at2e-usa.com\/es\/wp-json\/wp\/v2\/product_tag?post=3205"}],"curies":[{"name":"wp","href":"https:\/\/api.w.org\/{rel}","templated":true}]}}