{"id":3210,"date":"2023-12-05T22:44:06","date_gmt":"2023-12-06T04:44:06","guid":{"rendered":"https:\/\/at2e-usa.com\/product\/torque-check-controlador-de-torque-manual\/"},"modified":"2024-09-24T09:18:01","modified_gmt":"2024-09-24T14:18:01","slug":"torque-check-controlador-de-torque-manual","status":"publish","type":"product","link":"https:\/\/at2e-usa.com\/es\/producto\/torque-check-controlador-de-torque-manual\/","title":{"rendered":"TORQUE CHECK &#8211; Controlador de Torque Manual"},"content":{"rendered":"<p><strong><u>Especificaciones te\u0301cnicas:<\/u><\/strong><br \/>\n\u00b7 Pantalla t\u00e1ctil<br \/>\n\u00b7 Medici\u00f3n en apertura y cierre<br \/>\n\u00b7 Rango de medici\u00f3n: 0.00 a 60.00 Kgf.cm<br \/>\n\u00b7 2 modos de medici\u00f3n (instant\u00e1neo, pico)<br \/>\n\u00b7 Unidades: Kgf.cm \/ Pulgada. Lbs \/ N.cm \/ N.m<br \/>\n\u00b7 Precisi\u00f3n: \u00b1 0,5 % del alcance m\u00e1ximo<br \/>\n\u00b7 Memoriza y gr\u00e1fica.<br \/>\n\u00b7 Carga por USB (PC)<br \/>\n\u00b7 Entregado con certificado de calibraci\u00f3n ASTM<br \/>\n\u00b7 Incluye estuche para transportarlo<br \/>\n\u00b7 110 \/ 230 V \u2013 50\/60 Hz<\/p>\n<p><strong><u>Especificaciones Mec\u00e1nicas:<\/u><\/strong><br \/>\n\u00b7 Dise\u00f1o bajo pedido<br \/>\n\u00b7 Bater\u00eda interna para 3 horas<br \/>\n\u00b7 Dimensiones: di\u00e1metro m\u00ednimo 35 mm. Alto m\u00e1ximo 60mm.<br \/>\n\u00b7 Peso 0.5 Kg.<\/p>\n<p><strong><u>Uso:<\/u><\/strong><br \/>\n\u00b7 Se coloca directamente sobre torqu\u00edmetro, tapa o cabezal de tapado.<br \/>\n\u00b7 Permite controlar el torque de los cabezales de tapado.<br \/>\n\u00b7 Evitar desmontajes<\/p>\n","protected":false},"excerpt":{"rendered":"<p><strong>TORQUE CHECK<\/strong>\u00a0ha sido desarollada para permitir a los operarios y personal de metrolog\u00eda, revisar de forma rapida y simple la calibraci\u00f3n de cualquier torqu\u00edmetro y de los cabezales de tapado.<br \/>\n\u200b<br \/>\nF\u00e1cil de usar, s\u00f3lo instalela sobre el torqu\u00edmetro, en la tapa o en el cabezal de tapado y gire para abrir o cerrar.<\/p>\n","protected":false},"featured_media":2737,"comment_status":"closed","ping_status":"closed","template":"","meta":[],"product_brand":[],"product_cat":[74],"product_tag":[],"class_list":{"0":"post-3210","1":"product","2":"type-product","3":"status-publish","4":"has-post-thumbnail","6":"product_cat-torque-es","8":"first","9":"instock","10":"shipping-taxable","11":"product-type-simple"},"_links":{"self":[{"href":"https:\/\/at2e-usa.com\/es\/wp-json\/wp\/v2\/product\/3210","targetHints":{"allow":["GET"]}}],"collection":[{"href":"https:\/\/at2e-usa.com\/es\/wp-json\/wp\/v2\/product"}],"about":[{"href":"https:\/\/at2e-usa.com\/es\/wp-json\/wp\/v2\/types\/product"}],"replies":[{"embeddable":true,"href":"https:\/\/at2e-usa.com\/es\/wp-json\/wp\/v2\/comments?post=3210"}],"version-history":[{"count":1,"href":"https:\/\/at2e-usa.com\/es\/wp-json\/wp\/v2\/product\/3210\/revisions"}],"predecessor-version":[{"id":9984,"href":"https:\/\/at2e-usa.com\/es\/wp-json\/wp\/v2\/product\/3210\/revisions\/9984"}],"wp:featuredmedia":[{"embeddable":true,"href":"https:\/\/at2e-usa.com\/es\/wp-json\/wp\/v2\/media\/2737"}],"wp:attachment":[{"href":"https:\/\/at2e-usa.com\/es\/wp-json\/wp\/v2\/media?parent=3210"}],"wp:term":[{"taxonomy":"product_brand","embeddable":true,"href":"https:\/\/at2e-usa.com\/es\/wp-json\/wp\/v2\/product_brand?post=3210"},{"taxonomy":"product_cat","embeddable":true,"href":"https:\/\/at2e-usa.com\/es\/wp-json\/wp\/v2\/product_cat?post=3210"},{"taxonomy":"product_tag","embeddable":true,"href":"https:\/\/at2e-usa.com\/es\/wp-json\/wp\/v2\/product_tag?post=3210"}],"curies":[{"name":"wp","href":"https:\/\/api.w.org\/{rel}","templated":true}]}}