{"id":3211,"date":"2023-12-05T22:43:17","date_gmt":"2023-12-06T04:43:17","guid":{"rendered":"https:\/\/at2e-usa.com\/product\/tmv8-torquimetro-tactil-electronico\/"},"modified":"2024-10-14T08:45:30","modified_gmt":"2024-10-14T13:45:30","slug":"tmv8-torquimetro-tactil-electronico","status":"publish","type":"product","link":"https:\/\/at2e-usa.com\/es\/producto\/tmv8-torquimetro-tactil-electronico\/","title":{"rendered":"TMV8 Torqu\u00edmetro T\u00e1ctil Electr\u00f3nico"},"content":{"rendered":"<p><strong><u>Especificaciones te\u0301cnicas:<\/u><\/strong><\/p>\n<ul>\n<li>Medici\u00f3n en apertura y cierre.<\/li>\n<li>Rango de medici\u00f3n de 0.00 a 99.00 Kgf.cm<\/li>\n<li>Precisi\u00f3n: \u00b1 0.5 % del alcance m\u00e1ximo.<\/li>\n<li>2 modos de medici\u00f3n (instant\u00e1neo, pico)<\/li>\n<li>Unidades: Kgf.cm \/ pulgadas, lbs \/ daN.cm \/ N.m \/ N.cm.<\/li>\n<li>Almacena y transfiere a PC hasta 999 medidas<\/li>\n<li>Registro de datos: valor m\u00e1ximo, m\u00ednimo y medio<\/li>\n<li>Mostrar el umbral de par dado<\/li>\n<li>Salida: RS232 para Mini impresora<\/li>\n<li>Entregado con el certificado de calibraci\u00f3n COFRAC<\/li>\n<li>110 \/ 230 V &#8211; 50\/60 Hz<\/li>\n<\/ul>\n<p><strong><u>Especificaciones Mec\u00e1nicas:<\/u><\/strong><\/p>\n<ul>\n<li>Carcasa em acero inoxidable<\/li>\n<li>Platillo de sujeci\u00f3n: Agro \/ 4-Pines<\/li>\n<li>Rango de muestra: 1\u201d \u2013 6.7\u201d \u00d8 \/ 25 &#8211; 170 mm \u00d8<\/li>\n<li>Dimensiones: 12.6\u201d x 9.9\u201d x 7.1\u201d \/ 320 x 250 x180 mm (L x W x H)<\/li>\n<li>Peso: 18 lbs \/ 8Kg<\/li>\n<\/ul>\n<p><strong><u>Accesorios opcionales:<\/u><\/strong><\/p>\n<ul>\n<li>Bloque de apertura<\/li>\n<li>Mini impresora<\/li>\n<li>Paquete de calibraci\u00f3n<\/li>\n<li>Bater\u00eda<\/li>\n<\/ul>\n","protected":false},"excerpt":{"rendered":"<p>Nuestros Torqu\u00edmetros est\u00e1n construidos con mec\u00e1nicas especiales que permiten anular todos los esfuerzos verticales; adem\u00e1s tienen una electr\u00f3nica muy r\u00e1pida. Estas particularidades permiten mejorar considerablemente la reproductividad de medida entre diferentes operadores.<\/p>\n","protected":false},"featured_media":2731,"comment_status":"closed","ping_status":"closed","template":"","meta":[],"product_brand":[],"product_cat":[74],"product_tag":[],"class_list":{"0":"post-3211","1":"product","2":"type-product","3":"status-publish","4":"has-post-thumbnail","6":"product_cat-torque-es","8":"first","9":"instock","10":"shipping-taxable","11":"product-type-simple"},"_links":{"self":[{"href":"https:\/\/at2e-usa.com\/es\/wp-json\/wp\/v2\/product\/3211","targetHints":{"allow":["GET"]}}],"collection":[{"href":"https:\/\/at2e-usa.com\/es\/wp-json\/wp\/v2\/product"}],"about":[{"href":"https:\/\/at2e-usa.com\/es\/wp-json\/wp\/v2\/types\/product"}],"replies":[{"embeddable":true,"href":"https:\/\/at2e-usa.com\/es\/wp-json\/wp\/v2\/comments?post=3211"}],"version-history":[{"count":2,"href":"https:\/\/at2e-usa.com\/es\/wp-json\/wp\/v2\/product\/3211\/revisions"}],"predecessor-version":[{"id":10141,"href":"https:\/\/at2e-usa.com\/es\/wp-json\/wp\/v2\/product\/3211\/revisions\/10141"}],"wp:featuredmedia":[{"embeddable":true,"href":"https:\/\/at2e-usa.com\/es\/wp-json\/wp\/v2\/media\/2731"}],"wp:attachment":[{"href":"https:\/\/at2e-usa.com\/es\/wp-json\/wp\/v2\/media?parent=3211"}],"wp:term":[{"taxonomy":"product_brand","embeddable":true,"href":"https:\/\/at2e-usa.com\/es\/wp-json\/wp\/v2\/product_brand?post=3211"},{"taxonomy":"product_cat","embeddable":true,"href":"https:\/\/at2e-usa.com\/es\/wp-json\/wp\/v2\/product_cat?post=3211"},{"taxonomy":"product_tag","embeddable":true,"href":"https:\/\/at2e-usa.com\/es\/wp-json\/wp\/v2\/product_tag?post=3211"}],"curies":[{"name":"wp","href":"https:\/\/api.w.org\/{rel}","templated":true}]}}