{"id":3212,"date":"2023-12-05T22:42:14","date_gmt":"2023-12-06T04:42:14","guid":{"rendered":"https:\/\/at2e-usa.com\/product\/tmv7-torquimetro-tactil-electronico\/"},"modified":"2024-09-24T09:17:38","modified_gmt":"2024-09-24T14:17:38","slug":"torquimetro-tactil-electronico-tmv7","status":"publish","type":"product","link":"https:\/\/at2e-usa.com\/es\/producto\/torquimetro-tactil-electronico-tmv7\/","title":{"rendered":"TMV7 &#8211; Torqu\u00edmetro T\u00e1ctil Electr\u00f3nico de Alta Precisi\u00f3n"},"content":{"rendered":"<p><strong>Torqu\u00edmetro T\u00e1ctil Electr\u00f3nico TMV7<\/strong><br \/>\nEl torqu\u00edmetro t\u00e1ctil electr\u00f3nico TMV7 es una herramienta avanzada dise\u00f1ada para medir el torque con alta precisi\u00f3n. Este dispositivo cuenta con una pantalla t\u00e1ctil de 7&#8243; a color que facilita su uso y ofrece lecturas claras y precisas.<\/p>\n<p><strong>Caracter\u00edsticas Principales<\/strong><\/p>\n<p>Medici\u00f3n Precisa: El TMV7 permite medir tanto en apertura como en cierre, con un rango de 0.030 a 4.000 Kgf.cm en modo de alta precisi\u00f3n.<br \/>\nModos de Medici\u00f3n Vers\u00e1tiles: Dispone de tres modos de medici\u00f3n: instant\u00e1neo, pico y pico+stat, as\u00ed como un modo especial de apertura y bloqueo.<br \/>\nConectividad y Almacenamiento: Incluye salidas RS232 y mini USB para PC y mini impresora, con capacidad para almacenar hasta 9999 medidas.<br \/>\nBeneficios del TMV7<\/p>\n<p>El torqu\u00edmetro TMV7, adem\u00e1s de ser altamente preciso, est\u00e1 construido con mec\u00e1nicas especiales que anulan los esfuerzos verticales y una electr\u00f3nica r\u00e1pida que mejora la reproducibilidad de las mediciones entre diferentes operadores.<\/p>\n<p><strong>Especificaciones Adicionales<\/strong><\/p>\n<p>La memoria del TMV7 permite almacenar datos de hasta 30 productos diferentes, cada uno con cuatro l\u00edmites configurables. Su carcasa de acero inoxidable garantiza durabilidad y resistencia, ideal para entornos industriales exigentes.<\/p>\n<p><strong><u>Especificaciones te\u0301cnicas:<\/u><\/strong><br \/>\n\u00b7 Pantalla TACTIL de 7&#8243; a color<br \/>\n\u00b7 Medici\u00f3n en apertura y cierre.<br \/>\n\u00b7 0.030 a 4.000 Kgf.cm en modo de alta precisi\u00f3n<br \/>\n\u00b7 Rango de medici\u00f3n: 0.00 a 99.00 Kgf.cm<br \/>\n\u00b7 3 modos de medici\u00f3n (instant\u00e1neo, pico, pico+stat)<br \/>\n\u00b7 Modo especial de apertura y bloqueo y ruptura.<br \/>\n\u00b7 Unidades: Kgf.cm \/ pulgadas.Lbs \/ daN.cm \/ N.m \/ N.cm<br \/>\n\u00b7 Precisi\u00f3n: \u00b1 0,2 % del alcance m\u00e1ximo<br \/>\n\u00b7 Memoria para 30 productos con 4 limites cada uno.<br \/>\n\u00b7 4 umbrales por producto Muy bajo, bajo, alto y muy alto.<br \/>\n\u00b7 8 niveles de acceso con clave (operario, superviso, admon)<br \/>\n\u00b7 Almacena y transfiere a PC hasta 9999 medidas<br \/>\n\u00b7 Gr\u00e1fica y emite alarma de los valores parametrizados<br \/>\n\u00b7 Pantalla din\u00e1mica: estad\u00edstica, hora, fecha<br \/>\nproducto, operador, n\u00famero de lote, numero de l\u00ednea<br \/>\n\u00b7 Curva de \u00faltima medida<br \/>\n\u00b7 2 salidas: RS232 y mini USB para PC y Mini impresora<br \/>\n\u00b7 Idioma: Espa\u00f1ol, Franc\u00e9s, Ingl\u00e9s e Italiano<br \/>\n\u00b7 Entregado con el certificado de calibraci\u00f3n ASTM<br \/>\n\u00b7 110 \/ 230 V \u2013 50\/60 Hz<br \/>\n\u00b7 Malet\u00edn para transporte<\/p>\n<p><strong><u>Especificaciones Mec\u00e1nicas:<\/u><\/strong><br \/>\n\u00b7 Carcaza en acero inoxidable<br \/>\n\u00b7 Choice of measuring table: Agro \/ Cosmetic<br \/>\n\u00b7 Dimensions: 370x215x150 to 200mm<br \/>\n\u00b7 Peso: 120 Kg<\/p>\n<p>\u200b<strong><u>Accesorios opcionales:<\/u><\/strong><br \/>\n\u00b7 QUALITORQ Software CFR 21- FDA except audit trail<br \/>\nFor data storage and statistics analysis<br \/>\n\u00b7 Mini impresora<br \/>\n\u00b7 Bloque de cerrado r\u00e1pido<br \/>\n\u00b7 Kit de calibraci\u00f3n<br \/>\n\u00b7 Portable case<br \/>\n\u00b7 Battery<\/p>\n","protected":false},"excerpt":{"rendered":"<p><strong>El torqu\u00edmetro t\u00e1ctil electr\u00f3nico TMV7 ofrece alta precisi\u00f3n y facilidad de uso, ideal para diversas aplicaciones de medici\u00f3n de torque<\/strong><\/p>\n","protected":false},"featured_media":2727,"comment_status":"closed","ping_status":"closed","template":"","meta":[],"product_brand":[],"product_cat":[74],"product_tag":[],"class_list":{"0":"post-3212","1":"product","2":"type-product","3":"status-publish","4":"has-post-thumbnail","6":"product_cat-torque-es","8":"first","9":"instock","10":"shipping-taxable","11":"product-type-simple"},"_links":{"self":[{"href":"https:\/\/at2e-usa.com\/es\/wp-json\/wp\/v2\/product\/3212","targetHints":{"allow":["GET"]}}],"collection":[{"href":"https:\/\/at2e-usa.com\/es\/wp-json\/wp\/v2\/product"}],"about":[{"href":"https:\/\/at2e-usa.com\/es\/wp-json\/wp\/v2\/types\/product"}],"replies":[{"embeddable":true,"href":"https:\/\/at2e-usa.com\/es\/wp-json\/wp\/v2\/comments?post=3212"}],"version-history":[{"count":1,"href":"https:\/\/at2e-usa.com\/es\/wp-json\/wp\/v2\/product\/3212\/revisions"}],"predecessor-version":[{"id":9982,"href":"https:\/\/at2e-usa.com\/es\/wp-json\/wp\/v2\/product\/3212\/revisions\/9982"}],"wp:featuredmedia":[{"embeddable":true,"href":"https:\/\/at2e-usa.com\/es\/wp-json\/wp\/v2\/media\/2727"}],"wp:attachment":[{"href":"https:\/\/at2e-usa.com\/es\/wp-json\/wp\/v2\/media?parent=3212"}],"wp:term":[{"taxonomy":"product_brand","embeddable":true,"href":"https:\/\/at2e-usa.com\/es\/wp-json\/wp\/v2\/product_brand?post=3212"},{"taxonomy":"product_cat","embeddable":true,"href":"https:\/\/at2e-usa.com\/es\/wp-json\/wp\/v2\/product_cat?post=3212"},{"taxonomy":"product_tag","embeddable":true,"href":"https:\/\/at2e-usa.com\/es\/wp-json\/wp\/v2\/product_tag?post=3212"}],"curies":[{"name":"wp","href":"https:\/\/api.w.org\/{rel}","templated":true}]}}