{"id":3213,"date":"2023-12-05T22:40:25","date_gmt":"2023-12-06T04:40:25","guid":{"rendered":"https:\/\/at2e-usa.com\/product\/tct-2-probador-de-tension-o-compresion\/"},"modified":"2024-09-24T09:17:28","modified_gmt":"2024-09-24T14:17:28","slug":"tct-2-probador-de-tension-o-compresion","status":"publish","type":"product","link":"https:\/\/at2e-usa.com\/es\/producto\/tct-2-probador-de-tension-o-compresion\/","title":{"rendered":"TCT-2 &#8211; Probador de Tensi\u00f3n o Compresi\u00f3n"},"content":{"rendered":"<div class=\"paragraph translation-block\">EL TCT-2 cumple la norma para evaluaci\u00f3n de botellas de\u00a0<strong>PET ISBT<\/strong>. La definici\u00f3n de ciclos de usuario lo hace ampliamente compatible con cualquier tipo de prueba requerido.<\/div>\n<div class=\"paragraph\">\u200b<br \/>\n<strong><u>Caracter\u00edsticas:<\/u><\/strong><\/div>\n<div class=\"paragraph\">\n<ul>\n<li>Completo paralelismo entre placas<\/li>\n<li>Grabaci\u00f3n autom\u00e1tica de la fuerza<\/li>\n<li>Pantalla t\u00e1ctil<\/li>\n<li>Graduaci\u00f3n de la velocidad y recorrido<\/li>\n<li>Permite medir tensi\u00f3n y compresi\u00f3n<\/li>\n<li>4 ciclos parametrizables (4 niveles de fuerza y tiempo de espera) para satisfacer distintas pruebas<\/li>\n<li>Almacenamiento de 30 productos, 10 operadores, n\u00famero de lote, muestra (todo con clave)<\/li>\n<li>F\u00e1cil montaje de las muestras.<\/li>\n<li>Muestra toda la informaci\u00f3n durante el ciclo: tiempo, par\u00e1metros, operador, producto, lote, muestra, valor<\/li>\n<li>Valida en tiempo real el comportamiento de la curva<\/li>\n<li>Salida RS232<\/li>\n<li>El dise\u00f1o de acero inoxidable garantiza la durabilidad del probador<\/li>\n<li>Protecci\u00f3n contra sobrecarga mec\u00e1nica.<\/li>\n<li>Dise\u00f1o seguro.<\/li>\n<\/ul>\n<p>&nbsp;<\/p>\n<p><strong><u>Especificaciones te\u0301cnicas:<\/u><\/strong><\/p>\n<ul>\n<li>Dimensiones: 500 x 400 x 870 mm<\/li>\n<li>Rango de medici\u00f3n: 0-1000 N (mayor por pedido).<\/li>\n<li>Resoluci\u00f3n: 1 N<\/li>\n<li>Alimentaci\u00f3n: 110 \/ 230V AC 50-60Hz.<\/li>\n<li>Peso: 50 Kg.<\/li>\n<\/ul>\n<p>&nbsp;<\/p>\n<p><strong><u>Accesorios opcionales:<\/u><\/strong><\/p>\n<ul>\n<li>M\u00f3dulo de calibraci\u00f3n<\/li>\n<li>Mini impresora<\/li>\n<li>Dispositivos personalizados para muestra<\/li>\n<li>Programa QUALIFORCE<\/li>\n<\/ul>\n<\/div>\n","protected":false},"excerpt":{"rendered":"<p><strong>Probador de resistencia universal para botellas, latas y otros envases\u200b<\/strong><\/p>\n<div class=\"paragraph translation-block\">El\u00a0<strong>TCT-2<\/strong>\u00a0mide la fuerza de resistencia a la tensi\u00f3n o compresi\u00f3n de todo tipo de envases. La muestra se coloca en el soporte y gradualmente se tensiona o comprime. La distancia entre el soporte y la placa superior se puede ajustar seg\u00fan se requiera. La muestra puede comprimirse o tensionarse hasta su carga m\u00e1xima o hasta la distancia parametrizada. El valor es mostrado en la pantalla t\u00e1ctil y el reporte se imprime.<\/div>\n","protected":false},"featured_media":9815,"comment_status":"closed","ping_status":"closed","template":"","meta":[],"product_brand":[],"product_cat":[68],"product_tag":[],"class_list":{"0":"post-3213","1":"product","2":"type-product","3":"status-publish","4":"has-post-thumbnail","6":"product_cat-fuerza-compresion","8":"first","9":"instock","10":"shipping-taxable","11":"product-type-simple"},"_links":{"self":[{"href":"https:\/\/at2e-usa.com\/es\/wp-json\/wp\/v2\/product\/3213","targetHints":{"allow":["GET"]}}],"collection":[{"href":"https:\/\/at2e-usa.com\/es\/wp-json\/wp\/v2\/product"}],"about":[{"href":"https:\/\/at2e-usa.com\/es\/wp-json\/wp\/v2\/types\/product"}],"replies":[{"embeddable":true,"href":"https:\/\/at2e-usa.com\/es\/wp-json\/wp\/v2\/comments?post=3213"}],"version-history":[{"count":1,"href":"https:\/\/at2e-usa.com\/es\/wp-json\/wp\/v2\/product\/3213\/revisions"}],"predecessor-version":[{"id":9981,"href":"https:\/\/at2e-usa.com\/es\/wp-json\/wp\/v2\/product\/3213\/revisions\/9981"}],"wp:featuredmedia":[{"embeddable":true,"href":"https:\/\/at2e-usa.com\/es\/wp-json\/wp\/v2\/media\/9815"}],"wp:attachment":[{"href":"https:\/\/at2e-usa.com\/es\/wp-json\/wp\/v2\/media?parent=3213"}],"wp:term":[{"taxonomy":"product_brand","embeddable":true,"href":"https:\/\/at2e-usa.com\/es\/wp-json\/wp\/v2\/product_brand?post=3213"},{"taxonomy":"product_cat","embeddable":true,"href":"https:\/\/at2e-usa.com\/es\/wp-json\/wp\/v2\/product_cat?post=3213"},{"taxonomy":"product_tag","embeddable":true,"href":"https:\/\/at2e-usa.com\/es\/wp-json\/wp\/v2\/product_tag?post=3213"}],"curies":[{"name":"wp","href":"https:\/\/api.w.org\/{rel}","templated":true}]}}