{"id":3215,"date":"2023-12-05T22:36:11","date_gmt":"2023-12-06T04:36:11","guid":{"rendered":"https:\/\/at2e-usa.com\/product\/str-1-decapante-de-costuras\/"},"modified":"2024-09-24T09:17:02","modified_gmt":"2024-09-24T14:17:02","slug":"str-1-decapante-de-costuras","status":"publish","type":"product","link":"https:\/\/at2e-usa.com\/es\/producto\/str-1-decapante-de-costuras\/","title":{"rendered":"STR-1 \u2013 Decapante de costuras"},"content":{"rendered":"<div class=\"paragraph\">\n<p><strong>Caracter\u00edsticas:<\/strong><\/p>\n<ul>\n<li>Varios disen\u0303os de seguridad<\/li>\n<li>Operaci\u00f3n de desmontaje r\u00e1pida y segura sin da\u00f1ar o distorsionar el gancho de la cubierta<\/li>\n<li>Estructura duradera para garantizar la estabilidad del instrumento<\/li>\n<\/ul>\n<p>&nbsp;<\/p>\n<\/div>\n<div class=\"paragraph\">\n<p><strong>Especificaciones te\u0301cnicas:<\/strong><\/p>\n<ul>\n<li>Tama\u00f1o de la muestra: \u03a650-90mm (otro tama\u00f1os disponibles a solicitud)<\/li>\n<li>Tipo de ejemplo: Latas de aluminio y acero.<\/li>\n<\/ul>\n<\/div>\n","protected":false},"excerpt":{"rendered":"<p>El STR-1 Seam Stripper est\u00e1 dise\u00f1ado para cortar y pelar r\u00e1pidamente la doble costura de las latas de aluminio y acero en un solo movimiento. Gracias a la configuraci\u00f3n \u00fanica de los cortadores de rodillos, solo se cortar\u00e1 el gancho de la cubierta. El gancho del cuerpo y el gancho de la cubierta est\u00e1n en perfectas condiciones para la medici\u00f3n o inspecci\u00f3n visual<\/p>\n","protected":false},"featured_media":4225,"comment_status":"closed","ping_status":"closed","template":"","meta":[],"product_brand":[],"product_cat":[63],"product_tag":[],"class_list":{"0":"post-3215","1":"product","2":"type-product","3":"status-publish","4":"has-post-thumbnail","6":"product_cat-costura-de-latas","8":"first","9":"instock","10":"shipping-taxable","11":"product-type-simple"},"_links":{"self":[{"href":"https:\/\/at2e-usa.com\/es\/wp-json\/wp\/v2\/product\/3215","targetHints":{"allow":["GET"]}}],"collection":[{"href":"https:\/\/at2e-usa.com\/es\/wp-json\/wp\/v2\/product"}],"about":[{"href":"https:\/\/at2e-usa.com\/es\/wp-json\/wp\/v2\/types\/product"}],"replies":[{"embeddable":true,"href":"https:\/\/at2e-usa.com\/es\/wp-json\/wp\/v2\/comments?post=3215"}],"version-history":[{"count":1,"href":"https:\/\/at2e-usa.com\/es\/wp-json\/wp\/v2\/product\/3215\/revisions"}],"predecessor-version":[{"id":9979,"href":"https:\/\/at2e-usa.com\/es\/wp-json\/wp\/v2\/product\/3215\/revisions\/9979"}],"wp:featuredmedia":[{"embeddable":true,"href":"https:\/\/at2e-usa.com\/es\/wp-json\/wp\/v2\/media\/4225"}],"wp:attachment":[{"href":"https:\/\/at2e-usa.com\/es\/wp-json\/wp\/v2\/media?parent=3215"}],"wp:term":[{"taxonomy":"product_brand","embeddable":true,"href":"https:\/\/at2e-usa.com\/es\/wp-json\/wp\/v2\/product_brand?post=3215"},{"taxonomy":"product_cat","embeddable":true,"href":"https:\/\/at2e-usa.com\/es\/wp-json\/wp\/v2\/product_cat?post=3215"},{"taxonomy":"product_tag","embeddable":true,"href":"https:\/\/at2e-usa.com\/es\/wp-json\/wp\/v2\/product_tag?post=3215"}],"curies":[{"name":"wp","href":"https:\/\/api.w.org\/{rel}","templated":true}]}}