{"id":3217,"date":"2023-12-05T22:35:20","date_gmt":"2023-12-06T04:35:20","guid":{"rendered":"https:\/\/at2e-usa.com\/product\/stg-1-indicador-para-espesor-de-costura\/"},"modified":"2024-12-12T06:37:37","modified_gmt":"2024-12-12T12:37:37","slug":"stg-1-indicador-para-espesor-de-costura","status":"publish","type":"product","link":"https:\/\/at2e-usa.com\/es\/producto\/stg-1-indicador-para-espesor-de-costura\/","title":{"rendered":"STG-1 &#8211; Indicador para Espesor de Costura"},"content":{"rendered":"<div class=\"paragraph\">\n<p>Con la compensaci\u00f3n del \u00e1ngulo de medida y el punto de medici\u00f3n del centro ajustado, la lata se auto posiciona en el centro f\u00e1cilmente durante la medici\u00f3n. El calibrador es aplicable para diferentes tipos de latas.<\/p>\n<p>Cuando se utiliza el proyector de doble costura, la estructura de la costura puede tener una leve deformaci\u00f3n despu\u00e9s de cortar con la sierra de corte de costura, por lo tanto, el grosor de la costura medido en el proyector puede tener una cierta desviaci\u00f3n. Usando este medidor, es posible determinar el valor real del grosor de la costura.<\/p>\n<p>Para evitar el error de registro manual, el medidor puede conectarse al sistema SPC o al software \u00abSeamCheck\u00bb de AT2E con la caja de transporte de datos DTB-1 y el cable. As\u00ed los datos puedan ser transferidos al software \u00abSeamCheck\u00bb a trav\u00e9s del DTB-1 y cable.<\/p>\n<\/div>\n<div>\n<div id=\"138417487157908503\" class=\"wcustomhtml\" align=\"left\">\n<table class=\"tg\">\n<tbody>\n<tr>\n<th class=\"tg-yw4l\" colspan=\"2\">Especificaciones te\u0301cnicas:<\/th>\n<\/tr>\n<tr>\n<td class=\"tg-yw4l\">Rango de medici\u00f3n<\/td>\n<td class=\"tg-yw4l\">0-5 mm<\/td>\n<\/tr>\n<tr>\n<td class=\"tg-yw4l\">Resoluci\u00f3n<\/td>\n<td class=\"tg-yw4l\">0.01 mm<\/td>\n<\/tr>\n<tr>\n<td class=\"tg-yw4l\">Precisi\u00f3n<\/td>\n<td class=\"tg-yw4l\">\u00b10.01 mm<\/td>\n<\/tr>\n<tr>\n<td class=\"tg-yw4l\">Rango de muestra<\/td>\n<td class=\"tg-yw4l\">Latas de 2 y 3 piezas<\/td>\n<\/tr>\n<tr>\n<td class=\"tg-yw4l\">Capacidad<\/td>\n<td class=\"tg-yw4l\">Latas di\u00e1metro 50 hasta 90 mm (superior bajo pedido)<\/td>\n<\/tr>\n<tr>\n<td class=\"tg-yw4l\">Dimensiones<\/td>\n<td class=\"tg-yw4l\">300 (L) x 70 (A) x 85 (H) mm<\/td>\n<\/tr>\n<tr>\n<td class=\"tg-yw4l\">Peso neto<\/td>\n<td class=\"tg-yw4l\">3 kg<\/td>\n<\/tr>\n<\/tbody>\n<\/table>\n<\/div>\n<\/div>\n","protected":false},"excerpt":{"rendered":"<p><strong>Para medir con precisi\u00f3n el espesor de la costura de las latas\u200b<\/strong><\/p>\n<p class=\" translation-block\">EL<strong>\u00a0STG-1\u00a0<\/strong>es usado para medir el espesor de costura de latas.<\/p>\n<p>El dise\u00f1o de f\u00e1cil operaci\u00f3n ofrece una medici\u00f3n r\u00e1pida y precisa del grosor de la costura.<\/p>\n","protected":false},"featured_media":10581,"comment_status":"closed","ping_status":"closed","template":"","meta":[],"product_brand":[],"product_cat":[63,66],"product_tag":[],"class_list":{"0":"post-3217","1":"product","2":"type-product","3":"status-publish","4":"has-post-thumbnail","6":"product_cat-costura-de-latas","7":"product_cat-dimensional-es","9":"first","10":"instock","11":"shipping-taxable","12":"product-type-simple"},"_links":{"self":[{"href":"https:\/\/at2e-usa.com\/es\/wp-json\/wp\/v2\/product\/3217","targetHints":{"allow":["GET"]}}],"collection":[{"href":"https:\/\/at2e-usa.com\/es\/wp-json\/wp\/v2\/product"}],"about":[{"href":"https:\/\/at2e-usa.com\/es\/wp-json\/wp\/v2\/types\/product"}],"replies":[{"embeddable":true,"href":"https:\/\/at2e-usa.com\/es\/wp-json\/wp\/v2\/comments?post=3217"}],"version-history":[{"count":2,"href":"https:\/\/at2e-usa.com\/es\/wp-json\/wp\/v2\/product\/3217\/revisions"}],"predecessor-version":[{"id":10590,"href":"https:\/\/at2e-usa.com\/es\/wp-json\/wp\/v2\/product\/3217\/revisions\/10590"}],"wp:featuredmedia":[{"embeddable":true,"href":"https:\/\/at2e-usa.com\/es\/wp-json\/wp\/v2\/media\/10581"}],"wp:attachment":[{"href":"https:\/\/at2e-usa.com\/es\/wp-json\/wp\/v2\/media?parent=3217"}],"wp:term":[{"taxonomy":"product_brand","embeddable":true,"href":"https:\/\/at2e-usa.com\/es\/wp-json\/wp\/v2\/product_brand?post=3217"},{"taxonomy":"product_cat","embeddable":true,"href":"https:\/\/at2e-usa.com\/es\/wp-json\/wp\/v2\/product_cat?post=3217"},{"taxonomy":"product_tag","embeddable":true,"href":"https:\/\/at2e-usa.com\/es\/wp-json\/wp\/v2\/product_tag?post=3217"}],"curies":[{"name":"wp","href":"https:\/\/api.w.org\/{rel}","templated":true}]}}