{"id":3220,"date":"2023-12-05T22:31:35","date_gmt":"2023-12-06T04:31:35","guid":{"rendered":"https:\/\/at2e-usa.com\/product\/ssa-eco-aparatos-de-prueba-de-hermeticidad\/"},"modified":"2024-09-24T09:16:14","modified_gmt":"2024-09-24T14:16:14","slug":"ssa-eco-aparatos-de-prueba-de-hermeticidad","status":"publish","type":"product","link":"https:\/\/at2e-usa.com\/es\/producto\/ssa-eco-aparatos-de-prueba-de-hermeticidad\/","title":{"rendered":"SSA-ECO &#8211; Aparatos de Prueba de Hermeticidad"},"content":{"rendered":"<p><strong><u>Especificaciones te\u0301cnicas:<\/u><\/strong><br \/>\n\u00b7 Rango de medici\u00f3n: 0 hasta 16 bar.<br \/>\n\u00b7 Precisi\u00f3n: 0,5 % del alcance m\u00e1ximo.<br \/>\n\u00b7 Prueba de botellas, latas, preformas.<br \/>\n\u00b7 Aguja especial patentado por AT2E.<br \/>\n\u00b7 Analog display<br \/>\n\u00b7 Unidades: bar \/ PSI.<br \/>\n\u00b7 Dispositivo seguro en acero inoxidable<br \/>\n\u00b7 Puesta del nivel de presi\u00f3n (regulador)<br \/>\n\u00b7 Resistente a explosiones<br \/>\n\u00b7 Presi\u00f3n m\u00e1xima 16 bar<br \/>\n\u00b7 Compatible con aguja rosca.<br \/>\n\u00b7 Funciona sobre red de aire comprimido de 5-8 bar.<br \/>\n\u00b7 Fuente de presi\u00f3n de 0-16 bar para pruebas<br \/>\n\u00b7 Dimensiones : L 390x l 550 x h 690 mm.<br \/>\n\u00b7 Peso Neto : 25kg.<\/p>\n<p><strong><u>Accesorios opcionales:<\/u><\/strong><br \/>\n\u00b7 Cortadores<br \/>\n\u00b7 Sujetador de tapa<br \/>\n<a>\u00b7<\/a>\u00a0Soporte de botella<br \/>\n\u00b7 Aguja de rosca<br \/>\n\u00b7 Modelo SSA-ECO3\u200b\u200b<\/p>\n","protected":false},"excerpt":{"rendered":"<p><strong>M\u00e1quina de prueba de fugas de punto de burbuja<\/strong><\/p>\n<p class=\" translation-block\">El AT2E\u00a0<strong>SSA-ECO<\/strong>\u00a0est\u00e1 hecho para pruebas de controladas de selle. Tienen una aguja patentada que permite una instalaci\u00f3n y perforaci\u00f3n muy r\u00e1pida y sencilla en todo tipo de muestra. A trav\u00e9s de tecnolog\u00eda de vac\u00edo y un dise\u00f1o especial la aguja se auto sujeta el producto evaluado. Sin embargo el SSA prueba ser compatible con los cl\u00e1sicos sistemas de aguja est\u00e1ndar (aguja de rosca). Su dise\u00f1o en acero inoxidable lo hace resistente a m\u00faltiples explosiones durante las pruebas manteniendo la seguridad del operador.<\/p>\n","protected":false},"featured_media":9110,"comment_status":"closed","ping_status":"closed","template":"","meta":[],"product_brand":[],"product_cat":[69,71,72],"product_tag":[],"class_list":{"0":"post-3220","1":"product","2":"type-product","3":"status-publish","4":"has-post-thumbnail","6":"product_cat-botella-de-vidrio","7":"product_cat-botellas-de-plastico-pet","8":"product_cat-preforma-pet","10":"first","11":"instock","12":"shipping-taxable","13":"product-type-simple"},"_links":{"self":[{"href":"https:\/\/at2e-usa.com\/es\/wp-json\/wp\/v2\/product\/3220","targetHints":{"allow":["GET"]}}],"collection":[{"href":"https:\/\/at2e-usa.com\/es\/wp-json\/wp\/v2\/product"}],"about":[{"href":"https:\/\/at2e-usa.com\/es\/wp-json\/wp\/v2\/types\/product"}],"replies":[{"embeddable":true,"href":"https:\/\/at2e-usa.com\/es\/wp-json\/wp\/v2\/comments?post=3220"}],"version-history":[{"count":1,"href":"https:\/\/at2e-usa.com\/es\/wp-json\/wp\/v2\/product\/3220\/revisions"}],"predecessor-version":[{"id":9975,"href":"https:\/\/at2e-usa.com\/es\/wp-json\/wp\/v2\/product\/3220\/revisions\/9975"}],"wp:featuredmedia":[{"embeddable":true,"href":"https:\/\/at2e-usa.com\/es\/wp-json\/wp\/v2\/media\/9110"}],"wp:attachment":[{"href":"https:\/\/at2e-usa.com\/es\/wp-json\/wp\/v2\/media?parent=3220"}],"wp:term":[{"taxonomy":"product_brand","embeddable":true,"href":"https:\/\/at2e-usa.com\/es\/wp-json\/wp\/v2\/product_brand?post=3220"},{"taxonomy":"product_cat","embeddable":true,"href":"https:\/\/at2e-usa.com\/es\/wp-json\/wp\/v2\/product_cat?post=3220"},{"taxonomy":"product_tag","embeddable":true,"href":"https:\/\/at2e-usa.com\/es\/wp-json\/wp\/v2\/product_tag?post=3220"}],"curies":[{"name":"wp","href":"https:\/\/api.w.org\/{rel}","templated":true}]}}