{"id":3221,"date":"2023-12-05T22:30:42","date_gmt":"2023-12-06T04:30:42","guid":{"rendered":"https:\/\/at2e-usa.com\/product\/ssa-d-aparatos-de-prueba-de-hermeticidadmodelo-estandard\/"},"modified":"2024-09-24T09:16:00","modified_gmt":"2024-09-24T14:16:00","slug":"ssa-d-aparatos-de-prueba-de-hermeticidadmodelo-estandard","status":"publish","type":"product","link":"https:\/\/at2e-usa.com\/es\/producto\/ssa-d-aparatos-de-prueba-de-hermeticidadmodelo-estandard\/","title":{"rendered":"SSA-D &#8211; Aparatos de Prueba de Hermeticidad\u200b(Modelo estandard)"},"content":{"rendered":"<p class=\" translation-block\">A trav\u00e9s de tecnolog\u00eda de vac\u00edo y un dise\u00f1o especial la aguja sujeta el producto evaluado. Sin embargo, el SSA-D prueba ser compatible con los cl\u00e1sicos sistemas de aguja est\u00e1ndar (aguja de rosca). Su dise\u00f1o en acero inoxidable lo hace resistente a m\u00faltiples explosiones durante las pruebas manteniendo la seguridad del operador.<\/p>\n<p>El SSA-D est\u00e1 equipado con una pantalla t\u00e1ctil que facilita la operaci\u00f3n. Los par\u00e1metros de presi\u00f3n y tiempo de espera son ajustables para cada ensayo y diferentes productos.<\/p>\n<p class=\" translation-block\">Con nuestro SSA-D-3 Aparato de Prueba de Hermeticidad con 3 estaciones, se pueden analizar hasta tres muestras al mismo tiempo.<\/p>\n<p><strong><u>Especificaciones te\u0301cnicas:<\/u><\/strong><\/p>\n<ul>\n<li>Rango de medici\u00f3n: 0 hasta 16 bar (0 &#8211; 230 psi).<\/li>\n<li>Resoluci\u00f3n: 0.01 bar (0.1 psi).<\/li>\n<li>\u00b7 Prueba de botellas, latas, preformas.<\/li>\n<li>Aguja especial patentado por AT2E.<\/li>\n<li>Pantalla t\u00e1ctil<\/li>\n<li>Unidades: bar \/ PSI.<\/li>\n<li>Dispositivo seguro fabricado en acero inoxidable<\/li>\n<li>Puesta del nivel de presi\u00f3n (regulador)<\/li>\n<li class=\" translation-block\">2 modos de presi\u00f3n y tiempo de espera.<\/li>\n<li>Resistente a explosiones<\/li>\n<li>Presi\u00f3n m\u00e1xima 16 bar (230 psi)<\/li>\n<li>Compatible con aguja rosca.<\/li>\n<li>Funciona sobre red de aire comprimido de 5-8 bar.<\/li>\n<li>Fuente de presi\u00f3n de 0-16 bar para pruebas<\/li>\n<li>SSA-D dimensions and weight:\n<ul>\n<li>Overall size: 630\u00a0x 450 x 660 mm \/ 25\u201d x 18\u201d x 25\u201d (L x W x H)<\/li>\n<li>Net weight : 52 kg \/ 115 lbs<\/li>\n<\/ul>\n<\/li>\n<li>SSA-D Dimensiones &amp; Peso:\n<ul>\n<li>860 x 450 x 660 mm \/ 34\u201d x 18\u201d x 25\u201d (L x W x H)<\/li>\n<li>Peso Neto: 52 kg \/ 115 lbs<\/li>\n<\/ul>\n<\/li>\n<\/ul>\n<p><strong><u>Accesorios opcionales:<\/u><\/strong><\/p>\n<ul>\n<li>3 modos de presi\u00f3n y tiempo de espera<\/li>\n<li>Software QualiPress.\u200b<\/li>\n<li>Cortadores<\/li>\n<li>Sujetador de tapa<\/li>\n<li>Soporte de lata<\/li>\n<li>Soporte de botella<\/li>\n<li>Aguja de rosca<\/li>\n<li>Sistema antiinflado de acero inoxidable para botellas de PET<\/li>\n<li>Refuerzo adicional (aumenta hasta 4 veces la presi\u00f3n de la l\u00ednea)<\/li>\n<\/ul>\n","protected":false},"excerpt":{"rendered":"<div class=\"paragraph\"><strong>M\u00e1quina de prueba de fugas de punto de burbuja<\/strong><\/div>\n<div class=\" translation-block\">El AT2E\u00a0<strong>SSA-D<\/strong>\u00a0Aparato de Prueba de Hermeticidad modelo estandard est\u00e1 hecho para pruebas controladas y automtiicas del sellado de seguridad de los envases. Cuenta con una aguja patentada por AT2E que permite una instalaci\u00f3n y perforaci\u00f3n muy r\u00e1pida y sencilla en todo tipo de muestra.<\/div>\n","protected":false},"featured_media":9112,"comment_status":"closed","ping_status":"closed","template":"","meta":[],"product_brand":[],"product_cat":[69,71,72],"product_tag":[],"class_list":{"0":"post-3221","1":"product","2":"type-product","3":"status-publish","4":"has-post-thumbnail","6":"product_cat-botella-de-vidrio","7":"product_cat-botellas-de-plastico-pet","8":"product_cat-preforma-pet","10":"first","11":"instock","12":"shipping-taxable","13":"product-type-simple"},"_links":{"self":[{"href":"https:\/\/at2e-usa.com\/es\/wp-json\/wp\/v2\/product\/3221","targetHints":{"allow":["GET"]}}],"collection":[{"href":"https:\/\/at2e-usa.com\/es\/wp-json\/wp\/v2\/product"}],"about":[{"href":"https:\/\/at2e-usa.com\/es\/wp-json\/wp\/v2\/types\/product"}],"replies":[{"embeddable":true,"href":"https:\/\/at2e-usa.com\/es\/wp-json\/wp\/v2\/comments?post=3221"}],"version-history":[{"count":1,"href":"https:\/\/at2e-usa.com\/es\/wp-json\/wp\/v2\/product\/3221\/revisions"}],"predecessor-version":[{"id":9974,"href":"https:\/\/at2e-usa.com\/es\/wp-json\/wp\/v2\/product\/3221\/revisions\/9974"}],"wp:featuredmedia":[{"embeddable":true,"href":"https:\/\/at2e-usa.com\/es\/wp-json\/wp\/v2\/media\/9112"}],"wp:attachment":[{"href":"https:\/\/at2e-usa.com\/es\/wp-json\/wp\/v2\/media?parent=3221"}],"wp:term":[{"taxonomy":"product_brand","embeddable":true,"href":"https:\/\/at2e-usa.com\/es\/wp-json\/wp\/v2\/product_brand?post=3221"},{"taxonomy":"product_cat","embeddable":true,"href":"https:\/\/at2e-usa.com\/es\/wp-json\/wp\/v2\/product_cat?post=3221"},{"taxonomy":"product_tag","embeddable":true,"href":"https:\/\/at2e-usa.com\/es\/wp-json\/wp\/v2\/product_tag?post=3221"}],"curies":[{"name":"wp","href":"https:\/\/api.w.org\/{rel}","templated":true}]}}