{"id":3222,"date":"2023-12-05T22:27:56","date_gmt":"2023-12-06T04:27:56","guid":{"rendered":"https:\/\/at2e-usa.com\/product\/ssa-auto-f-analizador-de-sello-seguro\/"},"modified":"2024-09-24T09:15:47","modified_gmt":"2024-09-24T14:15:47","slug":"ssa-auto-f-analizador-de-sello-seguro","status":"publish","type":"product","link":"https:\/\/at2e-usa.com\/es\/producto\/ssa-auto-f-analizador-de-sello-seguro\/","title":{"rendered":"SSA-AUTO-F \u2013 Analizador de sello seguro"},"content":{"rendered":"<div>\n<p>El\u00a0<strong>SSA-AUTO-F<\/strong>\u00a0ofrece las siguientes ventajas sobre los probadores de fugas en ba\u00f1o de agua tradicionales:<\/p>\n<ul>\n<li>Pruebas completamente autom\u00e1ticas, el operador solo necesita instalar el<br \/>\nmuestra, seleccione el modo predefinido y presione el bot\u00f3n de inicio para iniciar la prueba. Luego, el instrumento completar\u00e1 todo el proceso y registrar\u00e1 el resultado, lo que realiz\u00f3 un verdadero proceso de prueba autom\u00e1tico.<\/li>\n<li>Equipado con un sistema de detecci\u00f3n de alta precisi\u00f3n, es capaz de detectar la fuga de forma autom\u00e1tica y precisa, lo que hace que los resultados de la prueba sean m\u00e1s confiables.<\/li>\n<li>Dise\u00f1o innovador sin agua, respetuoso con el medio ambiente y m\u00e1s compatible y adaptable a diferentes entornos de trabajo, m\u00e1s c\u00f3modo de usar y mantener.<\/li>\n<\/ul>\n<p>&nbsp;<\/p>\n<\/div>\n<div>\n<p><u><strong>Especificaciones t\u00e9cnicas:<\/strong><\/u><\/p>\n<ul>\n<li>Equipado con pantalla t\u00e1ctil, visual y f\u00e1cil de operar. \u2022\u00a0Rango de medici\u00f3n: 0 a 16,00 bar<\/li>\n<li>Rango de medici\u00f3n de presi\u00f3n interior: 0 a 8,00 bar (opcional)<\/li>\n<li>Unidades: bar &amp; psi<\/li>\n<li>Resoluci\u00f3n: 0,01 bares<\/li>\n<li>Precisi\u00f3n de la prueba de presi\u00f3n: 0,5% F.S.<\/li>\n<li>Pruebas en botellas, latas y preformas<\/li>\n<li>Unidad de perforaci\u00f3n patentada AT2E<\/li>\n<li>Rango de muestra: 350 mm de altura y altura. 120 mm de di\u00e1metro\u00a0\u2022\u00a0Pantalla t\u00e1ctil<\/li>\n<li>Dispositivo seguro de acero inoxidable: resistente a explosiones\u00a0\u2022\u00a0Hasta 12 etapas de presi\u00f3n, tasa de presurizaci\u00f3n y ajuste de tiempo de retenci\u00f3n<\/li>\n<li>Revisi\u00f3n de la curva de prueba<\/li>\n<li>Memorizaci\u00f3n de 30 productos<\/li>\n<li>Memorizaci\u00f3n de 10 operadores<\/li>\n<li>Configuraci\u00f3n mediante contrase\u00f1as de administraci\u00f3n<\/li>\n<li>Visualizaci\u00f3n din\u00e1mica: presi\u00f3n\/nivel de vac\u00edo en tiempo real<\/li>\n<li>Tiempo\/fecha\/hora de mantenimiento de la presi\u00f3n<\/li>\n<li>Pantalla: nombre del producto \/ operador \/ n\u00famero de lote \/ n\u00famero de muestra\u00a0\u2022\u00a0Configuraci\u00f3n de protecci\u00f3n de sobrecarga de presi\u00f3n m\u00e1xima<\/li>\n<li>Fuente de presi\u00f3n de prueba: 0-16 bar<\/li>\n<li>Salida RS232 (para conectar software)<\/li>\n<li>Tama\u00f1o total: 860 (largo) x 580 (ancho) x 1060 (alto) mm<\/li>\n<li>Peso neto: 100 kg\u00a0\u200b<\/li>\n<\/ul>\n<p>&nbsp;<\/p>\n<\/div>\n<div>\n<p><u>Piezas opcionales:<\/u><\/p>\n<ul>\n<li>Software \u201cQUALIPRESS\u201d<\/li>\n<li>Abrazadera hecha a medida<\/li>\n<li>Modelo integrado de medici\u00f3n de presi\u00f3n interior\u00a0\u2022\u00a0Modelo multiposiciones<\/li>\n<li>Refuerzo externo<\/li>\n<\/ul>\n<\/div>\n","protected":false},"excerpt":{"rendered":"<p><strong>(Modelo completamente autom\u00e1tico)<\/strong><\/p>\n<p>&nbsp;<\/p>\n<p class=\" translation-block\">El equipo\u00a0<strong>AT2E SSA-AUTO-F\u00a0<\/strong>\u00a0esta\u0301 hecho para probar el rendimiento y confiabilidad del sello de los productos. Es un instrumento totalmente automa\u0301tico incluyendo los procesos de perforacio\u0301n, presurizacio\u0301n y de deteccio\u0301n de fugas.<\/p>\n<p>Equipado con el dispositivo de perforacio\u0301n, patentada por AT2E, permite el montaje automatizado del producto. Con tecnologi\u0301a de vaci\u0301o y disen\u0303o especial, la aguja utiliza una funcio\u0301n de autorretenci\u00f3n del producto. Durante el proceso de prueba, el sistema detecta automa\u0301ticamente si se ha producido una fuga en la muestra<\/p>\n","protected":false},"featured_media":9114,"comment_status":"closed","ping_status":"closed","template":"","meta":[],"product_brand":[],"product_cat":[69,71],"product_tag":[],"class_list":{"0":"post-3222","1":"product","2":"type-product","3":"status-publish","4":"has-post-thumbnail","6":"product_cat-botella-de-vidrio","7":"product_cat-botellas-de-plastico-pet","9":"first","10":"instock","11":"shipping-taxable","12":"product-type-simple"},"_links":{"self":[{"href":"https:\/\/at2e-usa.com\/es\/wp-json\/wp\/v2\/product\/3222","targetHints":{"allow":["GET"]}}],"collection":[{"href":"https:\/\/at2e-usa.com\/es\/wp-json\/wp\/v2\/product"}],"about":[{"href":"https:\/\/at2e-usa.com\/es\/wp-json\/wp\/v2\/types\/product"}],"replies":[{"embeddable":true,"href":"https:\/\/at2e-usa.com\/es\/wp-json\/wp\/v2\/comments?post=3222"}],"version-history":[{"count":1,"href":"https:\/\/at2e-usa.com\/es\/wp-json\/wp\/v2\/product\/3222\/revisions"}],"predecessor-version":[{"id":9973,"href":"https:\/\/at2e-usa.com\/es\/wp-json\/wp\/v2\/product\/3222\/revisions\/9973"}],"wp:featuredmedia":[{"embeddable":true,"href":"https:\/\/at2e-usa.com\/es\/wp-json\/wp\/v2\/media\/9114"}],"wp:attachment":[{"href":"https:\/\/at2e-usa.com\/es\/wp-json\/wp\/v2\/media?parent=3222"}],"wp:term":[{"taxonomy":"product_brand","embeddable":true,"href":"https:\/\/at2e-usa.com\/es\/wp-json\/wp\/v2\/product_brand?post=3222"},{"taxonomy":"product_cat","embeddable":true,"href":"https:\/\/at2e-usa.com\/es\/wp-json\/wp\/v2\/product_cat?post=3222"},{"taxonomy":"product_tag","embeddable":true,"href":"https:\/\/at2e-usa.com\/es\/wp-json\/wp\/v2\/product_tag?post=3222"}],"curies":[{"name":"wp","href":"https:\/\/api.w.org\/{rel}","templated":true}]}}