{"id":3223,"date":"2023-12-05T22:26:00","date_gmt":"2023-12-06T04:26:00","guid":{"rendered":"https:\/\/at2e-usa.com\/product\/ssa-auto-aparatos-de-prueba-de-hermeticidad-modelo-automatizado\/"},"modified":"2024-09-24T09:15:32","modified_gmt":"2024-09-24T14:15:32","slug":"ssa-auto-aparatos-de-prueba-de-hermeticidad-modelo-automatizado","status":"publish","type":"product","link":"https:\/\/at2e-usa.com\/es\/producto\/ssa-auto-aparatos-de-prueba-de-hermeticidad-modelo-automatizado\/","title":{"rendered":"SSA-AUTO &#8211; Aparatos de Prueba de Hermeticidad (Modelo automatizado)"},"content":{"rendered":"<p>El\u00a0<strong>SSA-AUTO<\/strong>\u00a0est\u00e1 equipado con un panel de pantalla t\u00e1ctil con informaci\u00f3n visual y est\u00e1 dise\u00f1ado para ser f\u00e1cil de operar. Con un nivel de presi\u00f3n ajustable, tasa de presurizaci\u00f3n y etapa de tiempo de mantenimiento (con hasta 4 etapas programables), la unidad cumple con diferentes requisitos de prueba y est\u00e1ndares para varios productos.<\/p>\n<div>\n<ul>\n<li>Rango de medici\u00f3n: 0 a 16,00 bar;<\/li>\n<li>Unidades: bar &amp; psi;<\/li>\n<li>Resoluci\u00f3n: 0,01 bar;<\/li>\n<li>Pruebas en botellas, latas y preformas;;<\/li>\n<li>Aguja especial AT2E;<\/li>\n<li>Rango de muestra: 350 mm de altura y altura. 120 mm de di\u00e1metro<br \/>\ncon di\u00e1metro de cuello de 26-35 mm (otros bajo pedido);<\/li>\n<li>Pantalla t\u00e1ctil;<\/li>\n<li>Dispositivo asegurado de acero inoxidable: resistente a explosiones;<\/li>\n<li>Hasta 4 etapas de presi\u00f3n, tasa de presurizaci\u00f3n y ajuste del tiempo de retenci\u00f3n;<\/li>\n<li>Revisi\u00f3n de la curva de prueba;<\/li>\n<li>Memorizaci\u00f3n de 30 productos,<\/li>\n<li>Memorizaci\u00f3n de 10 operadores,<\/li>\n<li>Protecci\u00f3n con contrase\u00f1a.<\/li>\n<li>Visualizaci\u00f3n din\u00e1mica: estad\u00edsticas\/hora\/fecha;<\/li>\n<li>Pantalla: nombre del producto\/operador\/N\u00b0 de lote\/N\u00b0 de muestra;<\/li>\n<li>Configuraci\u00f3n de protecci\u00f3n de presi\u00f3n m\u00e1xima;<\/li>\n<li>Fuente de presi\u00f3n de 5-8 bar para la funci\u00f3n de vac\u00edo;<\/li>\n<li>Fuente de presi\u00f3n de 0-16 bar para pruebas;<\/li>\n<li>Salida RS232 (conexi\u00f3n al software);<\/li>\n<li>Tama\u00f1o total: 610 (largo) x 500 (ancho) x 1040 (alto) mm<\/li>\n<li>Peso neto: 60 kg<\/li>\n<\/ul>\n<p><strong><u>Piezas opcionales:<\/u><\/strong><\/p>\n<ul>\n<li>Software \u00abQUALIPRESS\u00bb<\/li>\n<li>Sistema de reciclaje de agua<\/li>\n<\/ul>\n<\/div>\n","protected":false},"excerpt":{"rendered":"<p><strong>M\u00e1quina de prueba de fugas de punto de burbuja<\/strong><\/p>\n<p class=\" translation-block\">El AT2E<strong>SSA-AUTO<\/strong>\u00a0est\u00e1 hecho para pruebas de controladas de selle. Tienen una aguja patentada que permite una instalaci\u00f3n y perforaci\u00f3n automatica en todo tipo de muestra. A trav\u00e9s de tecnolog\u00eda de vac\u00edo y un dise\u00f1o especial la aguja se auto sujeta el producto evaluado. Sin embargo, el SSA prueba ser compatible con los cl\u00e1sicos sistemas de aguja est\u00e1ndar (aguja de rosca). Su dise\u00f1o en acero inoxidable lo hace resistente a m\u00faltiples explosiones durante las pruebas manteniendo la seguridad del operador.<\/p>\n","protected":false},"featured_media":9108,"comment_status":"closed","ping_status":"closed","template":"","meta":[],"product_brand":[],"product_cat":[69,71],"product_tag":[],"class_list":{"0":"post-3223","1":"product","2":"type-product","3":"status-publish","4":"has-post-thumbnail","6":"product_cat-botella-de-vidrio","7":"product_cat-botellas-de-plastico-pet","9":"first","10":"instock","11":"shipping-taxable","12":"product-type-simple"},"_links":{"self":[{"href":"https:\/\/at2e-usa.com\/es\/wp-json\/wp\/v2\/product\/3223","targetHints":{"allow":["GET"]}}],"collection":[{"href":"https:\/\/at2e-usa.com\/es\/wp-json\/wp\/v2\/product"}],"about":[{"href":"https:\/\/at2e-usa.com\/es\/wp-json\/wp\/v2\/types\/product"}],"replies":[{"embeddable":true,"href":"https:\/\/at2e-usa.com\/es\/wp-json\/wp\/v2\/comments?post=3223"}],"version-history":[{"count":1,"href":"https:\/\/at2e-usa.com\/es\/wp-json\/wp\/v2\/product\/3223\/revisions"}],"predecessor-version":[{"id":9972,"href":"https:\/\/at2e-usa.com\/es\/wp-json\/wp\/v2\/product\/3223\/revisions\/9972"}],"wp:featuredmedia":[{"embeddable":true,"href":"https:\/\/at2e-usa.com\/es\/wp-json\/wp\/v2\/media\/9108"}],"wp:attachment":[{"href":"https:\/\/at2e-usa.com\/es\/wp-json\/wp\/v2\/media?parent=3223"}],"wp:term":[{"taxonomy":"product_brand","embeddable":true,"href":"https:\/\/at2e-usa.com\/es\/wp-json\/wp\/v2\/product_brand?post=3223"},{"taxonomy":"product_cat","embeddable":true,"href":"https:\/\/at2e-usa.com\/es\/wp-json\/wp\/v2\/product_cat?post=3223"},{"taxonomy":"product_tag","embeddable":true,"href":"https:\/\/at2e-usa.com\/es\/wp-json\/wp\/v2\/product_tag?post=3223"}],"curies":[{"name":"wp","href":"https:\/\/api.w.org\/{rel}","templated":true}]}}