{"id":3224,"date":"2023-12-05T22:24:55","date_gmt":"2023-12-06T04:24:55","guid":{"rendered":"https:\/\/at2e-usa.com\/product\/ss-1-sierra-para-corte-de-costura\/"},"modified":"2024-09-24T09:15:17","modified_gmt":"2024-09-24T14:15:17","slug":"ss-1-sierra-para-corte-de-costura","status":"publish","type":"product","link":"https:\/\/at2e-usa.com\/es\/producto\/ss-1-sierra-para-corte-de-costura\/","title":{"rendered":"SS-1 &#8211; Sierra para Corte de Costura\u200b"},"content":{"rendered":"<p><strong><u>Caracter\u00edsticas:<\/u><\/strong><br \/>\n\u2022 Sirve para latas de 2 y 3 piezas y aerosol<br \/>\n\u2022 Equipado con gu\u00eda lineal<br \/>\n<a>\u2022\u00a0<\/a>\u2022 F\u00e1cil recolecci\u00f3n de residuos<\/p>\n<p>&nbsp;<\/p>\n<p><strong><u>Especificaciones te\u0301cnicas:<\/u><\/strong><br \/>\n\u2022 Gama de muestras: lata de 2 piezas, lata de 3 piezas y lata de aerosol con un di\u00e1metro de hasta 180 mm<br \/>\n\u2022 Dimensi\u00f3n de cuchilla: 80x22x0.5mm (160 dientes)<br \/>\n<a>\u2022\u00a0<\/a>Velocidad motor: 1000 rpm.<br \/>\n<a>\u2022\u00a0<\/a>Working voltage: 220 V (others by request)<br \/>\n\u2022 Dimensiones: L 240\u00d7 A 335\u00d7H 170mm<br \/>\n\u2022 Peso neto: 20kg<\/p>\n","protected":false},"excerpt":{"rendered":"<p><strong>Para preparar latas de aluminio para la inspecci\u00f3n de la costura<\/strong><\/p>\n<p class=\" translation-block\">La<strong>\u00a0SS-1<\/strong>\u00a0es una sierra especialmente dise\u00f1ada para el corte de costura de latas. Equipado con una gu\u00eda lineal que hace que las latas se desplacen durante el corte de forma muy precisa. Comparando con la sierra de costura t\u00edpica, se obtiene una secci\u00f3n de costura m\u00e1s clara.<\/p>\n","protected":false},"featured_media":7839,"comment_status":"closed","ping_status":"closed","template":"","meta":[],"product_brand":[],"product_cat":[63],"product_tag":[],"class_list":{"0":"post-3224","1":"product","2":"type-product","3":"status-publish","4":"has-post-thumbnail","6":"product_cat-costura-de-latas","8":"first","9":"instock","10":"shipping-taxable","11":"product-type-simple"},"_links":{"self":[{"href":"https:\/\/at2e-usa.com\/es\/wp-json\/wp\/v2\/product\/3224","targetHints":{"allow":["GET"]}}],"collection":[{"href":"https:\/\/at2e-usa.com\/es\/wp-json\/wp\/v2\/product"}],"about":[{"href":"https:\/\/at2e-usa.com\/es\/wp-json\/wp\/v2\/types\/product"}],"replies":[{"embeddable":true,"href":"https:\/\/at2e-usa.com\/es\/wp-json\/wp\/v2\/comments?post=3224"}],"version-history":[{"count":1,"href":"https:\/\/at2e-usa.com\/es\/wp-json\/wp\/v2\/product\/3224\/revisions"}],"predecessor-version":[{"id":9971,"href":"https:\/\/at2e-usa.com\/es\/wp-json\/wp\/v2\/product\/3224\/revisions\/9971"}],"wp:featuredmedia":[{"embeddable":true,"href":"https:\/\/at2e-usa.com\/es\/wp-json\/wp\/v2\/media\/7839"}],"wp:attachment":[{"href":"https:\/\/at2e-usa.com\/es\/wp-json\/wp\/v2\/media?parent=3224"}],"wp:term":[{"taxonomy":"product_brand","embeddable":true,"href":"https:\/\/at2e-usa.com\/es\/wp-json\/wp\/v2\/product_brand?post=3224"},{"taxonomy":"product_cat","embeddable":true,"href":"https:\/\/at2e-usa.com\/es\/wp-json\/wp\/v2\/product_cat?post=3224"},{"taxonomy":"product_tag","embeddable":true,"href":"https:\/\/at2e-usa.com\/es\/wp-json\/wp\/v2\/product_tag?post=3224"}],"curies":[{"name":"wp","href":"https:\/\/api.w.org\/{rel}","templated":true}]}}