{"id":3225,"date":"2023-12-05T22:24:04","date_gmt":"2023-12-06T04:24:04","guid":{"rendered":"https:\/\/at2e-usa.com\/product\/srg-1-medidor-de-residuos-de-puntuacion\/"},"modified":"2024-09-24T09:14:40","modified_gmt":"2024-09-24T14:14:40","slug":"srg-1-medidor-de-residuos-de-puntuacion","status":"publish","type":"product","link":"https:\/\/at2e-usa.com\/es\/producto\/srg-1-medidor-de-residuos-de-puntuacion\/","title":{"rendered":"SRG-1 \u2013 Medidor de residuos de puntuaci\u00f3n"},"content":{"rendered":"<div class=\"paragraph\">Equipado con lentes de larga distancia de trabajo que son m\u00e1s compatibles con diferentes tipos de extremos con diferentes posiciones de puntuaci\u00f3n. Aplicable para la medici\u00f3n de puntuaci\u00f3n de varios tipos de extremos sanitarios, como RPT, SOT, EO, etc.<\/div>\n<div><\/div>\n<div class=\"paragraph\">\n<p>\u200b<strong><u>Especificaciones te\u0301cnicas:<\/u><\/strong><\/p>\n<ul>\n<li>Tipo de muestra aplicable: RPT, SOT, EO<\/li>\n<li>Rango de medici\u00f3n: 0-10mm<\/li>\n<li>Resoluci\u00f3n: 0.001mm<\/li>\n<li>Reproducibilidad: 0,002 mm<\/li>\n<li>Distancia de trabajo de la lente: 8,2 mm<\/li>\n<li>Ampliaci\u00f3n: hasta 1000 X<\/li>\n<li>Tama\u00f1o: 280x350x610mm<\/li>\n<li>Peso: 19 kg<\/li>\n<\/ul>\n<\/div>\n","protected":false},"excerpt":{"rendered":"<p class=\" translation-block\">El medidor de residuos de puntuaci\u00f3n\u00a0<strong>SRG-1<\/strong>\u00a0de AT2E se utiliza para medir el residuo de puntuaci\u00f3n de los extremos de las latas.<\/p>\n<p>Adoptado con componentes \u00f3pticos de alta precisi\u00f3n, lo que garantiza la alta definici\u00f3n de las im\u00e1genes del perfil de puntuaci\u00f3n y la precisi\u00f3n de la medici\u00f3n. Equipado con lentes de larga distancia de trabajo que son m\u00e1s compatibles con diferentes tipos de extremos con diferentes posiciones de puntuaci\u00f3n.<\/p>\n","protected":false},"featured_media":2673,"comment_status":"closed","ping_status":"closed","template":"","meta":[],"product_brand":[],"product_cat":[63],"product_tag":[],"class_list":{"0":"post-3225","1":"product","2":"type-product","3":"status-publish","4":"has-post-thumbnail","6":"product_cat-costura-de-latas","8":"first","9":"instock","10":"shipping-taxable","11":"product-type-simple"},"_links":{"self":[{"href":"https:\/\/at2e-usa.com\/es\/wp-json\/wp\/v2\/product\/3225","targetHints":{"allow":["GET"]}}],"collection":[{"href":"https:\/\/at2e-usa.com\/es\/wp-json\/wp\/v2\/product"}],"about":[{"href":"https:\/\/at2e-usa.com\/es\/wp-json\/wp\/v2\/types\/product"}],"replies":[{"embeddable":true,"href":"https:\/\/at2e-usa.com\/es\/wp-json\/wp\/v2\/comments?post=3225"}],"version-history":[{"count":2,"href":"https:\/\/at2e-usa.com\/es\/wp-json\/wp\/v2\/product\/3225\/revisions"}],"predecessor-version":[{"id":9970,"href":"https:\/\/at2e-usa.com\/es\/wp-json\/wp\/v2\/product\/3225\/revisions\/9970"}],"wp:featuredmedia":[{"embeddable":true,"href":"https:\/\/at2e-usa.com\/es\/wp-json\/wp\/v2\/media\/2673"}],"wp:attachment":[{"href":"https:\/\/at2e-usa.com\/es\/wp-json\/wp\/v2\/media?parent=3225"}],"wp:term":[{"taxonomy":"product_brand","embeddable":true,"href":"https:\/\/at2e-usa.com\/es\/wp-json\/wp\/v2\/product_brand?post=3225"},{"taxonomy":"product_cat","embeddable":true,"href":"https:\/\/at2e-usa.com\/es\/wp-json\/wp\/v2\/product_cat?post=3225"},{"taxonomy":"product_tag","embeddable":true,"href":"https:\/\/at2e-usa.com\/es\/wp-json\/wp\/v2\/product_tag?post=3225"}],"curies":[{"name":"wp","href":"https:\/\/api.w.org\/{rel}","templated":true}]}}