{"id":3226,"date":"2023-12-05T22:22:02","date_gmt":"2023-12-06T04:22:02","guid":{"rendered":"https:\/\/at2e-usa.com\/product\/slg-1-medidor-para-largo-de-costura\/"},"modified":"2024-09-24T09:14:23","modified_gmt":"2024-09-24T14:14:23","slug":"slg-1-medidor-para-largo-de-costura","status":"publish","type":"product","link":"https:\/\/at2e-usa.com\/es\/producto\/slg-1-medidor-para-largo-de-costura\/","title":{"rendered":"SLG-1 &#8211; Medidor para Largo de Costura"},"content":{"rendered":"<div>\n<p>Cuenta con un dise\u00f1o confiable, presi\u00f3n de medici\u00f3n invariable y \u00e1ngulo de medici\u00f3n que permiten a los operadores realizar la medici\u00f3n con precisi\u00f3n. Debido a que el cuerpo de la lata se alinea verticalmente, los resultados de medici\u00f3n son m\u00e1s confiables. Sirve para diferentes tipos de latas.<\/p>\n<p>Para evitar el error de registro manual, el medidor puede conectarse al sistema SPC o al software \u00abSeamCheck\u00bb de AT2E con la caja de transporte de datos DTB-1 y el cable. As\u00ed los datos puedan ser transferidos al software \u00abSeamCheck\u00bb a trav\u00e9s del DTB-1 y cable.<\/p>\n<\/div>\n<div><\/div>\n<div>\n<div id=\"189045385989051426\" class=\"wcustomhtml\" align=\"left\">\n<div class=\"tg-wrap\">\n<table class=\"tg\">\n<tbody>\n<tr>\n<th class=\"tg-yw4l\" colspan=\"2\">Especificaciones te\u0301cnicas:<\/th>\n<\/tr>\n<tr>\n<td class=\"tg-yw4l\">Rango de medici\u00f3n<\/td>\n<td class=\"tg-yw4l\">0-7 mm<\/td>\n<\/tr>\n<tr>\n<td class=\"tg-yw4l\">Resoluci\u00f3n<\/td>\n<td class=\"tg-yw4l\">0.01 mm<\/td>\n<\/tr>\n<tr>\n<td class=\"tg-yw4l\">Precisi\u00f3n<\/td>\n<td class=\"tg-yw4l\">\u00b10.01 mm<\/td>\n<\/tr>\n<tr>\n<td class=\"tg-yw4l\">Rango de muestra<\/td>\n<td class=\"tg-yw4l\">Latas de 2 y 3 piezas<\/td>\n<\/tr>\n<tr>\n<td class=\"tg-yw4l\">Dimensiones<\/td>\n<td class=\"tg-yw4l\">300(L) x 80(W) x 265(H) mm<\/td>\n<\/tr>\n<tr>\n<td class=\"tg-yw4l\">Peso neto<\/td>\n<td class=\"tg-yw4l\">1 kg<\/td>\n<\/tr>\n<\/tbody>\n<\/table>\n<\/div>\n<\/div>\n<\/div>\n","protected":false},"excerpt":{"rendered":"<p><strong>para medir la longitud de la costura (altura) de una lata<\/strong><\/p>\n<p class=\" translation-block\">El SLG-1 es un dispositivo de muy f\u00e1cil operaci\u00f3n, dise\u00f1ado para medir r\u00e1pidamente la longitud de la costura de latas (altura de la costura).<\/p>\n","protected":false},"featured_media":2669,"comment_status":"closed","ping_status":"closed","template":"","meta":[],"product_brand":[],"product_cat":[63,66],"product_tag":[],"class_list":{"0":"post-3226","1":"product","2":"type-product","3":"status-publish","4":"has-post-thumbnail","6":"product_cat-costura-de-latas","7":"product_cat-dimensional-es","9":"first","10":"instock","11":"shipping-taxable","12":"product-type-simple"},"_links":{"self":[{"href":"https:\/\/at2e-usa.com\/es\/wp-json\/wp\/v2\/product\/3226","targetHints":{"allow":["GET"]}}],"collection":[{"href":"https:\/\/at2e-usa.com\/es\/wp-json\/wp\/v2\/product"}],"about":[{"href":"https:\/\/at2e-usa.com\/es\/wp-json\/wp\/v2\/types\/product"}],"replies":[{"embeddable":true,"href":"https:\/\/at2e-usa.com\/es\/wp-json\/wp\/v2\/comments?post=3226"}],"version-history":[{"count":1,"href":"https:\/\/at2e-usa.com\/es\/wp-json\/wp\/v2\/product\/3226\/revisions"}],"predecessor-version":[{"id":9968,"href":"https:\/\/at2e-usa.com\/es\/wp-json\/wp\/v2\/product\/3226\/revisions\/9968"}],"wp:featuredmedia":[{"embeddable":true,"href":"https:\/\/at2e-usa.com\/es\/wp-json\/wp\/v2\/media\/2669"}],"wp:attachment":[{"href":"https:\/\/at2e-usa.com\/es\/wp-json\/wp\/v2\/media?parent=3226"}],"wp:term":[{"taxonomy":"product_brand","embeddable":true,"href":"https:\/\/at2e-usa.com\/es\/wp-json\/wp\/v2\/product_brand?post=3226"},{"taxonomy":"product_cat","embeddable":true,"href":"https:\/\/at2e-usa.com\/es\/wp-json\/wp\/v2\/product_cat?post=3226"},{"taxonomy":"product_tag","embeddable":true,"href":"https:\/\/at2e-usa.com\/es\/wp-json\/wp\/v2\/product_tag?post=3226"}],"curies":[{"name":"wp","href":"https:\/\/api.w.org\/{rel}","templated":true}]}}