{"id":3227,"date":"2023-12-05T22:21:04","date_gmt":"2023-12-06T04:21:04","guid":{"rendered":"https:\/\/at2e-usa.com\/product\/sa-afrometro-simplificado\/"},"modified":"2024-10-12T06:59:22","modified_gmt":"2024-10-12T11:59:22","slug":"sa-afrometro-simplificado","status":"publish","type":"product","link":"https:\/\/at2e-usa.com\/es\/producto\/sa-afrometro-simplificado\/","title":{"rendered":"SA &#8211; Afr\u00f3metro simplificado"},"content":{"rendered":"<div class=\"paragraph translation-block\"><strong><u>Ventajas:<\/u><\/strong><br \/>\n\u2013 Mecanismo confiable.<br \/>\n\u2013 Comprueba la presi\u00f3n y el vac\u00edo.<br \/>\n\u2013 Calidad hecha.<br \/>\n\u2013 Puede comprobar varios lotes.<br \/>\n\u2013 Man\u00f3metro de acero inoxidable.<br \/>\n\u2013 Afr\u00f3metro personalizable.<\/div>\n<div class=\"paragraph translation-block\"><u><strong>Man\u00f3metros de acero inoxidable disponibles:<\/strong><\/u><br \/>\n\u2013 (-1\/+1,5) Bar (man\u00f3metro por defecto)<br \/>\n\u2013 (0\/4) Barra<br \/>\n\u2013 (0\/6) Barra<u><strong><br \/>\nAgujas disponibles:<\/strong><\/u><br \/>\n\u2013 2mm<br \/>\n\u2013 2,5 mm<br \/>\n\u2013 4mm<\/div>\n","protected":false},"excerpt":{"rendered":"<p>El afr\u00f3metro simplificado est\u00e1 dise\u00f1ado para controlar la presi\u00f3n y el vac\u00edo en las botellas de vino tranquilo (botellas de Burdeos, botellas de Borgo\u00f1a).<br \/>\nGracias a su punta, este man\u00f3metro perfora los corchos y algunos corchos sint\u00e9ticos, pero no puede perforar las tapas de corona ni todas las dem\u00e1s contraventanas met\u00e1licas.<br \/>\nEl corcho garantiza la estanqueidad.\u200b<\/p>\n","protected":false},"featured_media":9135,"comment_status":"closed","ping_status":"closed","template":"","meta":[],"product_brand":[],"product_cat":[60,69],"product_tag":[],"class_list":{"0":"post-3227","1":"product","2":"type-product","3":"status-publish","4":"has-post-thumbnail","6":"product_cat-afrometro","7":"product_cat-botella-de-vidrio","9":"first","10":"instock","11":"shipping-taxable","12":"product-type-simple"},"_links":{"self":[{"href":"https:\/\/at2e-usa.com\/es\/wp-json\/wp\/v2\/product\/3227","targetHints":{"allow":["GET"]}}],"collection":[{"href":"https:\/\/at2e-usa.com\/es\/wp-json\/wp\/v2\/product"}],"about":[{"href":"https:\/\/at2e-usa.com\/es\/wp-json\/wp\/v2\/types\/product"}],"replies":[{"embeddable":true,"href":"https:\/\/at2e-usa.com\/es\/wp-json\/wp\/v2\/comments?post=3227"}],"version-history":[{"count":1,"href":"https:\/\/at2e-usa.com\/es\/wp-json\/wp\/v2\/product\/3227\/revisions"}],"predecessor-version":[{"id":10041,"href":"https:\/\/at2e-usa.com\/es\/wp-json\/wp\/v2\/product\/3227\/revisions\/10041"}],"wp:featuredmedia":[{"embeddable":true,"href":"https:\/\/at2e-usa.com\/es\/wp-json\/wp\/v2\/media\/9135"}],"wp:attachment":[{"href":"https:\/\/at2e-usa.com\/es\/wp-json\/wp\/v2\/media?parent=3227"}],"wp:term":[{"taxonomy":"product_brand","embeddable":true,"href":"https:\/\/at2e-usa.com\/es\/wp-json\/wp\/v2\/product_brand?post=3227"},{"taxonomy":"product_cat","embeddable":true,"href":"https:\/\/at2e-usa.com\/es\/wp-json\/wp\/v2\/product_cat?post=3227"},{"taxonomy":"product_tag","embeddable":true,"href":"https:\/\/at2e-usa.com\/es\/wp-json\/wp\/v2\/product_tag?post=3227"}],"curies":[{"name":"wp","href":"https:\/\/api.w.org\/{rel}","templated":true}]}}