{"id":3228,"date":"2023-12-05T22:20:05","date_gmt":"2023-12-06T04:20:05","guid":{"rendered":"https:\/\/at2e-usa.com\/product\/seamcheck-plus-proyector-automatico-de-engargolado-doble\/"},"modified":"2024-10-12T07:07:55","modified_gmt":"2024-10-12T12:07:55","slug":"seamcheck-plus-proyector-automatico-de-engargolado-doble","status":"publish","type":"product","link":"https:\/\/at2e-usa.com\/es\/producto\/seamcheck-plus-proyector-automatico-de-engargolado-doble\/","title":{"rendered":"SeamCheck Plus &#8211; Proyector Automa\u0301tico de Engargolado Doble"},"content":{"rendered":"<div class=\"paragraph translation-block\">Usando la sierra AT2E del engargolado, se puedo obtener una clara imagen de la seccio\u0301n del engargolado. Junto con el programa profesional SEAMCHECK, puede hacerse una medicio\u0301n ra\u0301pida y precisa del engargolado.<\/div>\n<div class=\"paragraph\">\n<p><u>Caracter\u00edsticas:<\/u><\/p>\n<ul>\n<li>Posicionamiento automa\u0301tico de la li\u0301nea (funcio\u0301n de auto-medicio\u0301n), la medicio\u0301n se realizara\u0301 en 1 segundo<\/li>\n<li class=\" translation-block\">Equipado con un avanzado dispositivo de captura de vi\u0301deo que no interfiere con la fuente de luz externa y garantiza<\/li>\n<li>Software adopted database management system, measuring results and images can be saved in the database and<br \/>\nusers can review the saved data at any time<\/li>\n<li>9 measuring parameters: Seam Length, Body Hook Length, End Hook Length, Overlap, Seam gap, Overlap rate,<br \/>\nBody Hook lapping rate, End Hook lapping rate, On-screen Seam Thickness. (Able to extend to 12 parameters<br \/>\nthrough extra gauges, included actual Seam Thickness, actual countersink and Tightness)<\/li>\n<li>SPC compatible, use a data adapter to collect the data from Mitutoyo Digital Indicator (Actual Seam Thickness;<br \/>\nActual countersink; Actual can height, Actual flange width)<\/li>\n<li>Data can be exported as an Excel file<\/li>\n<li>Report format can be customized, flexible for different report styles of different companies<\/li>\n<li>Predefine various qualification standards, auto judge and warn whether the results are qualified in every measure<\/li>\n<li>Measurement results and label lines mark directly on the image, results will also display in corresponding field on<br \/>\nthe screen<\/li>\n<li>Graph chart\u00a0statistic function, automatically analyze and compare the measurement results<\/li>\n<\/ul>\n<ul>\n<li>Magnifier option enable users to magnify the testing image for a more accurate line positioning<\/li>\n<li>Measured values are displayed in on-screen and alarm if values are not within specs<\/li>\n<li>Seam image can be printed and stored<\/li>\n<li>Provided with calibration piece, calibrate at any time<\/li>\n<\/ul>\n<ul>\n<li>Platform adjustable<\/li>\n<li>Light adjustable\u00a0\u200b<\/li>\n<\/ul>\n<\/div>\n<div class=\"paragraph\">\n<p><u>Equipment includes:<\/u><\/p>\n<ul>\n<li>SeamCheck Plus video seam projector<\/li>\n<li>SeamCheck 1.2 professional seam measurement software<\/li>\n<li>2 mm calibration piece<\/li>\n<\/ul>\n<\/div>\n<div class=\"paragraph\">\n<p><u>Especificaciones te\u0301cnicas:<\/u><\/p>\n<ul>\n<li>Power supply:\u00a0100 \u2013 240 V \/ 50 \u2013 60 Hz DC 5V \/ 1A<\/li>\n<li>Device power supply:\u00a0USB 2.0<\/li>\n<li>Video signal interface:\u00a00.01 or 0.001 mm<\/li>\n<li>Resolution:\u00a00.005 mm<\/li>\n<li>Accuracy: 60 X<\/li>\n<li>Magnification factor: 180 X<\/li>\n<li>Line positioning magnification factor:<\/li>\n<li>Platform capacity:\u00a0Up to 180 mm dia. can<\/li>\n<li>Dimension:\u00a0420 (L) x 200 (W) x 95 (H) mm<\/li>\n<li>Net weight: 5 kg\u200b\u00a0\u200b<\/li>\n<\/ul>\n<\/div>\n<div class=\"paragraph\">\n<p>Accesorios opcionales:<\/p>\n<ul>\n<li>ANSS\u00a0\u2013\u00a0Antinoise Seaming Cutting Saw \/ SS-1 Seaming Cutting Saw<\/li>\n<li>STG-1 Seam Thickness Gauge (digital)<\/li>\n<li>CG-D Countersink Gauge (digital)<\/li>\n<li>FWG-1 Medidor de Ancho para Borde de Lata<\/li>\n<li>HG-1 Indicador Digital De Altura<\/li>\n<li>DTB-1 Data transporting Box with cables<\/li>\n<\/ul>\n<\/div>\n","protected":false},"excerpt":{"rendered":"<div class=\"elementor-element elementor-element-a5107f7 elementor-widget elementor-widget-woocommerce-product-short-description\" data-id=\"a5107f7\" data-element_type=\"widget\" data-widget_type=\"woocommerce-product-short-description.default\">\n<div class=\"elementor-widget-container\">\n<div class=\"woocommerce-product-details__short-description\">\n<p class=\" translation-block\">La calidad del cierre es cr\u00edtica e importante para la inspecci\u00f3n de latas. Y es uno de los puntos que m\u00e1s preocupa a las empresas fabricantes de latas, bebidas y alimentos. El proyector autom\u00e1tico de doble costura AT2E\u00a0<strong>SeamCheck<\/strong>\u00a0Plus proporciona la forma m\u00e1s conveniente de realizar la inspecci\u00f3n de la costura. Dise\u00f1o optimizado, el proyector es m\u00e1s peque\u00f1o y m\u00e1s flexible en la configuraci\u00f3n del espacio. La \u00faltima c\u00e1mara CCD UHD que proporciona mayor resoluci\u00f3n y definici\u00f3n de imagen, con un contraste de imagen a\u00fan mayor,\u00a0<strong>SeamCheck<\/strong>\u00a0Plus puede obtener una mejor imagen de perfil de costura.<\/p>\n<\/div>\n<\/div>\n<\/div>\n<div class=\"elementor-element elementor-element-8eb4a3e elementor-button-success elementor-align-justify elementor-widget__width-inherit elementor-widget elementor-widget-button\" data-id=\"8eb4a3e\" data-element_type=\"widget\" data-widget_type=\"button.default\">\n<div class=\"elementor-widget-container\">\n<div class=\"elementor-button-wrapper\"><\/div>\n<\/div>\n<\/div>\n","protected":false},"featured_media":2663,"comment_status":"closed","ping_status":"closed","template":"","meta":[],"product_brand":[],"product_cat":[63,66],"product_tag":[],"class_list":{"0":"post-3228","1":"product","2":"type-product","3":"status-publish","4":"has-post-thumbnail","6":"product_cat-costura-de-latas","7":"product_cat-dimensional-es","9":"first","10":"instock","11":"shipping-taxable","12":"product-type-simple"},"_links":{"self":[{"href":"https:\/\/at2e-usa.com\/es\/wp-json\/wp\/v2\/product\/3228","targetHints":{"allow":["GET"]}}],"collection":[{"href":"https:\/\/at2e-usa.com\/es\/wp-json\/wp\/v2\/product"}],"about":[{"href":"https:\/\/at2e-usa.com\/es\/wp-json\/wp\/v2\/types\/product"}],"replies":[{"embeddable":true,"href":"https:\/\/at2e-usa.com\/es\/wp-json\/wp\/v2\/comments?post=3228"}],"version-history":[{"count":1,"href":"https:\/\/at2e-usa.com\/es\/wp-json\/wp\/v2\/product\/3228\/revisions"}],"predecessor-version":[{"id":10042,"href":"https:\/\/at2e-usa.com\/es\/wp-json\/wp\/v2\/product\/3228\/revisions\/10042"}],"wp:featuredmedia":[{"embeddable":true,"href":"https:\/\/at2e-usa.com\/es\/wp-json\/wp\/v2\/media\/2663"}],"wp:attachment":[{"href":"https:\/\/at2e-usa.com\/es\/wp-json\/wp\/v2\/media?parent=3228"}],"wp:term":[{"taxonomy":"product_brand","embeddable":true,"href":"https:\/\/at2e-usa.com\/es\/wp-json\/wp\/v2\/product_brand?post=3228"},{"taxonomy":"product_cat","embeddable":true,"href":"https:\/\/at2e-usa.com\/es\/wp-json\/wp\/v2\/product_cat?post=3228"},{"taxonomy":"product_tag","embeddable":true,"href":"https:\/\/at2e-usa.com\/es\/wp-json\/wp\/v2\/product_tag?post=3228"}],"curies":[{"name":"wp","href":"https:\/\/api.w.org\/{rel}","templated":true}]}}