{"id":3229,"date":"2023-12-05T22:18:44","date_gmt":"2023-12-06T04:18:44","guid":{"rendered":"https:\/\/at2e-usa.com\/product\/seamcheck-proyector-automatico-de-doble-costura\/"},"modified":"2024-10-12T07:08:28","modified_gmt":"2024-10-12T12:08:28","slug":"seamcheck-proyector-automatico-de-doble-costura","status":"publish","type":"product","link":"https:\/\/at2e-usa.com\/es\/producto\/seamcheck-proyector-automatico-de-doble-costura\/","title":{"rendered":"SeamCheck &#8211; Proyector autom\u00e1tico de doble costura"},"content":{"rendered":"<div class=\"paragraph\">\n<p>Cuando se utiliza en conjunto con una de las sierras de costura patentadas de AT2E (se venden por separado), se puede obtener una imagen clara de la secci\u00f3n de la costura. Junto con el software profesional SeamCheck, se puede realizar una medici\u00f3n r\u00e1pida y precisa de la costura.<\/p>\n<p><strong>Caracter\u00edsticas:<\/strong><\/p>\n<ul>\n<li>Posicionamiento autom\u00e1tico de la l\u00ednea (funci\u00f3n de auto-medici\u00f3n). La medici\u00f3n se realiza en 1 segundo.<\/li>\n<li>Equipado con un dispositivo avanzado de captura de video, independiente de fuentes de luz externas, garantiza la m\u00e1xima definici\u00f3n de imagen.<\/li>\n<li>El software SeamCheck utiliza un sistema de gesti\u00f3n de base de datos, que guarda resultados de medici\u00f3n e im\u00e1genes en la base de datos. Los usuarios pueden revisar los datos guardados en cualquier momento.<\/li>\n<li>9 par\u00e1metros de medici\u00f3n: Longitud de la costura, Longitud del gancho del cuerpo, Longitud del gancho final, Superposici\u00f3n, Espacio de la costura, Tasa de superposici\u00f3n, Tasa de solapamiento del gancho del cuerpo, Tasa de solapamiento del gancho final, Grosor de la costura en pantalla. (Capacidad para ampliar la funcionalidad a 12 par\u00e1metros mediante calibres adicionales, incluido el Grosor real de la costura, el Contrabisel real y la Tensi\u00f3n)<\/li>\n<li>Compatible con SPC: utilice un adaptador de datos para recopilar los datos del indicador digital Mitutoyo (Grosor real de la costura; Contrabisel real; Altura real de la lata, Ancho real de la brida).<\/li>\n<li>Los datos se pueden exportar como un archivo de Excel.<\/li>\n<li>El formato del informe se puede personalizar, lo que permite flexibilidad para diferentes estilos de informe de diferentes empresas.<\/li>\n<li>Predefina varios est\u00e1ndares de calificaci\u00f3n, juzgue autom\u00e1ticamente y advierta si los resultados son calificados en cada medici\u00f3n.<\/li>\n<li>Los resultados de la medici\u00f3n y las l\u00edneas de etiquetas est\u00e1n claramente marcados directamente en la imagen. Los resultados tambi\u00e9n se mostrar\u00e1n en el campo correspondiente en la pantalla.<\/li>\n<li>Funci\u00f3n de estad\u00edsticas de gr\u00e1ficos, analiza y compara autom\u00e1ticamente los resultados de la medici\u00f3n.<\/li>\n<li>Opci\u00f3n de lupa que permite a los usuarios ampliar la imagen de prueba para un posicionamiento de l\u00ednea m\u00e1s preciso.<\/li>\n<li>Los valores medidos se muestran en pantalla y alertan al usuario si los valores no est\u00e1n dentro de las especificaciones.<\/li>\n<li>La imagen de la costura se puede imprimir y almacenar.<\/li>\n<li>Provisto con pieza de calibraci\u00f3n. Calibre en cualquier momento.<\/li>\n<li>Plataforma ajustable.<\/li>\n<li>Luz ajustable.<\/li>\n<\/ul>\n<\/div>\n<div>\n<div id=\"717558651147467836\" class=\"wcustomhtml\" align=\"left\">\n<table class=\"tg\">\n<tbody>\n<tr>\n<th class=\"tg-fs7x\" colspan=\"2\">Especificaciones T\u00e9cnicas:<\/th>\n<\/tr>\n<tr>\n<td class=\"tg-yw4l\">Fuente de alimentaci\u00f3n<\/td>\n<td class=\"tg-yw4l\">220 V<\/td>\n<\/tr>\n<tr>\n<td class=\"tg-yw4l\">Interfaz serial<\/td>\n<td class=\"tg-yw4l\">RS 232<\/td>\n<\/tr>\n<tr>\n<td class=\"tg-yw4l\">Resoluci\u00f3n<\/td>\n<td class=\"tg-yw4l\">0.001 mm<\/td>\n<\/tr>\n<tr>\n<td class=\"tg-yw4l\">Precisi\u00f3n<\/td>\n<td class=\"tg-yw4l\">0.005 mm<\/td>\n<\/tr>\n<tr>\n<td class=\"tg-yw4l\">Factor de ampliaci\u00f3n<\/td>\n<td class=\"tg-yw4l\">60 X<\/td>\n<\/tr>\n<tr>\n<td class=\"tg-yw4l\">Factor de ampliaci\u00f3n del posicionamiento de l\u00ednea<\/td>\n<td class=\"tg-yw4l\">180 X<\/td>\n<\/tr>\n<tr>\n<td class=\"tg-yw4l\">Capacidad de la plataforma<\/td>\n<td class=\"tg-yw4l\">Hasta 180 mm de di\u00e1metro de lata<\/td>\n<\/tr>\n<tr>\n<td class=\"tg-yw4l\">Dimensiones<\/td>\n<td class=\"tg-yw4l\">470 (L) x 200 (W) x 125 (H) mm<\/td>\n<\/tr>\n<tr>\n<td class=\"tg-yw4l\">Peso neto<\/td>\n<td class=\"tg-yw4l\">5 kg<\/td>\n<\/tr>\n<\/tbody>\n<\/table>\n<\/div>\n<\/div>\n<div class=\"paragraph\"><strong>Equipo incluido:<\/strong><\/p>\n<ul>\n<li>Proyector de costura de video SeamCheck<\/li>\n<li>Software profesional de medici\u00f3n de costuras SeamCheck<\/li>\n<li>Pieza de calibraci\u00f3n de 2 mm<\/li>\n<\/ul>\n<p><strong>Piezas opcionales:<\/strong><\/p>\n<ul>\n<li>ANSS: Sierra de corte de costura antirruido \/ Sierra de corte de costura SS-1<\/li>\n<li>CG-D: Calibrador de grosor de costura (digital)<\/li>\n<li>CG-D: Calibrador de contrabisel (digital)<\/li>\n<li>FWG-1: Calibrador de ancho de brida<\/li>\n<li>HG-1: Calibrador de altura<\/li>\n<li>DTB-1: Caja de transporte de datos con cables<\/li>\n<\/ul>\n<\/div>\n","protected":false},"excerpt":{"rendered":"<p><strong>Para medir y analizar de cerca las costuras de latas de aluminio<\/strong><\/p>\n<p>La calidad del cierre es una parte fundamental de la inspecci\u00f3n de latas. Y es uno de los puntos de control de calidad m\u00e1s preocupantes para las empresas fabricantes de latas, bebidas y alimentos. El <strong>Proyector autom\u00e1tico de doble costura AT2E SeamCheck<\/strong>\u00a0proporciona la forma m\u00e1s conveniente de realizar la inspecci\u00f3n de costuras.<\/p>\n","protected":false},"featured_media":2661,"comment_status":"closed","ping_status":"closed","template":"","meta":[],"product_brand":[],"product_cat":[63,66],"product_tag":[],"class_list":{"0":"post-3229","1":"product","2":"type-product","3":"status-publish","4":"has-post-thumbnail","6":"product_cat-costura-de-latas","7":"product_cat-dimensional-es","9":"first","10":"instock","11":"shipping-taxable","12":"product-type-simple"},"_links":{"self":[{"href":"https:\/\/at2e-usa.com\/es\/wp-json\/wp\/v2\/product\/3229","targetHints":{"allow":["GET"]}}],"collection":[{"href":"https:\/\/at2e-usa.com\/es\/wp-json\/wp\/v2\/product"}],"about":[{"href":"https:\/\/at2e-usa.com\/es\/wp-json\/wp\/v2\/types\/product"}],"replies":[{"embeddable":true,"href":"https:\/\/at2e-usa.com\/es\/wp-json\/wp\/v2\/comments?post=3229"}],"version-history":[{"count":1,"href":"https:\/\/at2e-usa.com\/es\/wp-json\/wp\/v2\/product\/3229\/revisions"}],"predecessor-version":[{"id":10043,"href":"https:\/\/at2e-usa.com\/es\/wp-json\/wp\/v2\/product\/3229\/revisions\/10043"}],"wp:featuredmedia":[{"embeddable":true,"href":"https:\/\/at2e-usa.com\/es\/wp-json\/wp\/v2\/media\/2661"}],"wp:attachment":[{"href":"https:\/\/at2e-usa.com\/es\/wp-json\/wp\/v2\/media?parent=3229"}],"wp:term":[{"taxonomy":"product_brand","embeddable":true,"href":"https:\/\/at2e-usa.com\/es\/wp-json\/wp\/v2\/product_brand?post=3229"},{"taxonomy":"product_cat","embeddable":true,"href":"https:\/\/at2e-usa.com\/es\/wp-json\/wp\/v2\/product_cat?post=3229"},{"taxonomy":"product_tag","embeddable":true,"href":"https:\/\/at2e-usa.com\/es\/wp-json\/wp\/v2\/product_tag?post=3229"}],"curies":[{"name":"wp","href":"https:\/\/api.w.org\/{rel}","templated":true}]}}