{"id":3230,"date":"2023-12-05T22:17:48","date_gmt":"2023-12-06T04:17:48","guid":{"rendered":"https:\/\/at2e-usa.com\/product\/sct-d-probador-de-grietas-por-tension\/"},"modified":"2024-10-12T07:09:09","modified_gmt":"2024-10-12T12:09:09","slug":"sct-d-probador-de-grietas-por-tension","status":"publish","type":"product","link":"https:\/\/at2e-usa.com\/es\/producto\/sct-d-probador-de-grietas-por-tension\/","title":{"rendered":"SCT-D &#8211; Probador de grietas por tensi\u00f3n"},"content":{"rendered":"<div class=\"paragraph\">\n<p>Seg\u00fan la captura de pantalla anterior, durante la prueba las botellas en las posiciones #6 y #16 presentan fugas, las luces de las posiciones #6 y #16 se volver\u00e1n verdes autom\u00e1ticamente, y el sistema dejar\u00e1 de presurizar las posiciones correspondientes.<\/p>\n<p>Alternativamente, el operador puede presionar el bot\u00f3n de posici\u00f3n para detener la presurizaci\u00f3n en cualquier momento. El valor de presi\u00f3n de fuga y el tiempo se mostrar\u00e1n debajo del bot\u00f3n.<\/p>\n<p>El sistema tambi\u00e9n generar\u00e1 una tabla de datos para cada prueba para registrar la presi\u00f3n de prueba de cada posici\u00f3n. En la tabla, las posiciones con una luz verde se mostrar\u00e1n como \u00abNG\u00bb con su respectivo valor de presi\u00f3n de fuga. Una posici\u00f3n normal se mostrar\u00e1 como \u00abOK\u00bb con el valor de presi\u00f3n predefinido. La tabla de datos tambi\u00e9n se puede imprimir a trav\u00e9s de la mini impresora.<\/p>\n<p><strong><u>Atributos:<\/u><\/strong><\/p>\n<ul>\n<li>Dise\u00f1o multi-posici\u00f3n, m\u00e1s conveniente y eficiente (Por favor, consulte a AT2E para otras solicitudes de posici\u00f3n).<\/li>\n<li>Control automatizado que garantiza alta precisi\u00f3n y repetibilidad.<\/li>\n<li>Marco de acero inoxidable de alta calidad, que es seguro y duradero.<\/li>\n<li>Componentes de control superiores que garantizan precisi\u00f3n y durabilidad.<\/li>\n<li>Selecci\u00f3n flexible de posici\u00f3n &#8211; cada posici\u00f3n puede ser controlada por separado por el sistema. Los usuarios pueden habilitar las posiciones (de 1 a 26) seg\u00fan sus requisitos de prueba.<\/li>\n<li>Compensaci\u00f3n autom\u00e1tica de presi\u00f3n durante el proceso de prueba.<\/li>\n<li>Adecuado para probar varios tama\u00f1os de botella.<\/li>\n<li>Dise\u00f1o resistente a la corrosi\u00f3n<\/li>\n<li>Ventana de observaci\u00f3n a prueba de explosiones y transparente, que permite una forma segura y f\u00e1cil de observar el estado de la muestra durante una prueba.<\/li>\n<li>Varias caracter\u00edsticas de seguridad.<\/li>\n<\/ul>\n<\/div>\n<div>\n<div><\/div>\n<hr class=\"styled-hr\" \/>\n<div><\/div>\n<\/div>\n<div class=\"paragraph\"><strong><u>Especificaciones T\u00e9cnicas:<\/u><\/strong><\/p>\n<ul>\n<li>Presi\u00f3n de prueba: 0 &#8211; 6 Bar (Por favor, consulte a AT2E para solicitudes de presi\u00f3n m\u00e1s alta)<\/li>\n<li>Resoluci\u00f3n de visualizaci\u00f3n: 0.1 Bar<\/li>\n<li>Unidades de presi\u00f3n: Bar \/ psi<\/li>\n<li>Tiempo de prueba: seleccionable de 0 &#8211; 200 minutos (Por favor, consulte a AT2E para solicitudes de tiempo de prueba m\u00e1s largo)<\/li>\n<li>Rango de muestra: 60 &#8211; 120 mm de di\u00e1metro \/ 150 &#8211; 350 mm de altura (Por favor, consulte a AT2E para muestra m\u00e1s grande)<\/li>\n<li>Pantalla t\u00e1ctil LCD de 10 pulgadas<\/li>\n<li>Soluci\u00f3n recomendada: Soluci\u00f3n de Hidr\u00f3xido de Sodio (NaOH) 0.200%<\/li>\n<li>Temperatura de operaci\u00f3n recomendada: 5 \u2013 50 \u00b0C<\/li>\n<li>Puerto de comunicaci\u00f3n: RS232<\/li>\n<li>Suministro de aire: 5-8 Bar (Suministro de aire \u2265 Presi\u00f3n m\u00e1x. de prueba)<\/li>\n<li>Suministro el\u00e9ctrico: 220 V<\/li>\n<li>Tama\u00f1o total: 168 x 74 x 85 cm<\/li>\n<li>Peso neto: 250 kg<\/li>\n<\/ul>\n<p><strong><u>Piezas Opcionales:<\/u><\/strong><\/p>\n<ul>\n<li>Mini impresora<\/li>\n<li>Software<\/li>\n<\/ul>\n<\/div>\n","protected":false},"excerpt":{"rendered":"<div class=\"paragraph\">\n<div class=\"paragraph\"><strong>Para probar la resistencia a las grietas por estr\u00e9s de m\u00faltiples botellas de refresco carbonatado<\/strong><\/div>\n<div>El Probador de Grietas por Estr\u00e9s <strong>SCT-D<\/strong> de AT2E est\u00e1 dise\u00f1ado para probar el estr\u00e9s interno en la base de una botella y para determinar la resistencia a las grietas por estr\u00e9s de botellas de refrescos carbonatados de PET moldeadas por soplado. Al medir la propensi\u00f3n a la grieta en la base al exponerse a una soluci\u00f3n acuosa de hidr\u00f3xido de sodio en un ambiente controlado, el usuario puede simular el comportamiento a largo plazo de las botellas.<\/div>\n<\/div>\n<div>\n<p><strong>Modelos disponibles:<\/strong><\/p>\n<ul>\n<li>6 posiciones de prueba<\/li>\n<li>12 posiciones de prueba<\/li>\n<li>26 posiciones de prueba<\/li>\n<\/ul>\n<\/div>\n<div class=\"paragraph\">\n<div><\/div>\n<\/div>\n","protected":false},"featured_media":9184,"comment_status":"closed","ping_status":"closed","template":"","meta":[],"product_brand":[],"product_cat":[71,73],"product_tag":[],"class_list":{"0":"post-3230","1":"product","2":"type-product","3":"status-publish","4":"has-post-thumbnail","6":"product_cat-botellas-de-plastico-pet","7":"product_cat-prueba-de-estres","9":"first","10":"instock","11":"shipping-taxable","12":"product-type-simple"},"_links":{"self":[{"href":"https:\/\/at2e-usa.com\/es\/wp-json\/wp\/v2\/product\/3230","targetHints":{"allow":["GET"]}}],"collection":[{"href":"https:\/\/at2e-usa.com\/es\/wp-json\/wp\/v2\/product"}],"about":[{"href":"https:\/\/at2e-usa.com\/es\/wp-json\/wp\/v2\/types\/product"}],"replies":[{"embeddable":true,"href":"https:\/\/at2e-usa.com\/es\/wp-json\/wp\/v2\/comments?post=3230"}],"version-history":[{"count":1,"href":"https:\/\/at2e-usa.com\/es\/wp-json\/wp\/v2\/product\/3230\/revisions"}],"predecessor-version":[{"id":10044,"href":"https:\/\/at2e-usa.com\/es\/wp-json\/wp\/v2\/product\/3230\/revisions\/10044"}],"wp:featuredmedia":[{"embeddable":true,"href":"https:\/\/at2e-usa.com\/es\/wp-json\/wp\/v2\/media\/9184"}],"wp:attachment":[{"href":"https:\/\/at2e-usa.com\/es\/wp-json\/wp\/v2\/media?parent=3230"}],"wp:term":[{"taxonomy":"product_brand","embeddable":true,"href":"https:\/\/at2e-usa.com\/es\/wp-json\/wp\/v2\/product_brand?post=3230"},{"taxonomy":"product_cat","embeddable":true,"href":"https:\/\/at2e-usa.com\/es\/wp-json\/wp\/v2\/product_cat?post=3230"},{"taxonomy":"product_tag","embeddable":true,"href":"https:\/\/at2e-usa.com\/es\/wp-json\/wp\/v2\/product_tag?post=3230"}],"curies":[{"name":"wp","href":"https:\/\/api.w.org\/{rel}","templated":true}]}}