{"id":3231,"date":"2023-12-05T22:14:57","date_gmt":"2023-12-06T04:14:57","guid":{"rendered":"https:\/\/at2e-usa.com\/product\/pvg-sd-medidor-de-presion-y-vacio-version-de-bolsillo-pequeno-digital\/"},"modified":"2024-10-12T07:09:29","modified_gmt":"2024-10-12T12:09:29","slug":"pvg-sd-medidor-de-presion-y-vacio-version-de-bolsillo-pequeno-digital","status":"publish","type":"product","link":"https:\/\/at2e-usa.com\/es\/producto\/pvg-sd-medidor-de-presion-y-vacio-version-de-bolsillo-pequeno-digital\/","title":{"rendered":"PVG-SD &#8211; Medidor de presi\u00f3n y vac\u00edo (versi\u00f3n de bolsillo, peque\u00f1o, digital)"},"content":{"rendered":"<div class=\"paragraph\">El <strong>PVG-SD Digital Pocket Gauge<\/strong> de AT2E es nuestro modelo m\u00e1s peque\u00f1o y port\u00e1til para medir la presi\u00f3n y\/o vac\u00edo dentro de la botella. Simplemente presione firmemente el PVG-SD sobre la tapa y verifique la medici\u00f3n de presi\u00f3n o vac\u00edo.<\/div>\n<p>Este dispositivo digital es capaz de medir <strong><em><u>ambos<\/u><\/em><\/strong> presi\u00f3n y vac\u00edo de una muestra.<\/p>\n<p><strong><u>Ventajas:<\/u><\/strong><\/p>\n<ul>\n<li>F\u00e1cil de usar<\/li>\n<li>Pantalla digital<\/li>\n<li>Tama\u00f1o compacto<\/li>\n<li>Alta precisi\u00f3n<\/li>\n<\/ul>\n<p><strong><u>Especificaciones:<\/u><\/strong><\/p>\n<ul>\n<li>Rango de medici\u00f3n: -15 a 85 psi (-1 a 6 bar)<\/li>\n<li>Unidades: kgf.cm2, Mpa, Kpa, Bar, psi Resoluci\u00f3n: 0.01 psi (0.001 bar)<\/li>\n<li>Precisi\u00f3n: 0.1% F.S.<\/li>\n<\/ul>\n<p><strong><u>Opci\u00f3n:<\/u><\/strong><\/p>\n<ul>\n<li>Certificado de calibraci\u00f3n<\/li>\n<\/ul>\n","protected":false},"excerpt":{"rendered":"<p><strong>Probador de Presi\u00f3n o Vac\u00edo Simple para Lata y Botella<\/strong><\/p>\n","protected":false},"featured_media":9787,"comment_status":"closed","ping_status":"closed","template":"","meta":[],"product_brand":[],"product_cat":[64],"product_tag":[],"class_list":{"0":"post-3231","1":"product","2":"type-product","3":"status-publish","4":"has-post-thumbnail","6":"product_cat-probadores-de-co2-presion-vacio","8":"first","9":"instock","10":"shipping-taxable","11":"product-type-simple"},"_links":{"self":[{"href":"https:\/\/at2e-usa.com\/es\/wp-json\/wp\/v2\/product\/3231","targetHints":{"allow":["GET"]}}],"collection":[{"href":"https:\/\/at2e-usa.com\/es\/wp-json\/wp\/v2\/product"}],"about":[{"href":"https:\/\/at2e-usa.com\/es\/wp-json\/wp\/v2\/types\/product"}],"replies":[{"embeddable":true,"href":"https:\/\/at2e-usa.com\/es\/wp-json\/wp\/v2\/comments?post=3231"}],"version-history":[{"count":1,"href":"https:\/\/at2e-usa.com\/es\/wp-json\/wp\/v2\/product\/3231\/revisions"}],"predecessor-version":[{"id":10045,"href":"https:\/\/at2e-usa.com\/es\/wp-json\/wp\/v2\/product\/3231\/revisions\/10045"}],"wp:featuredmedia":[{"embeddable":true,"href":"https:\/\/at2e-usa.com\/es\/wp-json\/wp\/v2\/media\/9787"}],"wp:attachment":[{"href":"https:\/\/at2e-usa.com\/es\/wp-json\/wp\/v2\/media?parent=3231"}],"wp:term":[{"taxonomy":"product_brand","embeddable":true,"href":"https:\/\/at2e-usa.com\/es\/wp-json\/wp\/v2\/product_brand?post=3231"},{"taxonomy":"product_cat","embeddable":true,"href":"https:\/\/at2e-usa.com\/es\/wp-json\/wp\/v2\/product_cat?post=3231"},{"taxonomy":"product_tag","embeddable":true,"href":"https:\/\/at2e-usa.com\/es\/wp-json\/wp\/v2\/product_tag?post=3231"}],"curies":[{"name":"wp","href":"https:\/\/api.w.org\/{rel}","templated":true}]}}