{"id":3232,"date":"2023-12-05T22:14:01","date_gmt":"2023-12-06T04:14:01","guid":{"rendered":"https:\/\/at2e-usa.com\/product\/pvg-p-medidor-de-presion-y-vacio-portatil-para-botellas-pet\/"},"modified":"2024-10-12T07:09:45","modified_gmt":"2024-10-12T12:09:45","slug":"pvg-p-medidor-de-presion-y-vacio-portatil-para-botellas-pet","status":"publish","type":"product","link":"https:\/\/at2e-usa.com\/es\/producto\/pvg-p-medidor-de-presion-y-vacio-portatil-para-botellas-pet\/","title":{"rendered":"PVG-P &#8211; Medidor de Presi\u00f3n y Vac\u00edo Port\u00e1til para Botellas PET"},"content":{"rendered":"<div class=\"paragraph\">El <strong>PVG-P Medidor de Presi\u00f3n y Vac\u00edo Port\u00e1til para Botellas PET<\/strong> de AT2E es nuestro modelo dise\u00f1ado para medir la presi\u00f3n interna o vac\u00edo en muestras de botellas PET.<\/div>\n<div>Coloque el <strong>PVG-P<\/strong> debajo del cuello del acabado y ajuste la aguja en el centro de la tapa, luego atornille la tuerca. La aguja perforar\u00e1 la tapa sin fugas y medir\u00e1 el valor de presi\u00f3n o vac\u00edo en el medidor digital.<strong><u>Ventajas:<\/u><\/strong><\/p>\n<ul>\n<li>F\u00e1cil de usar<\/li>\n<li>Medici\u00f3n de vac\u00edo y presi\u00f3n<\/li>\n<li>Alta precisi\u00f3n<\/li>\n<li>Se adapta a todas las muestras de botellas PET<\/li>\n<\/ul>\n<p><strong><u>Especificaciones:<\/u><\/strong><\/p>\n<ul>\n<li>Rango de medici\u00f3n: -15 a 85 psi (-1 a 6 bar)<\/li>\n<li>Unidades: kgf.cm<sup>2<\/sup>, Mpa, Kpa, Bar, psi<\/li>\n<li>Resoluci\u00f3n: 0.01 psi (0.001 bar)<\/li>\n<li>Precisi\u00f3n: 0.1% F.S.<\/li>\n<\/ul>\n<p><strong><u>Opci\u00f3n:<\/u><\/strong><\/p>\n<ul>\n<li>Certificado de calibraci\u00f3n<\/li>\n<\/ul>\n<\/div>\n","protected":false},"excerpt":{"rendered":"<p><strong>Probador de Presi\u00f3n o Vac\u00edo Simple para Lata y Botella<\/strong><\/p>\n","protected":false},"featured_media":9138,"comment_status":"closed","ping_status":"closed","template":"","meta":[],"product_brand":[],"product_cat":[71,64],"product_tag":[],"class_list":{"0":"post-3232","1":"product","2":"type-product","3":"status-publish","4":"has-post-thumbnail","6":"product_cat-botellas-de-plastico-pet","7":"product_cat-probadores-de-co2-presion-vacio","9":"first","10":"instock","11":"shipping-taxable","12":"product-type-simple"},"_links":{"self":[{"href":"https:\/\/at2e-usa.com\/es\/wp-json\/wp\/v2\/product\/3232","targetHints":{"allow":["GET"]}}],"collection":[{"href":"https:\/\/at2e-usa.com\/es\/wp-json\/wp\/v2\/product"}],"about":[{"href":"https:\/\/at2e-usa.com\/es\/wp-json\/wp\/v2\/types\/product"}],"replies":[{"embeddable":true,"href":"https:\/\/at2e-usa.com\/es\/wp-json\/wp\/v2\/comments?post=3232"}],"version-history":[{"count":1,"href":"https:\/\/at2e-usa.com\/es\/wp-json\/wp\/v2\/product\/3232\/revisions"}],"predecessor-version":[{"id":10046,"href":"https:\/\/at2e-usa.com\/es\/wp-json\/wp\/v2\/product\/3232\/revisions\/10046"}],"wp:featuredmedia":[{"embeddable":true,"href":"https:\/\/at2e-usa.com\/es\/wp-json\/wp\/v2\/media\/9138"}],"wp:attachment":[{"href":"https:\/\/at2e-usa.com\/es\/wp-json\/wp\/v2\/media?parent=3232"}],"wp:term":[{"taxonomy":"product_brand","embeddable":true,"href":"https:\/\/at2e-usa.com\/es\/wp-json\/wp\/v2\/product_brand?post=3232"},{"taxonomy":"product_cat","embeddable":true,"href":"https:\/\/at2e-usa.com\/es\/wp-json\/wp\/v2\/product_cat?post=3232"},{"taxonomy":"product_tag","embeddable":true,"href":"https:\/\/at2e-usa.com\/es\/wp-json\/wp\/v2\/product_tag?post=3232"}],"curies":[{"name":"wp","href":"https:\/\/api.w.org\/{rel}","templated":true}]}}