{"id":3233,"date":"2023-12-05T22:11:55","date_gmt":"2023-12-06T04:11:55","guid":{"rendered":"https:\/\/at2e-usa.com\/product\/pvg-a-medidor-de-presion-o-vacio-analogico\/"},"modified":"2024-10-12T07:10:27","modified_gmt":"2024-10-12T12:10:27","slug":"pvg-a-medidor-de-presion-o-vacio-analogico","status":"publish","type":"product","link":"https:\/\/at2e-usa.com\/es\/producto\/pvg-a-medidor-de-presion-o-vacio-analogico\/","title":{"rendered":"PVG-A: Medidor de Presi\u00f3n o Vac\u00edo (An\u00e1logico)"},"content":{"rendered":"<p>El <strong>PVG-A<\/strong> de AT2E se utiliza para medir la presi\u00f3n <strong><u>o<\/u><\/strong> el vac\u00edo de latas o botellas. Simplemente coloque la muestra debajo del man\u00f3metro o vacu\u00f3metro y baje la palanca, luego lea el valor.<\/p>\n<p style=\"text-align: left;\"><strong><em>PD:<\/em><\/strong><em> Tenga en cuenta que PVG-A no puede medir presi\u00f3n y vac\u00edo al mismo tiempo, como el digital. modelo PVG-D; por lo tanto, al realizar el pedido indique qu\u00e9 tipo de medici\u00f3n desea realizar, si presi\u00f3n <strong><u>o<\/u><\/strong> vac\u00edo. <\/em><\/p>\n<p><strong><u>Ventajas<\/u><\/strong><strong>:<\/strong><\/p>\n<ul>\n<li>F\u00e1cil de usar<\/li>\n<li>Buena precisi\u00f3n<\/li>\n<li>Se adapta a todo tipo de muestras<\/li>\n<\/ul>\n<p><strong><u>Especificaciones:<\/u><\/strong><\/p>\n<ul>\n<li><strong><em>Presi\u00f3n: <\/em><\/strong>\n<ul>\n<li>Rango de medida: 0 a 85 psi (0 a 6 bar)<\/li>\n<li>Unidades: Bar, MPa (<strong><em>otras bajo consulta<\/em><\/strong>)<\/li>\n<li>Resoluci\u00f3n: 1,5 psi (0,1 bar)<\/li>\n<li>Precisi\u00f3n: 5% FS<\/li>\n<li>Peso: 6,5 libras (3 kg)<\/li>\n<\/ul>\n<\/li>\n<li><strong><em>Aspiraci\u00f3n: <\/em><\/strong>\n<ul>\n<li>Rango de medida: -15 a 0 psi (-1 a 0 bar)<\/li>\n<li>Unidades: Bar, MPa (<strong><em>otras bajo consulta<\/em><\/strong>)<\/li>\n<li>Resoluci\u00f3n: 1,5 psi (0,1 bar)<\/li>\n<li>Precisi\u00f3n: 5% FS<\/li>\n<li>Peso: 6,5 libras (3 kg)<\/li>\n<\/ul>\n<\/li>\n<\/ul>\n<p><strong>\u00a0<\/strong><strong><u>Opciones:<\/u><\/strong> <strong>\u00a0<\/strong><\/p>\n<ul>\n<li>Soporte de cuello para botellas de PET<\/li>\n<li>Calibrar certificado<\/li>\n<\/ul>\n","protected":false},"excerpt":{"rendered":"<p><strong>Probador de presi\u00f3n o vac\u00edo simple montado sobre soporte, con aguja de punci\u00f3n de alto rendimiento<\/strong><\/p>\n<p>La serie de medidores\u00a0<strong>PVG<\/strong>\u00a0se utiliza para medir los niveles de presi\u00f3n o vac\u00edo en una lata o botella. Los clientes indican si quieren man\u00f3metro, vacu\u00f3metro o ambos.<\/p>\n","protected":false},"featured_media":9140,"comment_status":"closed","ping_status":"closed","template":"","meta":[],"product_brand":[],"product_cat":[64],"product_tag":[],"class_list":{"0":"post-3233","1":"product","2":"type-product","3":"status-publish","4":"has-post-thumbnail","6":"product_cat-probadores-de-co2-presion-vacio","8":"first","9":"instock","10":"shipping-taxable","11":"product-type-simple"},"_links":{"self":[{"href":"https:\/\/at2e-usa.com\/es\/wp-json\/wp\/v2\/product\/3233","targetHints":{"allow":["GET"]}}],"collection":[{"href":"https:\/\/at2e-usa.com\/es\/wp-json\/wp\/v2\/product"}],"about":[{"href":"https:\/\/at2e-usa.com\/es\/wp-json\/wp\/v2\/types\/product"}],"replies":[{"embeddable":true,"href":"https:\/\/at2e-usa.com\/es\/wp-json\/wp\/v2\/comments?post=3233"}],"version-history":[{"count":1,"href":"https:\/\/at2e-usa.com\/es\/wp-json\/wp\/v2\/product\/3233\/revisions"}],"predecessor-version":[{"id":10047,"href":"https:\/\/at2e-usa.com\/es\/wp-json\/wp\/v2\/product\/3233\/revisions\/10047"}],"wp:featuredmedia":[{"embeddable":true,"href":"https:\/\/at2e-usa.com\/es\/wp-json\/wp\/v2\/media\/9140"}],"wp:attachment":[{"href":"https:\/\/at2e-usa.com\/es\/wp-json\/wp\/v2\/media?parent=3233"}],"wp:term":[{"taxonomy":"product_brand","embeddable":true,"href":"https:\/\/at2e-usa.com\/es\/wp-json\/wp\/v2\/product_brand?post=3233"},{"taxonomy":"product_cat","embeddable":true,"href":"https:\/\/at2e-usa.com\/es\/wp-json\/wp\/v2\/product_cat?post=3233"},{"taxonomy":"product_tag","embeddable":true,"href":"https:\/\/at2e-usa.com\/es\/wp-json\/wp\/v2\/product_tag?post=3233"}],"curies":[{"name":"wp","href":"https:\/\/api.w.org\/{rel}","templated":true}]}}