{"id":3236,"date":"2023-12-05T22:08:29","date_gmt":"2023-12-06T04:08:29","guid":{"rendered":"https:\/\/at2e-usa.com\/product\/ppg-a-ppg-d-medidor-de-perpendicularidad-para-preformas\/"},"modified":"2024-10-12T07:11:06","modified_gmt":"2024-10-12T12:11:06","slug":"ppg-a-ppg-d-medidor-de-perpendicularidad-para-preformas","status":"publish","type":"product","link":"https:\/\/at2e-usa.com\/es\/producto\/ppg-a-ppg-d-medidor-de-perpendicularidad-para-preformas\/","title":{"rendered":"PPG-A \/ PPG-D &#8211; Medidor De Perpendicularidad Para Preformas"},"content":{"rendered":"<p>Con una pieza de cambio y sujeci\u00f3n especialmente dise\u00f1ada, garantiza la medici\u00f3n precisa de preformas de diferentes tama\u00f1os.<\/p>\n<p>El soporte de sujeci\u00f3n y la barra de calibraci\u00f3n corresponden al di\u00e1metro de la abertura de cada preforma. Proporcione especificaciones detalladas de la preforma al realizar el pedido.<\/p>\n<p><strong><u>Especificaciones te\u0301cnicas:<\/u><\/strong><br \/>\n\u2022 Rango de muestra: por pedido<br \/>\n\u2022 Resoluci\u00f3n: 0.01 mm<br \/>\n\u2022 Dimensiones: 300 (L) x 250 (W) x 450 (H) mm<br \/>\n\u2022 Peso neto: 15kg<\/p>\n<p><strong><u>Accesorios opcionales:<\/u><\/strong><br \/>\n\u2022 Soporte de sujeci\u00f3n para otros di\u00e1metros\/tama\u00f1os de preformas<\/p>\n","protected":false},"excerpt":{"rendered":"<p>PPG-A \/ PPG-D &#8211; Medidor De Perpendicularidad Para Preformas<\/p>\n<div>\n<div class=\"wsite-image wsite-image-border-none\">\n<div>Modelo \u201cPPG-D\u201d (Con indicador digital)<\/div>\n<div class=\" translation-block\">Los medidores de perpendicularidad de preformas\u00a0<strong>PPG-A<\/strong>\u00a0y\u00a0<strong>PPG-D<\/strong>\u00a0se utilizan para medir la perpendicularidad (desviaci\u00f3n) de una preforma de botella de PET y son un equipo est\u00e1ndar para la industria de bebidas. .<\/div>\n<\/div>\n<\/div>\n","protected":false},"featured_media":4149,"comment_status":"closed","ping_status":"closed","template":"","meta":[],"product_brand":[],"product_cat":[66],"product_tag":[],"class_list":{"0":"post-3236","1":"product","2":"type-product","3":"status-publish","4":"has-post-thumbnail","6":"product_cat-dimensional-es","8":"first","9":"instock","10":"shipping-taxable","11":"product-type-simple"},"_links":{"self":[{"href":"https:\/\/at2e-usa.com\/es\/wp-json\/wp\/v2\/product\/3236","targetHints":{"allow":["GET"]}}],"collection":[{"href":"https:\/\/at2e-usa.com\/es\/wp-json\/wp\/v2\/product"}],"about":[{"href":"https:\/\/at2e-usa.com\/es\/wp-json\/wp\/v2\/types\/product"}],"replies":[{"embeddable":true,"href":"https:\/\/at2e-usa.com\/es\/wp-json\/wp\/v2\/comments?post=3236"}],"version-history":[{"count":1,"href":"https:\/\/at2e-usa.com\/es\/wp-json\/wp\/v2\/product\/3236\/revisions"}],"predecessor-version":[{"id":10050,"href":"https:\/\/at2e-usa.com\/es\/wp-json\/wp\/v2\/product\/3236\/revisions\/10050"}],"wp:featuredmedia":[{"embeddable":true,"href":"https:\/\/at2e-usa.com\/es\/wp-json\/wp\/v2\/media\/4149"}],"wp:attachment":[{"href":"https:\/\/at2e-usa.com\/es\/wp-json\/wp\/v2\/media?parent=3236"}],"wp:term":[{"taxonomy":"product_brand","embeddable":true,"href":"https:\/\/at2e-usa.com\/es\/wp-json\/wp\/v2\/product_brand?post=3236"},{"taxonomy":"product_cat","embeddable":true,"href":"https:\/\/at2e-usa.com\/es\/wp-json\/wp\/v2\/product_cat?post=3236"},{"taxonomy":"product_tag","embeddable":true,"href":"https:\/\/at2e-usa.com\/es\/wp-json\/wp\/v2\/product_tag?post=3236"}],"curies":[{"name":"wp","href":"https:\/\/api.w.org\/{rel}","templated":true}]}}