{"id":3237,"date":"2023-12-05T22:07:22","date_gmt":"2023-12-06T04:07:22","guid":{"rendered":"https:\/\/at2e-usa.com\/product\/pot-auto-medidor-fuerza-de-destapado-automatico\/"},"modified":"2024-10-12T07:11:26","modified_gmt":"2024-10-12T12:11:26","slug":"pot-auto-medidor-fuerza-de-destapado-automatico","status":"publish","type":"product","link":"https:\/\/at2e-usa.com\/es\/producto\/pot-auto-medidor-fuerza-de-destapado-automatico\/","title":{"rendered":"POT-AUTO \u2013 Medidor Fuerza de Destapado Autom\u00e1tico"},"content":{"rendered":"<div class=\"paragraph\">\n<p><strong><u>Caracter\u00edsticas:<\/u><\/strong><\/p>\n<ul>\n<li>Arranque con una sola tecla, f\u00e1cil de operar<\/li>\n<li>Proceso de prueba automatizado para evitar la influencia de factores humanos, alta confiabilidad<\/li>\n<li>Mayor repetibilidad<\/li>\n<li>\u00c1ngulo de tracci\u00f3n ajustable<\/li>\n<li>Unidad de correcci\u00f3n de \u00e1ngulo autom\u00e1tico, corrige el \u00e1ngulo de tracci\u00f3n horizontal autom\u00e1ticamente<\/li>\n<li>Control PLC integrado y pantalla t\u00e1ctil<\/li>\n<li>Registro autom\u00e1tico y visualizaci\u00f3n de la fuerza m\u00e1xima y la distancia de fuerza de la fuerza de desgarro y desgarro<\/li>\n<li>Puerto de comunicaci\u00f3n RS232, puede recibir datos a trav\u00e9s del software de adquisici\u00f3n de datos<\/li>\n<li>Marco de acero inoxidable, resistente y duradero<\/li>\n<li>Compatible con una variedad de muestras de diferentes tama\u00f1os<\/li>\n<\/ul>\n<p>&nbsp;<\/p>\n<\/div>\n<div><\/div>\n<div class=\"paragraph\">\n<p><strong><u>Especificaciones te\u0301cnicas:<\/u><\/strong><\/p>\n<ul>\n<li>Force range: 0 \u2013 20.00kgf (0 \u2013 196 N) (Other range by order)<\/li>\n<li>Sample diameter range: \u03a6 50 \u2013 80 mm<\/li>\n<li>Sample height range: 150 \u2013 275 mm<\/li>\n<li>Angle correction range: \u00b112\u00b0<\/li>\n<li>Test mode: Peak \/ PC Link<\/li>\n<li>Resolution: 0.01 kgf or 0.1 N<\/li>\n<li>Precisi\u00f3n: \u00b10,5% fondo de escala.<\/li>\n<li>Units: kgf \/ Lbf \/ N<\/li>\n<li>Data output: RS232, connect mini-printer or software<\/li>\n<li>Air supply: 5 \u2013 8 bar (73 \u2013 120 psi) clean and stable air supply<\/li>\n<li>Fuente de alimentaci\u00f3n: 220V AC \/ 50 Hz (opcional 110V AC \/ 60 Hz)<\/li>\n<li>Dimensions: 550 x 510 x 890 mm (L x W x H)<\/li>\n<li>Weight: 85 kg<\/li>\n<\/ul>\n<\/div>\n<p><strong><u>Elementos opcionales:<\/u><\/strong><\/p>\n<ul>\n<li>\u200bQualiForcePlus software<\/li>\n<\/ul>\n","protected":false},"excerpt":{"rendered":"<div class=\"paragraph\"><strong>Tapadora Automatizada de tapas pull-off<\/strong><\/div>\n<div>\n<div class=\"paragraph translation-block\">El\u00a0<strong>Probador de extracci\u00f3n automatizado POT-AUTO<\/strong>\u00a0de AT2E es un instrumento de prueba autom\u00e1tico desarrollado por AT2E para probar la fuerza de desgarro y desprendimiento de tapas de extracci\u00f3n. El operador solo necesita instalar la muestra en la unidad de sujeci\u00f3n y enganchar la pesta\u00f1a del anillo correctamente, luego presionar iniciar para completar la prueba. El proceso de prueba automatizado evita la influencia que introducen las pruebas manuales. La unidad de correcci\u00f3n autom\u00e1tica de \u00e1ngulo puede corregir autom\u00e1ticamente el \u00e1ngulo de tracci\u00f3n horizontal para garantizar la confiabilidad y reproducibilidad de los datos de prueba.<\/div>\n<\/div>\n","protected":false},"featured_media":2641,"comment_status":"closed","ping_status":"closed","template":"","meta":[],"product_brand":[],"product_cat":[68],"product_tag":[],"class_list":{"0":"post-3237","1":"product","2":"type-product","3":"status-publish","4":"has-post-thumbnail","6":"product_cat-fuerza-compresion","8":"first","9":"instock","10":"shipping-taxable","11":"product-type-simple"},"_links":{"self":[{"href":"https:\/\/at2e-usa.com\/es\/wp-json\/wp\/v2\/product\/3237","targetHints":{"allow":["GET"]}}],"collection":[{"href":"https:\/\/at2e-usa.com\/es\/wp-json\/wp\/v2\/product"}],"about":[{"href":"https:\/\/at2e-usa.com\/es\/wp-json\/wp\/v2\/types\/product"}],"replies":[{"embeddable":true,"href":"https:\/\/at2e-usa.com\/es\/wp-json\/wp\/v2\/comments?post=3237"}],"version-history":[{"count":1,"href":"https:\/\/at2e-usa.com\/es\/wp-json\/wp\/v2\/product\/3237\/revisions"}],"predecessor-version":[{"id":10051,"href":"https:\/\/at2e-usa.com\/es\/wp-json\/wp\/v2\/product\/3237\/revisions\/10051"}],"wp:featuredmedia":[{"embeddable":true,"href":"https:\/\/at2e-usa.com\/es\/wp-json\/wp\/v2\/media\/2641"}],"wp:attachment":[{"href":"https:\/\/at2e-usa.com\/es\/wp-json\/wp\/v2\/media?parent=3237"}],"wp:term":[{"taxonomy":"product_brand","embeddable":true,"href":"https:\/\/at2e-usa.com\/es\/wp-json\/wp\/v2\/product_brand?post=3237"},{"taxonomy":"product_cat","embeddable":true,"href":"https:\/\/at2e-usa.com\/es\/wp-json\/wp\/v2\/product_cat?post=3237"},{"taxonomy":"product_tag","embeddable":true,"href":"https:\/\/at2e-usa.com\/es\/wp-json\/wp\/v2\/product_tag?post=3237"}],"curies":[{"name":"wp","href":"https:\/\/api.w.org\/{rel}","templated":true}]}}