{"id":3239,"date":"2023-12-05T22:05:07","date_gmt":"2023-12-06T04:05:07","guid":{"rendered":"https:\/\/at2e-usa.com\/product\/pls-simulador-de-la-linea-de-produccion\/"},"modified":"2024-10-12T07:11:44","modified_gmt":"2024-10-12T12:11:44","slug":"pls-simulador-de-la-linea-de-produccion","status":"publish","type":"product","link":"https:\/\/at2e-usa.com\/es\/producto\/pls-simulador-de-la-linea-de-produccion\/","title":{"rendered":"PLS \u2013 Simulador de la L\u00ednea de Producci\u00f3n"},"content":{"rendered":"<p><strong><u>Aplicaciones:<\/u><\/strong><\/p>\n<ul>\n<li>Simulaci\u00f3n de la l\u00ednea de envasado de botellas y latas<\/li>\n<li>Evaluaci\u00f3n de la calidad del revestimiento de las botellas<\/li>\n<li>Evaluaci\u00f3n del desgaste y la fricci\u00f3n de las etiquetas de las botellas<\/li>\n<li>Evaluaci\u00f3n de la abrasi\u00f3n en botellas retornables<\/li>\n<\/ul>\n<p><strong><u>Caracter\u00edsticas:<\/u><\/strong><\/p>\n<ul>\n<li>F\u00e1cil operaci\u00f3n, uso en laboratorio.<\/li>\n<li>Tiempo y velocidad de ciclo ajustables<\/li>\n<li>Separaci\u00f3n ajustable del borde del transportador de 50 a 150 mm<\/li>\n<li>Construcci\u00f3n de acero inoxidable<\/li>\n<li>Boquilla de agua ajustable y giratoria<\/li>\n<\/ul>\n<p><strong><u>Especificaciones Te\u0301cnicas:<\/u><\/strong><\/p>\n<ul>\n<li>Muestra: Botellas y latas de diferentes materiales (Vidrio, Pl\u00e1stico, Aluminio, etc.)<\/li>\n<li>Di\u00e1metro de la muestra: 50 &#8211; 150 mm<\/li>\n<li>Velocidad de rotaci\u00f3n: 0 &#8211; 20 rpm (0 &#8211; 1 m \/ s velocidad de transmisi\u00f3n en la posici\u00f3n de 1000 mm de di\u00e1metro)<\/li>\n<li>Suministro de aire: 5 &#8211; 8 Bar<\/li>\n<li>Fuente de alimentaci\u00f3n: CA 220 V (CA 110 V opcional)<\/li>\n<li>\u200bDimensions: 47.7&#8243; x 53.4&#8243; x 43.7&#8243; \/ 1210 x 1355 x 1110 mm (W x D x H)<\/li>\n<li>Peso: 510 lbs \/ 230 kg<\/li>\n<\/ul>\n","protected":false},"excerpt":{"rendered":"<p class=\" translation-block\">El PLS \u2013 Simulador de la L\u00ednea de Producci\u00f3n es un equipo que permite simular de forma reproducible y acelerada la fricci\u00f3n entre botellas en una l\u00ednea de envasado. El proceso de prueba simula las abrasiones asociadas con los contactos entre botellas, t\u00edpicas de las l\u00edneas de envasado.<\/p>\n<p>Es el dispositivo ideal para determinar la calidad de construcci\u00f3n de botellas de vidrio, as\u00ed como sus revestimientos, decoraciones y etiquetados.<\/p>\n","protected":false},"featured_media":9077,"comment_status":"closed","ping_status":"closed","template":"","meta":[],"product_brand":[],"product_cat":[69,68],"product_tag":[],"class_list":{"0":"post-3239","1":"product","2":"type-product","3":"status-publish","4":"has-post-thumbnail","6":"product_cat-botella-de-vidrio","7":"product_cat-fuerza-compresion","9":"first","10":"instock","11":"shipping-taxable","12":"product-type-simple"},"_links":{"self":[{"href":"https:\/\/at2e-usa.com\/es\/wp-json\/wp\/v2\/product\/3239","targetHints":{"allow":["GET"]}}],"collection":[{"href":"https:\/\/at2e-usa.com\/es\/wp-json\/wp\/v2\/product"}],"about":[{"href":"https:\/\/at2e-usa.com\/es\/wp-json\/wp\/v2\/types\/product"}],"replies":[{"embeddable":true,"href":"https:\/\/at2e-usa.com\/es\/wp-json\/wp\/v2\/comments?post=3239"}],"version-history":[{"count":1,"href":"https:\/\/at2e-usa.com\/es\/wp-json\/wp\/v2\/product\/3239\/revisions"}],"predecessor-version":[{"id":10053,"href":"https:\/\/at2e-usa.com\/es\/wp-json\/wp\/v2\/product\/3239\/revisions\/10053"}],"wp:featuredmedia":[{"embeddable":true,"href":"https:\/\/at2e-usa.com\/es\/wp-json\/wp\/v2\/media\/9077"}],"wp:attachment":[{"href":"https:\/\/at2e-usa.com\/es\/wp-json\/wp\/v2\/media?parent=3239"}],"wp:term":[{"taxonomy":"product_brand","embeddable":true,"href":"https:\/\/at2e-usa.com\/es\/wp-json\/wp\/v2\/product_brand?post=3239"},{"taxonomy":"product_cat","embeddable":true,"href":"https:\/\/at2e-usa.com\/es\/wp-json\/wp\/v2\/product_cat?post=3239"},{"taxonomy":"product_tag","embeddable":true,"href":"https:\/\/at2e-usa.com\/es\/wp-json\/wp\/v2\/product_tag?post=3239"}],"curies":[{"name":"wp","href":"https:\/\/api.w.org\/{rel}","templated":true}]}}