{"id":3240,"date":"2023-12-05T22:03:32","date_gmt":"2023-12-06T04:03:32","guid":{"rendered":"https:\/\/at2e-usa.com\/product\/pl-p-polariscopio-para-preforma\/"},"modified":"2024-10-12T07:11:53","modified_gmt":"2024-10-12T12:11:53","slug":"pl-p-polariscopio-para-preforma","status":"publish","type":"product","link":"https:\/\/at2e-usa.com\/es\/producto\/pl-p-polariscopio-para-preforma\/","title":{"rendered":"PL-P &#8211; Polariscopio Para Preforma"},"content":{"rendered":"<p>La luminiscencia es el resultado de las l\u00edneas de flujo de los pol\u00edmeros (orientaci\u00f3n molecular) producidas durante el proceso de inyecci\u00f3n.<\/p>\n<p>La coloraci\u00f3n observada al inclinar 45\u00b0 la preforma contra el \u00e1ngulo del polariscopio, muestra una franja isocrom\u00e1tica indicando la cantidad de luminiscencia.<\/p>\n<p>Cuando la preforma esta en paralelo al \u00e1ngulo del polariscopio otra coloraci\u00f3n muestra los flujos de orientaci\u00f3n molecular.<\/p>\n<p>Con la correcta interpretaci\u00f3n de estas l\u00edneas de flujo muchos de los defectos en las preformas se pueden detectar.<\/p>\n<p>Su dise\u00f1o permite el ajuste del \u00e1ngulo, para que el operario pueda ver la preforma en el \u00e1ngulo m\u00e1s conveniente, y cuenta con una amplia \u00e1rea de visualizaci\u00f3n y base de apoyo, lo que permite que muchas preformas puedan ser evaluadas al mismo tiempo.<\/p>\n<p><strong>Especificaciones t\u00e9cnicas:<\/strong><\/p>\n<p class=\" translation-block\"><strong>\u00c1rea de visualizaci\u00f3n:\u00a0<\/strong>330 mm x 150 mm (o 350 mm x 350 mm)<br \/>\n<strong>\u200bTama\u00f1o total:<\/strong>\u00a0L 400 mm x An 302 mm x Al 305 mm<br \/>\n<strong>Fuente de luz:\u00a0<\/strong>2 x 18 vatios (l\u00e1mparas fluorescentes)<br \/>\n<strong>Suministro principal:\u00a0<\/strong>220\/240 voltios<\/p>\n","protected":false},"excerpt":{"rendered":"<p><strong>Visor de tensi\u00f3n de preformas de PET para observar debilidades y puntos de tensi\u00f3n\u00a0<\/strong><\/p>\n<p>Muchos defectos sobre las preformas pueden estar detectadas con el PL-P. Las preformas expuestas dejan ver sus patrones de luminiscencia.<\/p>\n","protected":false},"featured_media":9294,"comment_status":"closed","ping_status":"closed","template":"","meta":[],"product_brand":[],"product_cat":[71,72],"product_tag":[],"class_list":{"0":"post-3240","1":"product","2":"type-product","3":"status-publish","4":"has-post-thumbnail","6":"product_cat-botellas-de-plastico-pet","7":"product_cat-preforma-pet","9":"first","10":"instock","11":"shipping-taxable","12":"product-type-simple"},"_links":{"self":[{"href":"https:\/\/at2e-usa.com\/es\/wp-json\/wp\/v2\/product\/3240","targetHints":{"allow":["GET"]}}],"collection":[{"href":"https:\/\/at2e-usa.com\/es\/wp-json\/wp\/v2\/product"}],"about":[{"href":"https:\/\/at2e-usa.com\/es\/wp-json\/wp\/v2\/types\/product"}],"replies":[{"embeddable":true,"href":"https:\/\/at2e-usa.com\/es\/wp-json\/wp\/v2\/comments?post=3240"}],"version-history":[{"count":1,"href":"https:\/\/at2e-usa.com\/es\/wp-json\/wp\/v2\/product\/3240\/revisions"}],"predecessor-version":[{"id":10054,"href":"https:\/\/at2e-usa.com\/es\/wp-json\/wp\/v2\/product\/3240\/revisions\/10054"}],"wp:featuredmedia":[{"embeddable":true,"href":"https:\/\/at2e-usa.com\/es\/wp-json\/wp\/v2\/media\/9294"}],"wp:attachment":[{"href":"https:\/\/at2e-usa.com\/es\/wp-json\/wp\/v2\/media?parent=3240"}],"wp:term":[{"taxonomy":"product_brand","embeddable":true,"href":"https:\/\/at2e-usa.com\/es\/wp-json\/wp\/v2\/product_brand?post=3240"},{"taxonomy":"product_cat","embeddable":true,"href":"https:\/\/at2e-usa.com\/es\/wp-json\/wp\/v2\/product_cat?post=3240"},{"taxonomy":"product_tag","embeddable":true,"href":"https:\/\/at2e-usa.com\/es\/wp-json\/wp\/v2\/product_tag?post=3240"}],"curies":[{"name":"wp","href":"https:\/\/api.w.org\/{rel}","templated":true}]}}