{"id":3241,"date":"2023-12-05T22:02:06","date_gmt":"2023-12-06T04:02:06","guid":{"rendered":"https:\/\/at2e-usa.com\/product\/pl-g-polariscopio-para-vidrio\/"},"modified":"2024-10-12T07:12:00","modified_gmt":"2024-10-12T12:12:00","slug":"pl-g-polariscopio-para-vidrio","status":"publish","type":"product","link":"https:\/\/at2e-usa.com\/es\/producto\/pl-g-polariscopio-para-vidrio\/","title":{"rendered":"PL-G &#8211; Polariscopio Para Vidrio"},"content":{"rendered":"<div class=\"paragraph\">\n<p>El estr\u00e9s causado durante la producci\u00f3n del vidrio tiene un importante efecto sobre la resistencia del producto. Este efecto puede ayudar o afectar el desempe\u00f1o del producto. Es claramente importante para garantizar la calidad hacer control del grado de estr\u00e9s residual presente.<\/p>\n<p class=\" translation-block\">La luz de polarizaci\u00f3n PL para vidrio de AT2E, un visor de tensi\u00f3n del vidrio, ha sido dise\u00f1ada para la inspecci\u00f3n cualitativa de componentes de vidrio, incluidos vajillas, botellas peque\u00f1as, frascos, cristaler\u00eda cient\u00edfica y ampollas.<\/p>\n<p>Su espacio de trabajo ajustable y el dise\u00f1o inclinado permite analizar un amplio rango de productos, adem\u00e1s cuenta con lente de aumento para la inspecci\u00f3n de piezas peque\u00f1as.<\/p>\n<\/div>\n<div>\n<div><\/div>\n<hr class=\"styled-hr\" \/>\n<div>\n<p><strong><u>Especificaciones<\/u><\/strong><\/p>\n<ul>\n<li>\u00c1rea de visi\u00f3n: 125 mm x 105 mm<\/li>\n<li>Dimensiones: 426 (L) x 401 (W) x 557 (H)mm<\/li>\n<li>Lamparas: 2 x 18 watt (Fluorescentes)<\/li>\n<li>Alimentaci\u00f3n: 220\/240 \u00f3 110 volts<\/li>\n<\/ul>\n<\/div>\n<\/div>\n","protected":false},"excerpt":{"rendered":"<p><strong>Visor de tensi\u00f3n de vidrio cualitativo para detectar debilidades de vidrio y \u00e1reas de tensi\u00f3n\u200b<\/strong><\/p>\n<div class=\"paragraph\">\n<ul>\n<li>\u00c1rea de trabajo ajustable 250-500 mm.<\/li>\n<li>La placa provee representaci\u00f3n a pleno color del estr\u00e9s.<\/li>\n<li>Lente de aumento removible para muestras peque\u00f1as.<\/li>\n<li>Su dise\u00f1o inclinado da confort al operador<\/li>\n<\/ul>\n<\/div>\n","protected":false},"featured_media":9371,"comment_status":"closed","ping_status":"closed","template":"","meta":[],"product_brand":[],"product_cat":[69],"product_tag":[],"class_list":{"0":"post-3241","1":"product","2":"type-product","3":"status-publish","4":"has-post-thumbnail","6":"product_cat-botella-de-vidrio","8":"first","9":"instock","10":"shipping-taxable","11":"product-type-simple"},"_links":{"self":[{"href":"https:\/\/at2e-usa.com\/es\/wp-json\/wp\/v2\/product\/3241","targetHints":{"allow":["GET"]}}],"collection":[{"href":"https:\/\/at2e-usa.com\/es\/wp-json\/wp\/v2\/product"}],"about":[{"href":"https:\/\/at2e-usa.com\/es\/wp-json\/wp\/v2\/types\/product"}],"replies":[{"embeddable":true,"href":"https:\/\/at2e-usa.com\/es\/wp-json\/wp\/v2\/comments?post=3241"}],"version-history":[{"count":1,"href":"https:\/\/at2e-usa.com\/es\/wp-json\/wp\/v2\/product\/3241\/revisions"}],"predecessor-version":[{"id":10055,"href":"https:\/\/at2e-usa.com\/es\/wp-json\/wp\/v2\/product\/3241\/revisions\/10055"}],"wp:featuredmedia":[{"embeddable":true,"href":"https:\/\/at2e-usa.com\/es\/wp-json\/wp\/v2\/media\/9371"}],"wp:attachment":[{"href":"https:\/\/at2e-usa.com\/es\/wp-json\/wp\/v2\/media?parent=3241"}],"wp:term":[{"taxonomy":"product_brand","embeddable":true,"href":"https:\/\/at2e-usa.com\/es\/wp-json\/wp\/v2\/product_brand?post=3241"},{"taxonomy":"product_cat","embeddable":true,"href":"https:\/\/at2e-usa.com\/es\/wp-json\/wp\/v2\/product_cat?post=3241"},{"taxonomy":"product_tag","embeddable":true,"href":"https:\/\/at2e-usa.com\/es\/wp-json\/wp\/v2\/product_tag?post=3241"}],"curies":[{"name":"wp","href":"https:\/\/api.w.org\/{rel}","templated":true}]}}