{"id":3245,"date":"2023-12-05T22:00:36","date_gmt":"2023-12-06T04:00:36","guid":{"rendered":"https:\/\/at2e-usa.com\/product\/pgng-galgas-pasa-no-pasa\/"},"modified":"2024-10-12T07:12:21","modified_gmt":"2024-10-12T12:12:21","slug":"pgng-galgas-pasa-no-pasa","status":"publish","type":"product","link":"https:\/\/at2e-usa.com\/es\/producto\/pgng-galgas-pasa-no-pasa\/","title":{"rendered":"PGNG &#8211; Calibre de Control Pasa No Pasa"},"content":{"rendered":"<p>Los medidores <strong>PGNG<\/strong> <strong>Calibres de Control Pasa No Pasa <\/strong>de AT2E son medidores de control de calidad dise\u00f1ados para verificar las tapas roscadas de recipientes de vidrio y pl\u00e1stico. Comprueba el roscado, di\u00e1metro exterior, espaciamiento, tolerancias y otras dimensiones solicitadas por el cliente.<\/p>\n<p>El PGNG se puede suministrar para varios est\u00e1ndares:<br \/>\n\u2022 Calibre de acabado 28 mm-PCO-1816 PET<br \/>\n\u2022 Calibre de acabado 28 mm Pet\/28-969-1716<br \/>\n\u2022 Calibre de acabado Vidrio de 38 mm\/38-1663<br \/>\n\u2022 Calibre de acabado 38 mm Pet\/38-1690<br \/>\n\u2022 Calibre de acabado Vidrio de 28 mm\/28-1650RE<br \/>\n\u2022 Calibre de acabado 28 mm-PCO-1810 PET<br \/>\n\u2022 Calibre de acabado 28BPF<\/p>\n<p>El medidor tambi\u00e9n se puede construir seg\u00fan las especificaciones seg\u00fan los dibujos de muestra del cliente.<\/p>\n","protected":false},"excerpt":{"rendered":"<p><strong>Para verificar el roscado, el di\u00e1metro y el espaciado de las botellas\u200b<\/strong><\/p>\n<p class=\" translation-block\">Los medidores de control de calidad\u00a0<strong>PGNG<\/strong>\u00a0son para comprobar las tapas roscadas de recipientes de vidrio y pl\u00e1stico. Verifique r\u00e1pidamente las roscas, el di\u00e1metro exterior, el espaciado y m\u00e1s.<\/p>\n","protected":false},"featured_media":9789,"comment_status":"closed","ping_status":"closed","template":"","meta":[],"product_brand":[],"product_cat":[69,71,66,72],"product_tag":[],"class_list":{"0":"post-3245","1":"product","2":"type-product","3":"status-publish","4":"has-post-thumbnail","6":"product_cat-botella-de-vidrio","7":"product_cat-botellas-de-plastico-pet","8":"product_cat-dimensional-es","9":"product_cat-preforma-pet","11":"first","12":"instock","13":"shipping-taxable","14":"product-type-simple"},"_links":{"self":[{"href":"https:\/\/at2e-usa.com\/es\/wp-json\/wp\/v2\/product\/3245","targetHints":{"allow":["GET"]}}],"collection":[{"href":"https:\/\/at2e-usa.com\/es\/wp-json\/wp\/v2\/product"}],"about":[{"href":"https:\/\/at2e-usa.com\/es\/wp-json\/wp\/v2\/types\/product"}],"replies":[{"embeddable":true,"href":"https:\/\/at2e-usa.com\/es\/wp-json\/wp\/v2\/comments?post=3245"}],"version-history":[{"count":1,"href":"https:\/\/at2e-usa.com\/es\/wp-json\/wp\/v2\/product\/3245\/revisions"}],"predecessor-version":[{"id":10056,"href":"https:\/\/at2e-usa.com\/es\/wp-json\/wp\/v2\/product\/3245\/revisions\/10056"}],"wp:featuredmedia":[{"embeddable":true,"href":"https:\/\/at2e-usa.com\/es\/wp-json\/wp\/v2\/media\/9789"}],"wp:attachment":[{"href":"https:\/\/at2e-usa.com\/es\/wp-json\/wp\/v2\/media?parent=3245"}],"wp:term":[{"taxonomy":"product_brand","embeddable":true,"href":"https:\/\/at2e-usa.com\/es\/wp-json\/wp\/v2\/product_brand?post=3245"},{"taxonomy":"product_cat","embeddable":true,"href":"https:\/\/at2e-usa.com\/es\/wp-json\/wp\/v2\/product_cat?post=3245"},{"taxonomy":"product_tag","embeddable":true,"href":"https:\/\/at2e-usa.com\/es\/wp-json\/wp\/v2\/product_tag?post=3245"}],"curies":[{"name":"wp","href":"https:\/\/api.w.org\/{rel}","templated":true}]}}