{"id":3246,"date":"2023-12-05T21:59:03","date_gmt":"2023-12-06T03:59:03","guid":{"rendered":"https:\/\/at2e-usa.com\/product\/pa-afrometro-permanente\/"},"modified":"2024-10-12T07:12:28","modified_gmt":"2024-10-12T12:12:28","slug":"pa-afrometro-permanente","status":"publish","type":"product","link":"https:\/\/at2e-usa.com\/es\/producto\/pa-afrometro-permanente\/","title":{"rendered":"PA Afr\u00f3metro permanente"},"content":{"rendered":"<p>Retire una botella sin tap\u00f3n de la m\u00e1quina llenadora y coloque el afr\u00f3metro en el cuello de la botella.<br \/>\nEl afr\u00f3metro permanente permanece en el cuello de la botella durante toda la segunda fermentaci\u00f3n.<br \/>\nUna junta garantiza la estanqueidad entre el afr\u00f3metro y el cuello de botella.\u200b<br \/>\n<u><strong>Este afr\u00f3metro se puede adaptar a los siguientes cuellos de botella:<\/strong><\/u><br \/>\n&#8211; Jeroboam.<br \/>\n&#8211; Botellas especiales.<br \/>\nMan\u00f3metro de acero inoxidable: (0\/10) Bar.<br \/>\n<strong>NB: No golpees, no dejes caer.<\/strong><\/p>\n","protected":false},"excerpt":{"rendered":"<p>Los afr\u00f3metros monitorean la evoluci\u00f3n de la presi\u00f3n durante la segunda fermentaci\u00f3n.<\/p>\n<p><strong><u>Ventajas:<\/u><\/strong><br \/>\n\u2013 Comprueba la evoluci\u00f3n de la presi\u00f3n.<br \/>\n\u2013 Man\u00f3metro de acero inoxidable.<br \/>\n\u2013 Afr\u00f3metro personalizable.<br \/>\n\u2013 Calidad hecha.<\/p>\n","protected":false},"featured_media":9322,"comment_status":"closed","ping_status":"closed","template":"","meta":[],"product_brand":[],"product_cat":[60,69,64],"product_tag":[],"class_list":{"0":"post-3246","1":"product","2":"type-product","3":"status-publish","4":"has-post-thumbnail","6":"product_cat-afrometro","7":"product_cat-botella-de-vidrio","8":"product_cat-probadores-de-co2-presion-vacio","10":"first","11":"instock","12":"shipping-taxable","13":"product-type-simple"},"_links":{"self":[{"href":"https:\/\/at2e-usa.com\/es\/wp-json\/wp\/v2\/product\/3246","targetHints":{"allow":["GET"]}}],"collection":[{"href":"https:\/\/at2e-usa.com\/es\/wp-json\/wp\/v2\/product"}],"about":[{"href":"https:\/\/at2e-usa.com\/es\/wp-json\/wp\/v2\/types\/product"}],"replies":[{"embeddable":true,"href":"https:\/\/at2e-usa.com\/es\/wp-json\/wp\/v2\/comments?post=3246"}],"version-history":[{"count":1,"href":"https:\/\/at2e-usa.com\/es\/wp-json\/wp\/v2\/product\/3246\/revisions"}],"predecessor-version":[{"id":10057,"href":"https:\/\/at2e-usa.com\/es\/wp-json\/wp\/v2\/product\/3246\/revisions\/10057"}],"wp:featuredmedia":[{"embeddable":true,"href":"https:\/\/at2e-usa.com\/es\/wp-json\/wp\/v2\/media\/9322"}],"wp:attachment":[{"href":"https:\/\/at2e-usa.com\/es\/wp-json\/wp\/v2\/media?parent=3246"}],"wp:term":[{"taxonomy":"product_brand","embeddable":true,"href":"https:\/\/at2e-usa.com\/es\/wp-json\/wp\/v2\/product_brand?post=3246"},{"taxonomy":"product_cat","embeddable":true,"href":"https:\/\/at2e-usa.com\/es\/wp-json\/wp\/v2\/product_cat?post=3246"},{"taxonomy":"product_tag","embeddable":true,"href":"https:\/\/at2e-usa.com\/es\/wp-json\/wp\/v2\/product_tag?post=3246"}],"curies":[{"name":"wp","href":"https:\/\/api.w.org\/{rel}","templated":true}]}}