{"id":3248,"date":"2023-12-05T21:57:46","date_gmt":"2023-12-06T03:57:46","guid":{"rendered":"https:\/\/at2e-usa.com\/product\/pbdt-1-pet-probador-de-caida\/"},"modified":"2024-10-12T07:13:09","modified_gmt":"2024-10-12T12:13:09","slug":"pbdt-1-pet-probador-de-caida","status":"publish","type":"product","link":"https:\/\/at2e-usa.com\/es\/producto\/pbdt-1-pet-probador-de-caida\/","title":{"rendered":"PBDT-1 &#8211; PET Probador de caida"},"content":{"rendered":"<div class=\"paragraph\">\n<p>Las paredes son movibles y ajustables lo que permite adaptarse a cualquier tipo de botella de 150 ml a 4 L.<\/p>\n<p class=\" translation-block\"><strong>PBDT-1\u00a0<\/strong>allows testing in vertical or horizontal position.<br \/>\n\u200b<br \/>\nSafe conception and stainless steel structure ensure durability and easy cleaning.<br \/>\nDraining output is installed under the bottom plate.<br \/>\nA front door gives an easy access to see the test and retrieve the bottles after impact.<\/p>\n<\/div>\n<div class=\"paragraph\">\n<p><strong>Ventajas:<\/strong><\/p>\n<ul>\n<li>Vertical or Horizontal drop test<\/li>\n<li>Test 100% repeatable with our height adjustment ruller<\/li>\n<li>Sticks to ISBT requirements<\/li>\n<li>Visible test and fall<\/li>\n<li>stainless steel design safe and easy to clean<\/li>\n<\/ul>\n<\/div>\n<div class=\"paragraph\">\n<p><strong>Especificaciones t\u00e9cnicas:<\/strong><\/p>\n<ul>\n<li>Bottle range : round or square from 150ml to 4L<\/li>\n<li>Bottle range : 160\u00d7160 mm max or diameter<\/li>\n<li>Max Drop Height: 2000 mm<\/li>\n<li>Min Drop Height: 500 mm<\/li>\n<li>Dimensions: 74cm x 60cm x 203cm (W x L x H)<\/li>\n<li>Max diameter: 160mm<\/li>\n<li>Max height: 400mm<\/li>\n<\/ul>\n<\/div>\n","protected":false},"excerpt":{"rendered":"<p class=\" translation-block\">El probador de ca\u00edda de botellas controla la repetibilidad de la prueba de ca\u00edda. Cumple con los requisitos de ISBT. Sirve para botellas de hasta 160 mm de di\u00e1metro, las cuales se pueden dejar caer desde una altura de 500 a 2000 mm.<\/p>\n<p class=\" translation-block\">Nuestro\u00a0<strong>PBDT-1<\/strong>\u00a0tambi\u00e9n incluye un ajuste de \u00e1ngulo para pruebas especiales.<\/p>\n","protected":false},"featured_media":9175,"comment_status":"closed","ping_status":"closed","template":"","meta":[],"product_brand":[],"product_cat":[71,68],"product_tag":[],"class_list":{"0":"post-3248","1":"product","2":"type-product","3":"status-publish","4":"has-post-thumbnail","6":"product_cat-botellas-de-plastico-pet","7":"product_cat-fuerza-compresion","9":"first","10":"instock","11":"shipping-taxable","12":"product-type-simple"},"_links":{"self":[{"href":"https:\/\/at2e-usa.com\/es\/wp-json\/wp\/v2\/product\/3248","targetHints":{"allow":["GET"]}}],"collection":[{"href":"https:\/\/at2e-usa.com\/es\/wp-json\/wp\/v2\/product"}],"about":[{"href":"https:\/\/at2e-usa.com\/es\/wp-json\/wp\/v2\/types\/product"}],"replies":[{"embeddable":true,"href":"https:\/\/at2e-usa.com\/es\/wp-json\/wp\/v2\/comments?post=3248"}],"version-history":[{"count":1,"href":"https:\/\/at2e-usa.com\/es\/wp-json\/wp\/v2\/product\/3248\/revisions"}],"predecessor-version":[{"id":10058,"href":"https:\/\/at2e-usa.com\/es\/wp-json\/wp\/v2\/product\/3248\/revisions\/10058"}],"wp:featuredmedia":[{"embeddable":true,"href":"https:\/\/at2e-usa.com\/es\/wp-json\/wp\/v2\/media\/9175"}],"wp:attachment":[{"href":"https:\/\/at2e-usa.com\/es\/wp-json\/wp\/v2\/media?parent=3248"}],"wp:term":[{"taxonomy":"product_brand","embeddable":true,"href":"https:\/\/at2e-usa.com\/es\/wp-json\/wp\/v2\/product_brand?post=3248"},{"taxonomy":"product_cat","embeddable":true,"href":"https:\/\/at2e-usa.com\/es\/wp-json\/wp\/v2\/product_cat?post=3248"},{"taxonomy":"product_tag","embeddable":true,"href":"https:\/\/at2e-usa.com\/es\/wp-json\/wp\/v2\/product_tag?post=3248"}],"curies":[{"name":"wp","href":"https:\/\/api.w.org\/{rel}","templated":true}]}}