{"id":3249,"date":"2023-12-05T21:56:37","date_gmt":"2023-12-06T03:56:37","guid":{"rendered":"https:\/\/at2e-usa.com\/product\/pbbt-eco-probador-de-explosion-pet\/"},"modified":"2024-10-12T07:13:32","modified_gmt":"2024-10-12T12:13:32","slug":"pbbt-eco-probador-de-explosion-pet","status":"publish","type":"product","link":"https:\/\/at2e-usa.com\/es\/producto\/pbbt-eco-probador-de-explosion-pet\/","title":{"rendered":"PBBT-ECO &#8211; Probador de explosi\u00f3n PET"},"content":{"rendered":"<p class=\" translation-block\">El uso y mantenimiento de\u00a0<strong>PBBT-ECO<\/strong>\u00a0son f\u00e1ciles y sencillos. No requiere electricidad, lo que lo hace m\u00e1s compatible y adaptable a diferentes entornos de trabajo. Es adecuado tanto para fabricantes como para usuarios de envases de pl\u00e1stico.<\/p>\n<p class=\" translation-block\">Se podr\u00eda elegir un refuerzo adicional. Puede ayudar a que el\u00a0<strong>PBBT-ECO<\/strong>\u00a0libre de fuente de alta presi\u00f3n.<\/p>\n<p>\u00a0<strong><u>Caracter\u00edsticas:<\/u><\/strong><\/p>\n<ul>\n<li>Sin electricidad y f\u00e1cil mantenimiento<\/li>\n<li>Aplicable a una botella de 3.3 L (cons\u00faltenos para mayor tama\u00f1o)<\/li>\n<li>Adaptable para diferentes acabados con sujeci\u00f3n compatible<\/li>\n<li>sistema (opcional).<\/li>\n<li>El dise\u00f1o de acero inoxidable garantiza la durabilidad del probador<\/li>\n<li>Presi\u00f3n de rampa ajustable por regulador<\/li>\n<li>Dise\u00f1o de seguridad<\/li>\n<\/ul>\n<p><strong><u>Especificaciones te\u0301cnicas:<\/u><\/strong><\/p>\n<ul>\n<li>Rango de medici\u00f3n: 0 &#8211; 20 bar (0 &#8211; 300 psi),<\/li>\n<li>Resoluci\u00f3n: 0.5 bar \/ 5 psi<\/li>\n<li>Rango de muestra: hasta 3.3 L botella<\/li>\n<li>Presi\u00f3n requerida:<\/li>\n<li>Agua&gt; 1.5 bar<br \/>\nLa presi\u00f3n de entrada 0-22 de entrada debe<br \/>\nsuperior a la presi\u00f3n de prueba en 2 bar o m\u00e1s<\/li>\n<li>Rango de temperatura: 4 a 50 \u00b0 C (40 a 122 \u00b0 F)<\/li>\n<li>Dimensiones: 510 (L) \u00d7 720 (W) \u00d7 990 (H) mm<\/li>\n<li>Peso neto: 85 kg<\/li>\n<\/ul>\n<p><strong><u>Accesorios opcionales:<\/u><\/strong><\/p>\n<ul>\n<li>Refuerzo adicional<\/li>\n<li>Sistema de sujeci\u00f3n compatible<\/li>\n<li>Man\u00f3metro de precisi\u00f3n para calibraci\u00f3n de presi\u00f3n.<\/li>\n<\/ul>\n","protected":false},"excerpt":{"rendered":"<p><strong>Instrumento para controlar la resistencia a la expansi\u00f3n y explosi\u00f3n de pet<\/strong><\/p>\n<p class=\" translation-block\"><strong>PBBT-ECO<\/strong>\u00a0El probador de rotura de botellas de PET es un equipo de prueba especializado para probar la resistencia a la presi\u00f3n interna de botellas de PET. Proporciona una funci\u00f3n de prueba de presurizaci\u00f3n r\u00e1pida y alta presi\u00f3n para las botellas de PET. El\u00a0<strong>PBBT-ECO<\/strong>\u00a0es capaz de probar la capacidad de resiliencia bajo cierta presi\u00f3n o la prueba de rotura de la botella de PET.<\/p>\n","protected":false},"featured_media":9118,"comment_status":"closed","ping_status":"closed","template":"","meta":[],"product_brand":[],"product_cat":[71,62],"product_tag":[],"class_list":{"0":"post-3249","1":"product","2":"type-product","3":"status-publish","4":"has-post-thumbnail","6":"product_cat-botellas-de-plastico-pet","7":"product_cat-prueba-de-explosion","9":"first","10":"instock","11":"shipping-taxable","12":"product-type-simple"},"_links":{"self":[{"href":"https:\/\/at2e-usa.com\/es\/wp-json\/wp\/v2\/product\/3249","targetHints":{"allow":["GET"]}}],"collection":[{"href":"https:\/\/at2e-usa.com\/es\/wp-json\/wp\/v2\/product"}],"about":[{"href":"https:\/\/at2e-usa.com\/es\/wp-json\/wp\/v2\/types\/product"}],"replies":[{"embeddable":true,"href":"https:\/\/at2e-usa.com\/es\/wp-json\/wp\/v2\/comments?post=3249"}],"version-history":[{"count":1,"href":"https:\/\/at2e-usa.com\/es\/wp-json\/wp\/v2\/product\/3249\/revisions"}],"predecessor-version":[{"id":10059,"href":"https:\/\/at2e-usa.com\/es\/wp-json\/wp\/v2\/product\/3249\/revisions\/10059"}],"wp:featuredmedia":[{"embeddable":true,"href":"https:\/\/at2e-usa.com\/es\/wp-json\/wp\/v2\/media\/9118"}],"wp:attachment":[{"href":"https:\/\/at2e-usa.com\/es\/wp-json\/wp\/v2\/media?parent=3249"}],"wp:term":[{"taxonomy":"product_brand","embeddable":true,"href":"https:\/\/at2e-usa.com\/es\/wp-json\/wp\/v2\/product_brand?post=3249"},{"taxonomy":"product_cat","embeddable":true,"href":"https:\/\/at2e-usa.com\/es\/wp-json\/wp\/v2\/product_cat?post=3249"},{"taxonomy":"product_tag","embeddable":true,"href":"https:\/\/at2e-usa.com\/es\/wp-json\/wp\/v2\/product_tag?post=3249"}],"curies":[{"name":"wp","href":"https:\/\/api.w.org\/{rel}","templated":true}]}}