{"id":3250,"date":"2023-12-05T21:55:21","date_gmt":"2023-12-06T03:55:21","guid":{"rendered":"https:\/\/at2e-usa.com\/product\/pbbt-2-probador-de-explosion-pet\/"},"modified":"2024-10-12T07:13:43","modified_gmt":"2024-10-12T12:13:43","slug":"pbbt-2-probador-de-explosion-pet","status":"publish","type":"product","link":"https:\/\/at2e-usa.com\/es\/producto\/pbbt-2-probador-de-explosion-pet\/","title":{"rendered":"PBBT-2 &#8211; Probador de explosi\u00f3n PET"},"content":{"rendered":"<p class=\" translation-block\">Despu\u00e9s de seleccionar el programa de prueba, el ciclo comenzar\u00e1 autom\u00e1ticamente dependiendo de la configuraci\u00f3n. La pantalla t\u00e1ctil muestra el valor de presi\u00f3n en tiempo real y registra la presi\u00f3n m\u00e1xima y la presi\u00f3n de rotura.<br \/>\nEl sistema de reciclaje de agua parcial opcional podr\u00eda proporcionar una forma de ahorrar agua y evitar la presi\u00f3n inestable del agua del grifo que puede influir en una prueba normal.<br \/>\nSe podr\u00eda elegir un refuerzo adicional. Puede ayudar a que el\u00a0<strong>PBBT-2<\/strong>\u00a0libre de fuente de alta presi\u00f3n.\u200b<\/p>\n<p><strong><u>Caracter\u00edsticas:<\/u><\/strong><\/p>\n<ul>\n<li>Equipo est\u00e1ndar para la industria del PET.<\/li>\n<li>Posibilidad de hacer 3 m\u00e9todos internacionales<\/li>\n<li>Pantalla t\u00e1ctil y PLC integrado.<\/li>\n<li>Sistema autom\u00e1tico de sujeci\u00f3n y llenado<\/li>\n<li>Memoria para 10 operadores y 30 productos<\/li>\n<li>Definici\u00f3n de n\u00famero de lote y secuencia<\/li>\n<li class=\" translation-block\">Grafica curva de presi\u00f3n y volumen de expansi\u00f3n durante la prueba<\/li>\n<li>Controla y registra la temperatura del agua durante la prueba<\/li>\n<li>Capacidad para botellas de 2.5 L (consulte AT2E para mayor capacidad)<\/li>\n<li>Dise\u00f1o en acero inoxidable asegura la duraci\u00f3n del equipo.<\/li>\n<li>Salida RS232C para conectar a impresora o computador.<\/li>\n<li>Funci\u00f3n de calibraci\u00f3n integrada.<\/li>\n<\/ul>\n<p><u><strong>Modos posibles:<\/strong><\/u><\/p>\n<p class=\" translation-block\"><strong>Modo de rampa de llenado:<\/strong><br \/>\nEl modo rampa de llenado est\u00e1 dise\u00f1ado para simular la situaci\u00f3n de l\u00edneas de llenado de botellas de PET. En este modo, las botellas de PET se presurizan r\u00e1pidamente hasta la presi\u00f3n inicialmente preestablecida y se mantienen durante un tiempo determinado (por ejemplo, 13 segundos). Luego contin\u00fae aumentando la presi\u00f3n con una velocidad de 0,1 bar\/s hasta que estalle la botella o alcance la presi\u00f3n o volumen m\u00e1ximo. El par\u00e1metro preestablecido incluye: presi\u00f3n de detecci\u00f3n inicial, presi\u00f3n m\u00e1xima y l\u00edmite de expansi\u00f3n del volumen.<\/p>\n<p class=\" translation-block\"><strong>Modo r\u00e1faga:<\/strong><br \/>\nEn este modo, la botella de PET se presurizar\u00e1 r\u00e1pidamente hasta la presi\u00f3n preestablecida inicialmente y se mantendr\u00e1 durante un per\u00edodo predefinido.<\/p>\n<p class=\" translation-block\"><strong>Modo personalizado:<\/strong><br \/>\nEn este modo, el usuario puede crear la curva de presi\u00f3n para cumplir con las condiciones particulares de control. Los usuarios pueden definir la curva de presi\u00f3n por pasos; una vez realizado el ajuste, la curva correspondiente se mostrar\u00e1 en la interfaz de usuario.<\/p>\n<p><strong><u>Especificaciones te\u0301cnicas:<\/u><\/strong><\/p>\n<ul>\n<li>Rango de medida: 0 &#8211; 20 bar<\/li>\n<li>Resoluci\u00f3n: 0,1 bar<\/li>\n<li>Capacidad de muestra: Hasta 2.5 L<\/li>\n<li>Ampliaci\u00f3n m\u00e1xima: Hasta 2 L<\/li>\n<li>Fuente de alimentaci\u00f3n: 115\/230V, 50 &#8211; 60 Hz<\/li>\n<li>Presi\u00f3n requerida: agua 3bar \/ aire 20bar<\/li>\n<li>Temperatura: 0 a 50 \u00b0 C<\/li>\n<li>Salida: serie RS232<\/li>\n<li>Dimensiones: 755x650x950 mm (L x W x H)<\/li>\n<li>Peso neto: 70 kg<\/li>\n<\/ul>\n<p><strong><u>Accesorios opcionales:<\/u><\/strong><\/p>\n<ul>\n<li>Sistema de reciclaje de agua.<\/li>\n<li>Refuerzo adicional<\/li>\n<li>Sistema de sujeci\u00f3n compatible<\/li>\n<li>Mini impresora<\/li>\n<li>Set de calibraci\u00f3n (Man\u00f3metro de alta precisi\u00f3n para calibraci\u00f3n de presi\u00f3n \/ calibrador graduado \/ espaciador).<\/li>\n<li>\u201cQualiBurst\u201d Software<\/li>\n<li>Versi\u00f3n PABT con sistema de aspersi\u00f3n de agua caliente.<\/li>\n<\/ul>\n","protected":false},"excerpt":{"rendered":"<p>Instrumento para controlar la resistencia a la expansi\u00f3n y explosi\u00f3n de pet<\/p>\n<p>Para botellas de PET \u2013 Simulaci\u00f3n del proceso de llenado.<\/p>\n<p class=\" translation-block\"><strong>PBBT-2<\/strong>\u00a0El probador de rotura de botellas de PET es un equipo de prueba especializado para probar botellas de PET. Est\u00e1 dise\u00f1ado de acuerdo con los tres m\u00e9todos de prueba internacionales que se utilizan com\u00fanmente. Los usuarios pueden elegir el m\u00e9todo de prueba seg\u00fan sus requisitos. El\u00a0<strong>PBBT-2<\/strong>\u00a0es capaz de probar la capacidad de resiliencia bajo cierta presi\u00f3n o la prueba de rotura de la botella de PET.<br \/>\nMediante la reproducci\u00f3n de la presurizaci\u00f3n, el proceso se ha linealizado y aumenta hasta el punto predeterminado o el punto de estallido.<\/p>\n","protected":false},"featured_media":9120,"comment_status":"closed","ping_status":"closed","template":"","meta":[],"product_brand":[],"product_cat":[71,62],"product_tag":[],"class_list":{"0":"post-3250","1":"product","2":"type-product","3":"status-publish","4":"has-post-thumbnail","6":"product_cat-botellas-de-plastico-pet","7":"product_cat-prueba-de-explosion","9":"first","10":"instock","11":"shipping-taxable","12":"product-type-simple"},"_links":{"self":[{"href":"https:\/\/at2e-usa.com\/es\/wp-json\/wp\/v2\/product\/3250","targetHints":{"allow":["GET"]}}],"collection":[{"href":"https:\/\/at2e-usa.com\/es\/wp-json\/wp\/v2\/product"}],"about":[{"href":"https:\/\/at2e-usa.com\/es\/wp-json\/wp\/v2\/types\/product"}],"replies":[{"embeddable":true,"href":"https:\/\/at2e-usa.com\/es\/wp-json\/wp\/v2\/comments?post=3250"}],"version-history":[{"count":1,"href":"https:\/\/at2e-usa.com\/es\/wp-json\/wp\/v2\/product\/3250\/revisions"}],"predecessor-version":[{"id":10060,"href":"https:\/\/at2e-usa.com\/es\/wp-json\/wp\/v2\/product\/3250\/revisions\/10060"}],"wp:featuredmedia":[{"embeddable":true,"href":"https:\/\/at2e-usa.com\/es\/wp-json\/wp\/v2\/media\/9120"}],"wp:attachment":[{"href":"https:\/\/at2e-usa.com\/es\/wp-json\/wp\/v2\/media?parent=3250"}],"wp:term":[{"taxonomy":"product_brand","embeddable":true,"href":"https:\/\/at2e-usa.com\/es\/wp-json\/wp\/v2\/product_brand?post=3250"},{"taxonomy":"product_cat","embeddable":true,"href":"https:\/\/at2e-usa.com\/es\/wp-json\/wp\/v2\/product_cat?post=3250"},{"taxonomy":"product_tag","embeddable":true,"href":"https:\/\/at2e-usa.com\/es\/wp-json\/wp\/v2\/product_tag?post=3250"}],"curies":[{"name":"wp","href":"https:\/\/api.w.org\/{rel}","templated":true}]}}