{"id":3251,"date":"2023-12-05T21:29:38","date_gmt":"2023-12-06T03:29:38","guid":{"rendered":"https:\/\/at2e-usa.com\/product\/patt-1-probador-de-apertura-latas-abrefacil\/"},"modified":"2024-10-12T07:14:10","modified_gmt":"2024-10-12T12:14:10","slug":"patt-1-probador-de-apertura-latas-abrefacil","status":"publish","type":"product","link":"https:\/\/at2e-usa.com\/es\/producto\/patt-1-probador-de-apertura-latas-abrefacil\/","title":{"rendered":"PATT-1 Probador de Apertura Latas Abref\u00e1cil"},"content":{"rendered":"<div class=\"paragraph\">\n<p><strong>PATT-1\u00a0<\/strong>ha adoptado una pantalla t\u00e1ctil de alta definici\u00f3n, con un dise\u00f1o de programa f\u00e1cil de usar, es muy f\u00e1cil y conveniente de usar. Los operadores solo necesitan instalar el extremo, engancharlo en la leng\u00fceta y luego presionar el bot\u00f3n de inicio para completar una prueba. El sistema PATT-1 detectar\u00e1 autom\u00e1ticamente la fuerza de estallido y desgarre durante el proceso de prueba y revisar\u00e1 la curva de prueba en la ventana gr\u00e1fica.<\/p>\n<p>Con el software profesional de AT2E, es posible transferir los datos de prueba al software para un an\u00e1lisis y gesti\u00f3n adicionales.<\/p>\n<\/div>\n<div class=\"paragraph\">\n<p><strong><u>Especificaciones t\u00e9cnicas:<\/u><\/strong><\/p>\n<ul>\n<li>Tipo de muestra aplicable: RPT \/ SOT \/ EO \/ OVAL \/ FSE \/ APOE.<\/li>\n<li>Rango de prueba: 0-100N<\/li>\n<li>Resoluci\u00f3n: 0.1N<\/li>\n<li>Unidades: N \/ kgf \/ lbf<\/li>\n<li>Suministro el\u00e9ctrico: 230V\/50Hz<\/li>\n<li>Salida de datos: RS232<\/li>\n<li>Dimensiones: 15.8&#8243; x 19.3&#8243; x 35.8&#8243; \/ 400 x 490 x 910 mm<\/li>\n<li>Peso: 120 lbs \/ 55kg<\/li>\n<\/ul>\n<\/div>\n","protected":false},"excerpt":{"rendered":"<p><strong>Tapadora Automatizada de tapas pull-off<\/strong><\/p>\n<p class=\" translation-block\">El\u00a0<strong>PATT-1 Probador de roturas y roturas\u00a0<\/strong>\u00a0de AT2E proporciona una soluci\u00f3n completa para una f\u00e1cil inspecci\u00f3n de extremos abiertos. Es capaz de medir la fuerza de estallido y desgarro de diferentes tipos de extremo de apertura f\u00e1cil con diferentes modos de prueba. Ha sido ampliamente utilizado en la industria de latas, alimentos y bebidas.<\/p>\n","protected":false},"featured_media":9154,"comment_status":"closed","ping_status":"closed","template":"","meta":[],"product_brand":[],"product_cat":[63,68,65],"product_tag":[],"class_list":{"0":"post-3251","1":"product","2":"type-product","3":"status-publish","4":"has-post-thumbnail","6":"product_cat-costura-de-latas","7":"product_cat-fuerza-compresion","8":"product_cat-gorra-de-corona","10":"first","11":"instock","12":"shipping-taxable","13":"product-type-simple"},"_links":{"self":[{"href":"https:\/\/at2e-usa.com\/es\/wp-json\/wp\/v2\/product\/3251","targetHints":{"allow":["GET"]}}],"collection":[{"href":"https:\/\/at2e-usa.com\/es\/wp-json\/wp\/v2\/product"}],"about":[{"href":"https:\/\/at2e-usa.com\/es\/wp-json\/wp\/v2\/types\/product"}],"replies":[{"embeddable":true,"href":"https:\/\/at2e-usa.com\/es\/wp-json\/wp\/v2\/comments?post=3251"}],"version-history":[{"count":1,"href":"https:\/\/at2e-usa.com\/es\/wp-json\/wp\/v2\/product\/3251\/revisions"}],"predecessor-version":[{"id":10061,"href":"https:\/\/at2e-usa.com\/es\/wp-json\/wp\/v2\/product\/3251\/revisions\/10061"}],"wp:featuredmedia":[{"embeddable":true,"href":"https:\/\/at2e-usa.com\/es\/wp-json\/wp\/v2\/media\/9154"}],"wp:attachment":[{"href":"https:\/\/at2e-usa.com\/es\/wp-json\/wp\/v2\/media?parent=3251"}],"wp:term":[{"taxonomy":"product_brand","embeddable":true,"href":"https:\/\/at2e-usa.com\/es\/wp-json\/wp\/v2\/product_brand?post=3251"},{"taxonomy":"product_cat","embeddable":true,"href":"https:\/\/at2e-usa.com\/es\/wp-json\/wp\/v2\/product_cat?post=3251"},{"taxonomy":"product_tag","embeddable":true,"href":"https:\/\/at2e-usa.com\/es\/wp-json\/wp\/v2\/product_tag?post=3251"}],"curies":[{"name":"wp","href":"https:\/\/api.w.org\/{rel}","templated":true}]}}