{"id":3252,"date":"2023-12-05T21:26:09","date_gmt":"2023-12-06T03:26:09","guid":{"rendered":"https:\/\/at2e-usa.com\/product\/odg-1-galga-de-diametro-externo\/"},"modified":"2024-10-12T07:14:19","modified_gmt":"2024-10-12T12:14:19","slug":"odg-1-galga-de-diametro-externo","status":"publish","type":"product","link":"https:\/\/at2e-usa.com\/es\/producto\/odg-1-galga-de-diametro-externo\/","title":{"rendered":"ODG-1 &#8211; Galga de di\u00e1metro externo"},"content":{"rendered":"<p>El objetivo de esta unidad es probar si el di\u00e1metro exterior de la muestra est\u00e1 dentro del est\u00e1ndar o no.<\/p>\n<p>Las muestras deben pasar por el orificio m\u00e1s grande, pero no por el orificio m\u00e1s peque\u00f1o.<\/p>\n<p>Se fabrica a medida con diferentes di\u00e1metros en cualquier n\u00famero de agujeros. Los clientes deben especificar el rango de di\u00e1metro deseado.<\/p>\n","protected":false},"excerpt":{"rendered":"<p><strong>Para verificar r\u00e1pidamente si la botella est\u00e1 dentro de los est\u00e1ndares de di\u00e1metro<\/strong><\/p>\n","protected":false},"featured_media":4223,"comment_status":"closed","ping_status":"closed","template":"","meta":[],"product_brand":[],"product_cat":[65],"product_tag":[],"class_list":{"0":"post-3252","1":"product","2":"type-product","3":"status-publish","4":"has-post-thumbnail","6":"product_cat-gorra-de-corona","8":"first","9":"instock","10":"shipping-taxable","11":"product-type-simple"},"_links":{"self":[{"href":"https:\/\/at2e-usa.com\/es\/wp-json\/wp\/v2\/product\/3252","targetHints":{"allow":["GET"]}}],"collection":[{"href":"https:\/\/at2e-usa.com\/es\/wp-json\/wp\/v2\/product"}],"about":[{"href":"https:\/\/at2e-usa.com\/es\/wp-json\/wp\/v2\/types\/product"}],"replies":[{"embeddable":true,"href":"https:\/\/at2e-usa.com\/es\/wp-json\/wp\/v2\/comments?post=3252"}],"version-history":[{"count":1,"href":"https:\/\/at2e-usa.com\/es\/wp-json\/wp\/v2\/product\/3252\/revisions"}],"predecessor-version":[{"id":10062,"href":"https:\/\/at2e-usa.com\/es\/wp-json\/wp\/v2\/product\/3252\/revisions\/10062"}],"wp:featuredmedia":[{"embeddable":true,"href":"https:\/\/at2e-usa.com\/es\/wp-json\/wp\/v2\/media\/4223"}],"wp:attachment":[{"href":"https:\/\/at2e-usa.com\/es\/wp-json\/wp\/v2\/media?parent=3252"}],"wp:term":[{"taxonomy":"product_brand","embeddable":true,"href":"https:\/\/at2e-usa.com\/es\/wp-json\/wp\/v2\/product_brand?post=3252"},{"taxonomy":"product_cat","embeddable":true,"href":"https:\/\/at2e-usa.com\/es\/wp-json\/wp\/v2\/product_cat?post=3252"},{"taxonomy":"product_tag","embeddable":true,"href":"https:\/\/at2e-usa.com\/es\/wp-json\/wp\/v2\/product_tag?post=3252"}],"curies":[{"name":"wp","href":"https:\/\/api.w.org\/{rel}","templated":true}]}}