{"id":3253,"date":"2023-12-05T21:25:14","date_gmt":"2023-12-06T03:25:14","guid":{"rendered":"https:\/\/at2e-usa.com\/product\/lss-visores-pequeno\/"},"modified":"2024-10-12T07:16:11","modified_gmt":"2024-10-12T12:16:11","slug":"lss-visores-pequeno","status":"publish","type":"product","link":"https:\/\/at2e-usa.com\/es\/producto\/lss-visores-pequeno\/","title":{"rendered":"LSS &#8211; Visores (Peque\u00f1o)"},"content":{"rendered":"<p><strong><u>Caracter\u00edsticas:<\/u><\/strong><\/p>\n<ul>\n<li>Estructura en acero inoxidable con cristal blanco y luz led.<\/li>\n<li>Bot\u00f3n de encendido y apagado<\/li>\n<li>Intensidad de luz ajustable (opcional)<\/li>\n<li>Luz superior (opcional)<\/li>\n<\/ul>\n<p><strong><u>Especificaciones te\u0301cnicas:<\/u><\/strong><\/p>\n<ul>\n<li>Alimentaci\u00f3n: 230V\/50 Hz (otros por pedido)<\/li>\n<li>Dimensiones a medida<\/li>\n<\/ul>\n","protected":false},"excerpt":{"rendered":"<p><strong>Ideal para visualizaci\u00f3n r\u00e1pida de botellas de vidrio durante la producci\u00f3n<\/strong><\/p>\n","protected":false},"featured_media":4151,"comment_status":"closed","ping_status":"closed","template":"","meta":[],"product_brand":[],"product_cat":[69],"product_tag":[],"class_list":{"0":"post-3253","1":"product","2":"type-product","3":"status-publish","4":"has-post-thumbnail","6":"product_cat-botella-de-vidrio","8":"first","9":"instock","10":"shipping-taxable","11":"product-type-simple"},"_links":{"self":[{"href":"https:\/\/at2e-usa.com\/es\/wp-json\/wp\/v2\/product\/3253","targetHints":{"allow":["GET"]}}],"collection":[{"href":"https:\/\/at2e-usa.com\/es\/wp-json\/wp\/v2\/product"}],"about":[{"href":"https:\/\/at2e-usa.com\/es\/wp-json\/wp\/v2\/types\/product"}],"replies":[{"embeddable":true,"href":"https:\/\/at2e-usa.com\/es\/wp-json\/wp\/v2\/comments?post=3253"}],"version-history":[{"count":1,"href":"https:\/\/at2e-usa.com\/es\/wp-json\/wp\/v2\/product\/3253\/revisions"}],"predecessor-version":[{"id":10063,"href":"https:\/\/at2e-usa.com\/es\/wp-json\/wp\/v2\/product\/3253\/revisions\/10063"}],"wp:featuredmedia":[{"embeddable":true,"href":"https:\/\/at2e-usa.com\/es\/wp-json\/wp\/v2\/media\/4151"}],"wp:attachment":[{"href":"https:\/\/at2e-usa.com\/es\/wp-json\/wp\/v2\/media?parent=3253"}],"wp:term":[{"taxonomy":"product_brand","embeddable":true,"href":"https:\/\/at2e-usa.com\/es\/wp-json\/wp\/v2\/product_brand?post=3253"},{"taxonomy":"product_cat","embeddable":true,"href":"https:\/\/at2e-usa.com\/es\/wp-json\/wp\/v2\/product_cat?post=3253"},{"taxonomy":"product_tag","embeddable":true,"href":"https:\/\/at2e-usa.com\/es\/wp-json\/wp\/v2\/product_tag?post=3253"}],"curies":[{"name":"wp","href":"https:\/\/api.w.org\/{rel}","templated":true}]}}