{"id":3254,"date":"2023-12-05T21:24:23","date_gmt":"2023-12-06T03:24:23","guid":{"rendered":"https:\/\/at2e-usa.com\/product\/ls-1-medidor-de-altura-para-domos-de-botellas-de-vidrio\/"},"modified":"2024-10-12T07:16:50","modified_gmt":"2024-10-12T12:16:50","slug":"ls-1-medidor-de-altura-para-domos-de-botellas-de-vidrio","status":"publish","type":"product","link":"https:\/\/at2e-usa.com\/es\/producto\/ls-1-medidor-de-altura-para-domos-de-botellas-de-vidrio\/","title":{"rendered":"LS-1 &#8211; Medidor De Altura Para Domos De Botellas De Vidrio"},"content":{"rendered":"<p><strong><u>Caracter\u00edsticas:<\/u><\/strong><\/p>\n<ul>\n<li>Aluminio, dise\u00f1o impermeable.<\/li>\n<li>Iluminaci\u00f3n LED<\/li>\n<li>Graduaci\u00f3n para medir<\/li>\n<li>Bot\u00f3n de encendido y apagado<\/li>\n<\/ul>\n<p><strong><u>Especificaciones te\u0301cnicas:<\/u><\/strong><\/p>\n<ul>\n<li>Alimentaci\u00f3n: 230V\/50 Hz (otros por pedido)<\/li>\n<li>Capacidad de muestra: \u00f889 mm<\/li>\n<li>Tama\u00f1o total: \u00f8110\u00d7175 mm<\/li>\n<\/ul>\n","protected":false},"excerpt":{"rendered":"<p><strong>Ideal para revisar la altura del domo en botellas de vidrio<\/strong><\/p>\n","protected":false},"featured_media":4078,"comment_status":"closed","ping_status":"closed","template":"","meta":[],"product_brand":[],"product_cat":[69,66],"product_tag":[],"class_list":{"0":"post-3254","1":"product","2":"type-product","3":"status-publish","4":"has-post-thumbnail","6":"product_cat-botella-de-vidrio","7":"product_cat-dimensional-es","9":"first","10":"instock","11":"shipping-taxable","12":"product-type-simple"},"_links":{"self":[{"href":"https:\/\/at2e-usa.com\/es\/wp-json\/wp\/v2\/product\/3254","targetHints":{"allow":["GET"]}}],"collection":[{"href":"https:\/\/at2e-usa.com\/es\/wp-json\/wp\/v2\/product"}],"about":[{"href":"https:\/\/at2e-usa.com\/es\/wp-json\/wp\/v2\/types\/product"}],"replies":[{"embeddable":true,"href":"https:\/\/at2e-usa.com\/es\/wp-json\/wp\/v2\/comments?post=3254"}],"version-history":[{"count":1,"href":"https:\/\/at2e-usa.com\/es\/wp-json\/wp\/v2\/product\/3254\/revisions"}],"predecessor-version":[{"id":10064,"href":"https:\/\/at2e-usa.com\/es\/wp-json\/wp\/v2\/product\/3254\/revisions\/10064"}],"wp:featuredmedia":[{"embeddable":true,"href":"https:\/\/at2e-usa.com\/es\/wp-json\/wp\/v2\/media\/4078"}],"wp:attachment":[{"href":"https:\/\/at2e-usa.com\/es\/wp-json\/wp\/v2\/media?parent=3254"}],"wp:term":[{"taxonomy":"product_brand","embeddable":true,"href":"https:\/\/at2e-usa.com\/es\/wp-json\/wp\/v2\/product_brand?post=3254"},{"taxonomy":"product_cat","embeddable":true,"href":"https:\/\/at2e-usa.com\/es\/wp-json\/wp\/v2\/product_cat?post=3254"},{"taxonomy":"product_tag","embeddable":true,"href":"https:\/\/at2e-usa.com\/es\/wp-json\/wp\/v2\/product_tag?post=3254"}],"curies":[{"name":"wp","href":"https:\/\/api.w.org\/{rel}","templated":true}]}}